{"id":480,"date":"2024-12-09T09:36:11","date_gmt":"2024-12-09T09:36:11","guid":{"rendered":"https:\/\/www.linkceramics.com\/?post_type=product&#038;p=480"},"modified":"2024-12-09T09:36:12","modified_gmt":"2024-12-09T09:36:12","slug":"wholesale-modern-ceramic-vases","status":"publish","type":"product","link":"https:\/\/www.linkceramics.com\/fr\/product\/wholesale-modern-ceramic-vases\/","title":{"rendered":"Wholesale Modern Ceramic Vases Minimalist Design Perfect Ceramic Home Decor"},"content":{"rendered":"<h3 class=\"wp-block-heading\">Param\u00e8tres du vase moderne en c\u00e9ramique<\/h3>\n\n\n\n<figure class=\"wp-block-table\"><table class=\"has-fixed-layout\"><tbody><tr><td>Mod\u00e8le<\/td><td>Nom du produit<\/td><td>Couleur<\/td><td>Mat\u00e9riau<\/td><td>Utilisations<\/td><td>Dimensions<\/td><td>Poids<\/td><\/tr><tr><td>A35935-LC21-A01<\/td><td>Vase \u00e0 fleurs en c\u00e9ramique<\/td><td>vert<\/td><td>C\u00e9ramique<\/td><td>d\u00e9coration int\u00e9rieure, salon<\/td><td>D:18X32<\/td><td>1,7kg\/pc<\/td><\/tr><tr><td>A30522-MX68-A03<\/td><td>Vase \u00e0 fleurs en c\u00e9ramique<\/td><td>Bleu et blanc<\/td><td>C\u00e9ramique<\/td><td>d\u00e9coration int\u00e9rieure, salon<\/td><td>D:8X16.5<\/td><td>0,38kg\/pc<\/td><\/tr><\/tbody><\/table><\/figure>\n\n\n\n<div class=\"wp-block-columns is-layout-flex wp-container-core-columns-is-layout-9d6595d7 wp-block-columns-is-layout-flex\">\n<div class=\"wp-block-column is-layout-flow wp-block-column-is-layout-flow\">\n<figure class=\"wp-block-image size-full\"><img decoding=\"async\" width=\"554\" height=\"554\" src=\"https:\/\/www.linkceramics.com\/wp-content\/uploads\/2024\/11\/wholesale-modern-ceramic-vases.webp\" alt=\"Vases en c\u00e9ramique modernes en gros\" class=\"wp-image-481\" srcset=\"https:\/\/www.linkceramics.com\/wp-content\/uploads\/2024\/11\/wholesale-modern-ceramic-vases.webp 554w, https:\/\/www.linkceramics.com\/wp-content\/uploads\/2024\/11\/wholesale-modern-ceramic-vases-300x300.webp 300w, https:\/\/www.linkceramics.com\/wp-content\/uploads\/2024\/11\/wholesale-modern-ceramic-vases-150x150.webp 150w, https:\/\/www.linkceramics.com\/wp-content\/uploads\/2024\/11\/wholesale-modern-ceramic-vases-100x100.webp 100w\" sizes=\"(max-width: 554px) 100vw, 554px\" \/><\/figure>\n<\/div>\n\n\n\n<div class=\"wp-block-column is-layout-flow wp-block-column-is-layout-flow\">\n<figure class=\"wp-block-image size-full\"><img decoding=\"async\" width=\"554\" height=\"554\" src=\"https:\/\/www.linkceramics.com\/wp-content\/uploads\/2024\/11\/wholesale-modern-ceramic-vases-2-2.webp\" alt=\"Vases en c\u00e9ramique modernes en gros-2-2\" class=\"wp-image-483\" srcset=\"https:\/\/www.linkceramics.com\/wp-content\/uploads\/2024\/11\/wholesale-modern-ceramic-vases-2-2.webp 554w, https:\/\/www.linkceramics.com\/wp-content\/uploads\/2024\/11\/wholesale-modern-ceramic-vases-2-2-300x300.webp 300w, https:\/\/www.linkceramics.com\/wp-content\/uploads\/2024\/11\/wholesale-modern-ceramic-vases-2-2-150x150.webp 150w, https:\/\/www.linkceramics.com\/wp-content\/uploads\/2024\/11\/wholesale-modern-ceramic-vases-2-2-100x100.webp 100w\" sizes=\"(max-width: 554px) 100vw, 554px\" \/><\/figure>\n<\/div>\n<\/div>","protected":false},"excerpt":{"rendered":"<div id=\"brxe-raacbk\" class=\"brxe-product-meta product_meta\"><span class=\"item\"><span class=\"prefix\">Tags :\u00a0<\/span><span class=\"text\"><a href=\"https:\/\/www.santai-ceramics.com\/product-tag\/ceramice-decor\/\">D\u00e9coration en c\u00e9ramique<\/a>,\u00a0<a href=\"https:\/\/www.santai-ceramics.com\/product-tag\/ceramic-vase\/\">Vase en c\u00e9ramique<\/a><\/span><\/span><\/div>\n<div id=\"brxe-wvqoix\" class=\"brxe-product-short-description brxe-text-basic\">\n<div class=\"woocommerce-product-details__short-description\">Vente en gros de vases modernes en c\u00e9ramique. Ce vase a des lignes simples et lisses, la surface est faite de gla\u00e7ure de haute qualit\u00e9, la texture est douce, il est \u00e0 la fois beau et pratique, adapt\u00e9 \u00e0 la maison, au bureau, \u00e0 l'h\u00f4tel et \u00e0 d'autres sc\u00e8nes. Le fabricant SANTAI vous fournit des solutions de vase en gros et personnalis\u00e9es. Bienvenue aux acheteurs B2B, h\u00f4tels \u00e0 nous contacter pour l'approvisionnement.<\/p>\n<h2>Caract\u00e9ristiques du vase moderne en c\u00e9ramique<\/h2>\n<p><strong>Texture unique :<\/strong> La surface de ce vase moderne en c\u00e9ramique pr\u00e9sente une texture g\u00e9om\u00e9trique concave et convexe, qui donne une impression visuelle de superposition.<br \/><strong>Fusion de textures et de couleurs :<\/strong> La gla\u00e7ure principale blanche est assortie d'ornements bleu clair, ce qui rend l'ensemble du vase frais et naturel, comme si la couleur de la gla\u00e7ure artisanale changeait l\u00e9g\u00e8rement, soulignant ainsi le charme unique des produits faits \u00e0 la main.<br \/><strong>Ameublement multifonctionnel :<\/strong> Le design combin\u00e9 comprend des vases hauts et deux vases bas, qui peuvent \u00eatre utilis\u00e9s pour des compositions florales, des ornements ou des pr\u00e9sentations s\u00e9par\u00e9es, offrant ainsi plus d'options d\u00e9coratives \u00e0 l'espace.<br \/><strong>Mat\u00e9riaux respectueux de l'environnement :<\/strong> L'utilisation de mat\u00e9riaux c\u00e9ramiques cuits \u00e0 haute temp\u00e9rature, la protection naturelle de l'environnement et l'absence de substances nocives garantissent que le produit est non seulement beau, mais aussi conforme aux concepts modernes de protection de l'environnement.<br \/><strong>Prise en charge des vases personnalis\u00e9s OEM et ODM :<\/strong> Nous fournissons une assistance compl\u00e8te OEM et ODM pour vous aider \u00e0 personnaliser des vases uniques, depuis la s\u00e9lection des mat\u00e9riaux jusqu'\u00e0 la production finale, afin de r\u00e9aliser pleinement votre concept de design.<\/div>\n<\/div>","protected":false},"featured_media":482,"comment_status":"open","ping_status":"closed","template":"","meta":{"_acf_changed":true},"certification":[63,64,66,65,61,60,62],"product_brand":[],"product_cat":[37,17],"product_tag":[],"class_list":{"0":"post-480","1":"product","2":"type-product","3":"status-publish","4":"has-post-thumbnail","6":"certification-amfori","7":"certification-bsci","8":"certification-cnas","9":"certification-iaf","10":"certification-iso-14001","11":"certification-iso-45001","12":"certification-iso-9001","13":"product_cat-decorative-ceramic-wholesale","14":"product_cat-ceramic-vases-wholesale","16":"first","17":"instock","18":"shipping-taxable","19":"product-type-simple"},"acf":[],"_links":{"self":[{"href":"https:\/\/www.linkceramics.com\/fr\/wp-json\/wp\/v2\/product\/480","targetHints":{"allow":["GET"]}}],"collection":[{"href":"https:\/\/www.linkceramics.com\/fr\/wp-json\/wp\/v2\/product"}],"about":[{"href":"https:\/\/www.linkceramics.com\/fr\/wp-json\/wp\/v2\/types\/product"}],"replies":[{"embeddable":true,"href":"https:\/\/www.linkceramics.com\/fr\/wp-json\/wp\/v2\/comments?post=480"}],"wp:featuredmedia":[{"embeddable":true,"href":"https:\/\/www.linkceramics.com\/fr\/wp-json\/wp\/v2\/media\/482"}],"wp:attachment":[{"href":"https:\/\/www.linkceramics.com\/fr\/wp-json\/wp\/v2\/media?parent=480"}],"wp:term":[{"taxonomy":"certification","embeddable":true,"href":"https:\/\/www.linkceramics.com\/fr\/wp-json\/wp\/v2\/certification?post=480"},{"taxonomy":"product_brand","embeddable":true,"href":"https:\/\/www.linkceramics.com\/fr\/wp-json\/wp\/v2\/product_brand?post=480"},{"taxonomy":"product_cat","embeddable":true,"href":"https:\/\/www.linkceramics.com\/fr\/wp-json\/wp\/v2\/product_cat?post=480"},{"taxonomy":"product_tag","embeddable":true,"href":"https:\/\/www.linkceramics.com\/fr\/wp-json\/wp\/v2\/product_tag?post=480"}],"curies":[{"name":"wp","href":"https:\/\/api.w.org\/{rel}","templated":true}]}}