{"id":505,"date":"2024-12-06T01:31:37","date_gmt":"2024-12-06T01:31:37","guid":{"rendered":"https:\/\/www.linkceramics.com\/?post_type=product&#038;p=505"},"modified":"2026-01-23T03:56:53","modified_gmt":"2026-01-23T03:56:53","slug":"bulk-decorative-antique-candlesticks","status":"publish","type":"product","link":"https:\/\/www.linkceramics.com\/fr\/product\/bulk-decorative-antique-candlesticks\/","title":{"rendered":"Chandeliers d\u00e9coratifs antiques en vrac pour la maison, la d\u00e9coration d'\u00e9v\u00e9nements"},"content":{"rendered":"<h3 class=\"wp-block-heading\">Param\u00e8tres du chandelier d\u00e9coratif ancien<\/h3>\n\n\n\n<figure class=\"wp-block-table\"><table class=\"has-fixed-layout\"><tbody><tr><td>Mod\u00e8le<\/td><td>Nom du produit<\/td><td>Couleur<\/td><td>Mat\u00e9riau<\/td><td>Utilisations<\/td><td>Dimensions<\/td><td>Poids<\/td><\/tr><tr><td>E37581-H911-A01<\/td><td>Chandelier antique d\u00e9coratif<\/td><td>Pourpre fonc\u00e9 antique<\/td><td>R\u00e9sine<\/td><td>d\u00e9coration int\u00e9rieure, salon<\/td><td>D:11X34.5cm<\/td><td>0,8kg\/PC<\/td><\/tr><\/tbody><\/table><\/figure>\n\n\n\n<div class=\"wp-block-columns is-layout-flex wp-container-core-columns-is-layout-9d6595d7 wp-block-columns-is-layout-flex\">\n<div class=\"wp-block-column is-layout-flow wp-block-column-is-layout-flow\">\n<figure class=\"wp-block-image size-full\"><img decoding=\"async\" width=\"768\" height=\"639\" src=\"https:\/\/www.linkceramics.com\/wp-content\/uploads\/2024\/11\/Bulk-Decorative-Antique-Candlesticks-3-768x639.jpg.webp\" alt=\"Bulk-Decorative-Antique-Candlesticks-3-768x639.jpg\" class=\"wp-image-507\" srcset=\"https:\/\/www.linkceramics.com\/wp-content\/uploads\/2024\/11\/Bulk-Decorative-Antique-Candlesticks-3-768x639.jpg.webp 768w, https:\/\/www.linkceramics.com\/wp-content\/uploads\/2024\/11\/Bulk-Decorative-Antique-Candlesticks-3-768x639.jpg-300x250.webp 300w, https:\/\/www.linkceramics.com\/wp-content\/uploads\/2024\/11\/Bulk-Decorative-Antique-Candlesticks-3-768x639.jpg-600x499.webp 600w\" sizes=\"(max-width: 768px) 100vw, 768px\" \/><\/figure>\n<\/div>\n\n\n\n<div class=\"wp-block-column is-layout-flow wp-block-column-is-layout-flow\">\n<figure class=\"wp-block-image size-full\"><img decoding=\"async\" width=\"1500\" height=\"1250\" src=\"https:\/\/www.linkceramics.com\/wp-content\/uploads\/2024\/11\/Bulk-Decorative-Antique-Candlesticks-1.jpg.webp\" alt=\"Chandeliers D\u00e9coratifs-Antiques en Vrac-1.jpg\" class=\"wp-image-506\" srcset=\"https:\/\/www.linkceramics.com\/wp-content\/uploads\/2024\/11\/Bulk-Decorative-Antique-Candlesticks-1.jpg.webp 1500w, https:\/\/www.linkceramics.com\/wp-content\/uploads\/2024\/11\/Bulk-Decorative-Antique-Candlesticks-1.jpg-300x250.webp 300w, https:\/\/www.linkceramics.com\/wp-content\/uploads\/2024\/11\/Bulk-Decorative-Antique-Candlesticks-1.jpg-768x640.webp 768w, https:\/\/www.linkceramics.com\/wp-content\/uploads\/2024\/11\/Bulk-Decorative-Antique-Candlesticks-1.jpg-1200x1000.webp 1200w, https:\/\/www.linkceramics.com\/wp-content\/uploads\/2024\/11\/Bulk-Decorative-Antique-Candlesticks-1.jpg-600x500.webp 600w\" sizes=\"(max-width: 1500px) 100vw, 1500px\" \/><\/figure>\n<\/div>\n<\/div>","protected":false},"excerpt":{"rendered":"<div id=\"brxe-wvqoix\" class=\"brxe-product-short-description brxe-text-basic\">\n<div class=\"woocommerce-product-details__short-description\">\n<p data-pm-slice=\"0 0 []\">Nous vous invitons \u00e0 nous contacter pour obtenir un devis pour nos chandeliers d\u00e9coratifs antiques en vrac, qui sont fabriqu\u00e9s en r\u00e9sine de haute qualit\u00e9 et durable, combin\u00e9s avec un design vintage exquis, ajoutant un charme classique \u00e0 la d\u00e9coration de la maison et de l'\u00e9v\u00e9nement. SANTAI Pottery, fabricant de d\u00e9corations pour la maison, fournit des solutions professionnelles personnalis\u00e9es et en gros pour les chandeliers.<\/p>\n<h2>Caract\u00e9ristiques du chandelier d\u00e9coratif antique<\/h2>\n<p><strong>Design en forme de feuille :<\/strong> Le design abstrait en forme de feuille est le mod\u00e8le de pr\u00e9sentation qu'il adopte. Cette forme g\u00e9n\u00e9rale du bougeoir d\u00e9coratif est pleine de sens artistique, ajoutant une atmosph\u00e8re naturelle et personnalis\u00e9e \u00e0 une pi\u00e8ce. Il peut \u00eatre utilis\u00e9 dans une pi\u00e8ce de style moderne ou r\u00e9tro.<br \/><strong>Mat\u00e9riau de haute qualit\u00e9 et durable :<\/strong> Le chandelier d\u00e9coratif est fabriqu\u00e9 en r\u00e9sine avec une structure solide. Sa surface lisse est facile \u00e0 nettoyer et \u00e0 entretenir.<br \/><strong>Processus d'\u00e9b\u00e9nisterie antique :<\/strong> Gr\u00e2ce \u00e0 l'utilisation d'un traitement de d\u00e9tresse fin, ces chandeliers d\u00e9coratifs antiques en vrac pr\u00e9sentent une texture m\u00e9tallique naturellement us\u00e9e, comme si elle avait \u00e9t\u00e9 pr\u00e9cipit\u00e9e par le temps. Ils pr\u00e9sentent un charme r\u00e9tro fort, adapt\u00e9 aux utilisateurs qui aiment le style classique.<br \/><strong>L\u00e9ger :<\/strong> Le bougeoir d\u00e9coratif est l\u00e9ger ; il est facile \u00e0 d\u00e9placer et \u00e0 poser. Qu'il soit plac\u00e9 sur une table \u00e0 manger, une chemin\u00e9e ou une \u00e9tag\u00e8re, ou qu'il soit plac\u00e9 \u00e0 l'ext\u00e9rieur dans des situations sp\u00e9ciales comme les mariages, il peut ajouter un style et une atmosph\u00e8re uniques.<br \/><strong>Service de vente en gros :<\/strong> Nous fournissons des services de vente en gros de chandeliers aux acheteurs B2B \u00e0 des prix \u00e9lev\u00e9s pour vous aider \u00e0 vous d\u00e9marquer sur le march\u00e9.<\/div>\n<\/div>","protected":false},"featured_media":506,"comment_status":"open","ping_status":"closed","template":"","meta":{"_acf_changed":false},"certification":[63,64,66,65,61,60,62],"product_brand":[],"product_cat":[37,17],"product_tag":[],"class_list":{"0":"post-505","1":"product","2":"type-product","3":"status-publish","4":"has-post-thumbnail","6":"certification-amfori","7":"certification-bsci","8":"certification-cnas","9":"certification-iaf","10":"certification-iso-14001","11":"certification-iso-45001","12":"certification-iso-9001","13":"product_cat-decorative-ceramic-wholesale","14":"product_cat-ceramic-vases-wholesale","16":"first","17":"instock","18":"shipping-taxable","19":"product-type-simple"},"acf":[],"_links":{"self":[{"href":"https:\/\/www.linkceramics.com\/fr\/wp-json\/wp\/v2\/product\/505","targetHints":{"allow":["GET"]}}],"collection":[{"href":"https:\/\/www.linkceramics.com\/fr\/wp-json\/wp\/v2\/product"}],"about":[{"href":"https:\/\/www.linkceramics.com\/fr\/wp-json\/wp\/v2\/types\/product"}],"replies":[{"embeddable":true,"href":"https:\/\/www.linkceramics.com\/fr\/wp-json\/wp\/v2\/comments?post=505"}],"wp:featuredmedia":[{"embeddable":true,"href":"https:\/\/www.linkceramics.com\/fr\/wp-json\/wp\/v2\/media\/506"}],"wp:attachment":[{"href":"https:\/\/www.linkceramics.com\/fr\/wp-json\/wp\/v2\/media?parent=505"}],"wp:term":[{"taxonomy":"certification","embeddable":true,"href":"https:\/\/www.linkceramics.com\/fr\/wp-json\/wp\/v2\/certification?post=505"},{"taxonomy":"product_brand","embeddable":true,"href":"https:\/\/www.linkceramics.com\/fr\/wp-json\/wp\/v2\/product_brand?post=505"},{"taxonomy":"product_cat","embeddable":true,"href":"https:\/\/www.linkceramics.com\/fr\/wp-json\/wp\/v2\/product_cat?post=505"},{"taxonomy":"product_tag","embeddable":true,"href":"https:\/\/www.linkceramics.com\/fr\/wp-json\/wp\/v2\/product_tag?post=505"}],"curies":[{"name":"wp","href":"https:\/\/api.w.org\/{rel}","templated":true}]}}