{"id":509,"date":"2024-12-06T01:23:27","date_gmt":"2024-12-06T01:23:27","guid":{"rendered":"https:\/\/www.linkceramics.com\/?post_type=product&#038;p=509"},"modified":"2024-12-06T01:23:28","modified_gmt":"2024-12-06T01:23:28","slug":"wholesale-small-sculpture","status":"publish","type":"product","link":"https:\/\/www.linkceramics.com\/fr\/product\/wholesale-small-sculpture\/","title":{"rendered":"Grossiste Petites Sculptures pour la D\u00e9coration de la Maison : Cr\u00e9ations Artistiques Uniques"},"content":{"rendered":"<h3 class=\"wp-block-heading\">Param\u00e8tres de la d\u00e9coration int\u00e9rieure Petite sculpture<\/h3>\n\n\n\n<figure class=\"wp-block-table\"><table class=\"has-fixed-layout\"><tbody><tr><td>Mod\u00e8le<\/td><td>Nom du produit<\/td><td>Couleur<\/td><td>Mat\u00e9riau<\/td><td>Utilisations<\/td><td>Dimensions<\/td><td>Poids<\/td><\/tr><tr><td>E37133-H851-A01<\/td><td>Sculpture en r\u00e9sine - Homme debout<\/td><td>Marron antique&nbsp;<\/td><td>R\u00e9sine<\/td><td>d\u00e9coration int\u00e9rieure, salon<\/td><td>13X11.5X25.5cm<\/td><td>1kg\/PC<\/td><\/tr><tr><td>E37134-H851-A01<\/td><td>Sculpture en r\u00e9sine - Homme assis<\/td><td>Marron antique&nbsp;<\/td><td>R\u00e9sine<\/td><td>d\u00e9coration int\u00e9rieure, salon<\/td><td>12.5X9X17.5cm<\/td><td>0,7kg\/PC<\/td><\/tr><\/tbody><\/table><\/figure>\n\n\n\n<div class=\"wp-block-columns is-layout-flex wp-container-core-columns-is-layout-9d6595d7 wp-block-columns-is-layout-flex\">\n<div class=\"wp-block-column is-layout-flow wp-block-column-is-layout-flow\">\n<figure class=\"wp-block-image size-full\"><img decoding=\"async\" width=\"768\" height=\"639\" src=\"https:\/\/www.linkceramics.com\/wp-content\/uploads\/2024\/11\/Wholesale-Resin-Figurines-1-768x639.jpg.webp\" alt=\"Grossiste-R\u00e9sine-Figurines-1-768x639.jpg\" class=\"wp-image-515\" srcset=\"https:\/\/www.linkceramics.com\/wp-content\/uploads\/2024\/11\/Wholesale-Resin-Figurines-1-768x639.jpg.webp 768w, https:\/\/www.linkceramics.com\/wp-content\/uploads\/2024\/11\/Wholesale-Resin-Figurines-1-768x639.jpg-300x250.webp 300w, https:\/\/www.linkceramics.com\/wp-content\/uploads\/2024\/11\/Wholesale-Resin-Figurines-1-768x639.jpg-600x499.webp 600w\" sizes=\"(max-width: 768px) 100vw, 768px\" \/><\/figure>\n<\/div>\n\n\n\n<div class=\"wp-block-column is-layout-flow wp-block-column-is-layout-flow\">\n<figure class=\"wp-block-image size-full\"><img decoding=\"async\" width=\"768\" height=\"640\" src=\"https:\/\/www.linkceramics.com\/wp-content\/uploads\/2024\/11\/Wholesale-Resin-Figurines-2-768x640.jpg.webp\" alt=\"Grossiste-R\u00e9sine-Figurines-2-768x640.jpg\" class=\"wp-image-516\" srcset=\"https:\/\/www.linkceramics.com\/wp-content\/uploads\/2024\/11\/Wholesale-Resin-Figurines-2-768x640.jpg.webp 768w, https:\/\/www.linkceramics.com\/wp-content\/uploads\/2024\/11\/Wholesale-Resin-Figurines-2-768x640.jpg-300x250.webp 300w, https:\/\/www.linkceramics.com\/wp-content\/uploads\/2024\/11\/Wholesale-Resin-Figurines-2-768x640.jpg-600x500.webp 600w\" sizes=\"(max-width: 768px) 100vw, 768px\" \/><\/figure>\n<\/div>\n<\/div>","protected":false},"excerpt":{"rendered":"<div id=\"brxe-raacbk\" class=\"brxe-product-meta product_meta\"><span class=\"item\"><span class=\"prefix\">Tags :\u00a0<\/span><span class=\"text\"><a href=\"https:\/\/www.santai-ceramics.com\/product-tag\/resin-animal-figurines\/\">Figurines animales en r\u00e9sine<\/a><\/span><\/span><\/div>\n<div id=\"brxe-wvqoix\" class=\"brxe-product-short-description brxe-text-basic\">\n<div class=\"woocommerce-product-details__short-description\">\n<p data-pm-slice=\"0 0 []\">Nous fournissons des sculptures en gros pour une d\u00e9coration exquise de la maison. Cette sculpture cr\u00e9ative ajoutera un charme artistique et personnel \u00e0 votre espace. Elle convient aux chambres \u00e0 coucher, aux bureaux, \u00e0 la biblioth\u00e8que et \u00e0 d'autres espaces d\u00e9coratifs. Elle est fabriqu\u00e9e en r\u00e9sine de haute qualit\u00e9 pour assurer sa durabilit\u00e9 et sa long\u00e9vit\u00e9 tout en conservant un aspect et une sensation d\u00e9licats. N'h\u00e9sitez pas \u00e0 nous contacter pour les commandes en gros.<\/p>\n<h2>Caract\u00e9ristiques de la petite sculpture Home Decor<\/h2>\n<p><strong>Beaut\u00e9 artistique :<\/strong> Le c\u00f4t\u00e9 gauche est une figurine de forme humaine assise, et le c\u00f4t\u00e9 droit est une figurine de forme humaine debout. Les deux sont diff\u00e9rentes et peuvent former une image harmonieuse et magnifique gr\u00e2ce \u00e0 un assortiment raisonnable. Les tons clairs et la texture d\u00e9licate de la petite sculpture la rendent plus ornementale et d\u00e9corative.<br \/><strong>Fonction pratique :<\/strong> La sculpture en gros n'est pas seulement d\u00e9corative, elle a aussi des fonctions pratiques. Elles emp\u00eachent efficacement les livres de glisser ou de s'\u00e9taler, ce qui permet de garder le bureau bien rang\u00e9.<br \/><strong>Forte durabilit\u00e9 :<\/strong> Ces sculptures en gros sont fabriqu\u00e9es en r\u00e9sine de haute qualit\u00e9, avec une bonne durabilit\u00e9 et une bonne r\u00e9sistance \u00e0 l'usure. En m\u00eame temps, le nettoyage et l'entretien de cette sculpture sont tr\u00e8s pratiques, il suffit de l'essuyer avec un chiffon humide.<br \/><strong>Personnalisation :<\/strong> En tant que fabricant professionnel de statues de d\u00e9coration int\u00e9rieure, nous comprenons l'importance des diff\u00e9rentes formes et couleurs de sculptures pour les diff\u00e9rents utilisateurs. Nous comprenons l'importance des diff\u00e9rentes formes et couleurs de sculptures pour les diff\u00e9rents utilisateurs. Nous offrons des solutions de sculpture sur mesure pour les clients, contactez-nous pour des solutions.<br \/><strong>Service de vente en gros de sculptures :<\/strong> Nous fournissons un service professionnel de sculpture d\u00e9corative en gros pour les acheteurs B2B, les h\u00f4tels et les grossistes, couvrant la conception professionnelle, l'\u00e9chantillon rapide, la production et la livraison, contactez-nous pour obtenir un prix comp\u00e9titif.<\/div>\n<\/div>","protected":false},"featured_media":514,"comment_status":"open","ping_status":"closed","template":"","meta":{"_acf_changed":true},"certification":[63,64,66,65,61,60,62],"product_brand":[],"product_cat":[37,38],"product_tag":[],"class_list":{"0":"post-509","1":"product","2":"type-product","3":"status-publish","4":"has-post-thumbnail","6":"certification-amfori","7":"certification-bsci","8":"certification-cnas","9":"certification-iaf","10":"certification-iso-14001","11":"certification-iso-45001","12":"certification-iso-9001","13":"product_cat-decorative-ceramic-wholesale","14":"product_cat-custom-ceramic-ornament","16":"first","17":"instock","18":"shipping-taxable","19":"product-type-simple"},"acf":[],"_links":{"self":[{"href":"https:\/\/www.linkceramics.com\/fr\/wp-json\/wp\/v2\/product\/509","targetHints":{"allow":["GET"]}}],"collection":[{"href":"https:\/\/www.linkceramics.com\/fr\/wp-json\/wp\/v2\/product"}],"about":[{"href":"https:\/\/www.linkceramics.com\/fr\/wp-json\/wp\/v2\/types\/product"}],"replies":[{"embeddable":true,"href":"https:\/\/www.linkceramics.com\/fr\/wp-json\/wp\/v2\/comments?post=509"}],"wp:featuredmedia":[{"embeddable":true,"href":"https:\/\/www.linkceramics.com\/fr\/wp-json\/wp\/v2\/media\/514"}],"wp:attachment":[{"href":"https:\/\/www.linkceramics.com\/fr\/wp-json\/wp\/v2\/media?parent=509"}],"wp:term":[{"taxonomy":"certification","embeddable":true,"href":"https:\/\/www.linkceramics.com\/fr\/wp-json\/wp\/v2\/certification?post=509"},{"taxonomy":"product_brand","embeddable":true,"href":"https:\/\/www.linkceramics.com\/fr\/wp-json\/wp\/v2\/product_brand?post=509"},{"taxonomy":"product_cat","embeddable":true,"href":"https:\/\/www.linkceramics.com\/fr\/wp-json\/wp\/v2\/product_cat?post=509"},{"taxonomy":"product_tag","embeddable":true,"href":"https:\/\/www.linkceramics.com\/fr\/wp-json\/wp\/v2\/product_tag?post=509"}],"curies":[{"name":"wp","href":"https:\/\/api.w.org\/{rel}","templated":true}]}}