{"id":517,"date":"2024-12-05T10:20:18","date_gmt":"2024-12-05T10:20:18","guid":{"rendered":"https:\/\/www.linkceramics.com\/?post_type=product&#038;p=517"},"modified":"2025-09-13T08:41:36","modified_gmt":"2025-09-13T08:41:36","slug":"wholesale-ceramic-owl","status":"publish","type":"product","link":"https:\/\/www.linkceramics.com\/fr\/product\/wholesale-ceramic-owl\/","title":{"rendered":"Wholesale Ceramic Owls For Home Decor, Cute Ceramic Animal Figurines For Sale"},"content":{"rendered":"<h3 class=\"wp-block-heading\">Param\u00e8tres du hibou en c\u00e9ramique<\/h3>\n\n\n\n<figure class=\"wp-block-table\"><table class=\"has-fixed-layout\"><tbody><tr><td>Mod\u00e8le<\/td><td>Nom du produit<\/td><td>Couleur<\/td><td>Mat\u00e9riau<\/td><td>Utilisations<\/td><td>Dimensions<\/td><td>Poids<\/td><\/tr><tr><td>A37467-LC24-A01<\/td><td>Figurine hibou en c\u00e9ramique<\/td><td>Blanc et vert<\/td><td>C\u00e9ramique<\/td><td>d\u00e9coration int\u00e9rieure, salon<\/td><td>16X16X16.5cm<\/td><td>0,8kg\/PC<\/td><\/tr><tr><td>A37468-LC24-A01<\/td><td>Figurine hibou en c\u00e9ramique<\/td><td>Blanc et vert<\/td><td>C\u00e9ramique<\/td><td>d\u00e9coration int\u00e9rieure, salon<\/td><td>13X13X13.5cm<\/td><td>0,5\/PC<\/td><\/tr><\/tbody><\/table><\/figure>\n\n\n\n<div class=\"wp-block-columns is-layout-flex wp-container-core-columns-is-layout-9d6595d7 wp-block-columns-is-layout-flex\">\n<div class=\"wp-block-column is-layout-flow wp-block-column-is-layout-flow\">\n<figure class=\"wp-block-image size-full\"><img decoding=\"async\" width=\"768\" height=\"640\" src=\"https:\/\/www.linkceramics.com\/wp-content\/uploads\/2024\/11\/Wholesale-Ceramic-Owls-2-768x640.jpg.webp\" alt=\"Wholesale-Ceramic-Owls-2-768x640.jpg\" class=\"wp-image-523\" srcset=\"https:\/\/www.linkceramics.com\/wp-content\/uploads\/2024\/11\/Wholesale-Ceramic-Owls-2-768x640.jpg.webp 768w, https:\/\/www.linkceramics.com\/wp-content\/uploads\/2024\/11\/Wholesale-Ceramic-Owls-2-768x640.jpg-300x250.webp 300w, https:\/\/www.linkceramics.com\/wp-content\/uploads\/2024\/11\/Wholesale-Ceramic-Owls-2-768x640.jpg-600x500.webp 600w\" sizes=\"(max-width: 768px) 100vw, 768px\" \/><\/figure>\n<\/div>\n\n\n\n<div class=\"wp-block-column is-layout-flow wp-block-column-is-layout-flow\">\n<figure class=\"wp-block-image size-full\"><img decoding=\"async\" width=\"768\" height=\"639\" src=\"https:\/\/www.linkceramics.com\/wp-content\/uploads\/2024\/11\/Ceramic-Owl-Statue-Display-1-768x639.jpg.webp\" alt=\"Ceramic-Owl-Statue-Display-1-768x639.jpg\" class=\"wp-image-518\" srcset=\"https:\/\/www.linkceramics.com\/wp-content\/uploads\/2024\/11\/Ceramic-Owl-Statue-Display-1-768x639.jpg.webp 768w, https:\/\/www.linkceramics.com\/wp-content\/uploads\/2024\/11\/Ceramic-Owl-Statue-Display-1-768x639.jpg-300x250.webp 300w, https:\/\/www.linkceramics.com\/wp-content\/uploads\/2024\/11\/Ceramic-Owl-Statue-Display-1-768x639.jpg-600x499.webp 600w\" sizes=\"(max-width: 768px) 100vw, 768px\" \/><\/figure>\n<\/div>\n<\/div>","protected":false},"excerpt":{"rendered":"<div id=\"brxe-raacbk\" class=\"brxe-product-meta product_meta\"><span class=\"item\"><span class=\"prefix\">Tags :\u00a0<\/span><span class=\"text\"><a href=\"https:\/\/www.santai-ceramics.com\/product-tag\/ceramic-animal-figurines\/\">Figurines animales en c\u00e9ramique<\/a>,\u00a0<a href=\"https:\/\/www.santai-ceramics.com\/product-tag\/ceramice-decor\/\">D\u00e9coration en c\u00e9ramique<\/a><\/span><\/span><\/div>\n<div id=\"brxe-wvqoix\" class=\"brxe-product-short-description brxe-text-basic\">\n<div class=\"woocommerce-product-details__short-description\">\n<p data-pm-slice=\"0 0 []\">La s\u00e9rie de figurines de hibou en c\u00e9ramique est id\u00e9ale pour la d\u00e9coration de la maison. Elle convient \u00e0 tous les styles et \u00e0 toutes les occasions, au caf\u00e9, \u00e0 la biblioth\u00e8que, au bureau ou \u00e0 la chambre \u00e0 coucher. Qu'elles soient plac\u00e9es seules ou combin\u00e9es \u00e0 d'autres d\u00e9corations, ces statues de hibou peuvent apporter chaleur et amusement. Fabriqu\u00e9es avec des mat\u00e9riaux de haute qualit\u00e9, une surface lisse, une excellente sensation, elles conviennent parfaitement comme cadeau. Nous vous invitons \u00e0 nous contacter, SANTAI pottery home decor manufacturer vous fournit des prix comp\u00e9titifs.<\/p>\n<h2>Caract\u00e9ristiques du hibou en c\u00e9ramique<\/h2>\n<ul>\n<li class=\"highlights-border-container\"><span class=\"highlights\" data-v-8a832c06=\"\"><strong>Jolie forme :<\/strong> L'image d'un hibou en c\u00e9ramique est populaire dans le monde entier, avec son visage mignon et son expression intelligente. La pr\u00e9cision de la sculpture refl\u00e8te parfaitement l'apparence du hibou et lui conf\u00e8re une personnalit\u00e9 particuli\u00e8re. <\/span><\/li>\n<li class=\"highlights-border-container\"><span class=\"highlights\" data-v-8a832c06=\"\"><strong>Excellente qualit\u00e9 de fabrication :<\/strong> Chaque sculpture unique de hibou en c\u00e9ramique a \u00e9t\u00e9 r\u00e9alis\u00e9e par des artisans qualifi\u00e9s. La surface lisse et les charmantes couleurs de la gla\u00e7ure se compl\u00e8tent et sont faciles \u00e0 toucher et \u00e0 appr\u00e9cier. <\/span><\/li>\n<li class=\"highlights-border-container\"><span class=\"highlights\" data-v-8a832c06=\"\"><strong>Mat\u00e9riau de qualit\u00e9 :<\/strong> Fabriqu\u00e9es en c\u00e9ramique de haute qualit\u00e9, ces figurines de hibou en c\u00e9ramique sont tr\u00e8s durables et utiles. Les mat\u00e9riaux r\u00e9sistent \u00e0 l'eau et \u00e0 l'humidit\u00e9, sont faciles \u00e0 nettoyer et sont \u00e9galement r\u00e9sistants \u00e0 l'usure pour un usage quotidien, ce qui leur permet de durer longtemps tout en restant attrayants. <\/span><\/li>\n<li class=\"highlights-border-container\"><span class=\"highlights\" data-v-8a832c06=\"\"><strong>Conception polyvalente :<\/strong> Ce hibou en c\u00e9ramique de gros pr\u00e9sente un design \u00e9l\u00e9gant, minimaliste et libre qui peut s'int\u00e9grer dans de nombreux types de d\u00e9cors diff\u00e9rents. Ils sont parfaits pour les restaurants, les caf\u00e9s, les biblioth\u00e8ques, les \u00e9tudes, etc. <\/span><\/li>\n<li class=\"highlights-border-container\"><span class=\"highlights\" data-v-8a832c06=\"\"><strong>Vente en gros et personnalisation :<\/strong> SANTAI, en tant que fabricant de poteries, propose des services de fabrication de figurines et de sculptures animales sur mesure.<\/span><\/li>\n<\/ul>\n<\/div>\n<\/div>","protected":false},"featured_media":522,"comment_status":"open","ping_status":"closed","template":"","meta":{"_acf_changed":true},"certification":[63,64,66,65,61,60,62],"product_brand":[],"product_cat":[37,38],"product_tag":[],"class_list":{"0":"post-517","1":"product","2":"type-product","3":"status-publish","4":"has-post-thumbnail","6":"certification-amfori","7":"certification-bsci","8":"certification-cnas","9":"certification-iaf","10":"certification-iso-14001","11":"certification-iso-45001","12":"certification-iso-9001","13":"product_cat-decorative-ceramic-wholesale","14":"product_cat-custom-ceramic-ornament","16":"first","17":"instock","18":"shipping-taxable","19":"product-type-simple"},"acf":[],"_links":{"self":[{"href":"https:\/\/www.linkceramics.com\/fr\/wp-json\/wp\/v2\/product\/517","targetHints":{"allow":["GET"]}}],"collection":[{"href":"https:\/\/www.linkceramics.com\/fr\/wp-json\/wp\/v2\/product"}],"about":[{"href":"https:\/\/www.linkceramics.com\/fr\/wp-json\/wp\/v2\/types\/product"}],"replies":[{"embeddable":true,"href":"https:\/\/www.linkceramics.com\/fr\/wp-json\/wp\/v2\/comments?post=517"}],"wp:featuredmedia":[{"embeddable":true,"href":"https:\/\/www.linkceramics.com\/fr\/wp-json\/wp\/v2\/media\/522"}],"wp:attachment":[{"href":"https:\/\/www.linkceramics.com\/fr\/wp-json\/wp\/v2\/media?parent=517"}],"wp:term":[{"taxonomy":"certification","embeddable":true,"href":"https:\/\/www.linkceramics.com\/fr\/wp-json\/wp\/v2\/certification?post=517"},{"taxonomy":"product_brand","embeddable":true,"href":"https:\/\/www.linkceramics.com\/fr\/wp-json\/wp\/v2\/product_brand?post=517"},{"taxonomy":"product_cat","embeddable":true,"href":"https:\/\/www.linkceramics.com\/fr\/wp-json\/wp\/v2\/product_cat?post=517"},{"taxonomy":"product_tag","embeddable":true,"href":"https:\/\/www.linkceramics.com\/fr\/wp-json\/wp\/v2\/product_tag?post=517"}],"curies":[{"name":"wp","href":"https:\/\/api.w.org\/{rel}","templated":true}]}}