{"id":524,"date":"2024-12-05T10:17:09","date_gmt":"2024-12-05T10:17:09","guid":{"rendered":"https:\/\/www.linkceramics.com\/?post_type=product&#038;p=524"},"modified":"2025-09-13T08:30:52","modified_gmt":"2025-09-13T08:30:52","slug":"wholesale-ceramic-flower-pots","status":"publish","type":"product","link":"https:\/\/www.linkceramics.com\/fr\/product\/wholesale-ceramic-flower-pots\/","title":{"rendered":"Vente en gros de pots de fleurs en c\u00e9ramique - Vente en gros de pots de fleurs d\u00e9coratifs"},"content":{"rendered":"<h3 class=\"wp-block-heading\">Param\u00e8tres du pot de fleurs en c\u00e9ramique<\/h3>\n\n\n\n<figure class=\"wp-block-table\"><table class=\"has-fixed-layout\"><tbody><tr><td>Mod\u00e8le<\/td><td>Nom du produit<\/td><td>Couleur<\/td><td>Mat\u00e9riau<\/td><td>Utilisations<\/td><td>Dimensions<\/td><td>Poids<\/td><\/tr><tr><td>A37588-H885-A01<\/td><td>Pot de fleurs unique en c\u00e9ramique beige<\/td><td>Marron clair antique<\/td><td>C\u00e9ramique<\/td><td>d\u00e9coration int\u00e9rieure, salon, jardin<\/td><td>22X21.5X29.5cm<\/td><td>2.2kg\/PC<\/td><\/tr><\/tbody><\/table><\/figure>\n\n\n\n<div class=\"wp-block-columns is-layout-flex wp-container-core-columns-is-layout-9d6595d7 wp-block-columns-is-layout-flex\">\n<div class=\"wp-block-column is-layout-flow wp-block-column-is-layout-flow\">\n<figure class=\"wp-block-image size-full\"><img decoding=\"async\" width=\"768\" height=\"640\" src=\"https:\/\/www.linkceramics.com\/wp-content\/uploads\/2024\/11\/Wholesale-Decorative-Beige-Ceramic-Low-Flower-Pots-3-768x640.jpg.webp\" alt=\"Wholesale-Decorative-Beige-Ceramic-Low-Flower-Pots-3-768x640.jpg\" class=\"wp-image-526\" srcset=\"https:\/\/www.linkceramics.com\/wp-content\/uploads\/2024\/11\/Wholesale-Decorative-Beige-Ceramic-Low-Flower-Pots-3-768x640.jpg.webp 768w, https:\/\/www.linkceramics.com\/wp-content\/uploads\/2024\/11\/Wholesale-Decorative-Beige-Ceramic-Low-Flower-Pots-3-768x640.jpg-300x250.webp 300w, https:\/\/www.linkceramics.com\/wp-content\/uploads\/2024\/11\/Wholesale-Decorative-Beige-Ceramic-Low-Flower-Pots-3-768x640.jpg-600x500.webp 600w\" sizes=\"(max-width: 768px) 100vw, 768px\" \/><\/figure>\n<\/div>\n\n\n\n<div class=\"wp-block-column is-layout-flow wp-block-column-is-layout-flow\">\n<figure class=\"wp-block-image size-full\"><img decoding=\"async\" width=\"1300\" height=\"1083\" src=\"https:\/\/www.linkceramics.com\/wp-content\/uploads\/2024\/11\/Wholesale-Decorative-Beige-Ceramic-Low-Flower-Pots-2.jpg.webp\" alt=\"Wholesale-Decorative-Beige-Ceramic-Low-Flower-Pots-2.jpg\" class=\"wp-image-525\" srcset=\"https:\/\/www.linkceramics.com\/wp-content\/uploads\/2024\/11\/Wholesale-Decorative-Beige-Ceramic-Low-Flower-Pots-2.jpg.webp 1300w, https:\/\/www.linkceramics.com\/wp-content\/uploads\/2024\/11\/Wholesale-Decorative-Beige-Ceramic-Low-Flower-Pots-2.jpg-300x250.webp 300w, https:\/\/www.linkceramics.com\/wp-content\/uploads\/2024\/11\/Wholesale-Decorative-Beige-Ceramic-Low-Flower-Pots-2.jpg-768x640.webp 768w, https:\/\/www.linkceramics.com\/wp-content\/uploads\/2024\/11\/Wholesale-Decorative-Beige-Ceramic-Low-Flower-Pots-2.jpg-1200x1000.webp 1200w, https:\/\/www.linkceramics.com\/wp-content\/uploads\/2024\/11\/Wholesale-Decorative-Beige-Ceramic-Low-Flower-Pots-2.jpg-600x500.webp 600w\" sizes=\"(max-width: 1300px) 100vw, 1300px\" \/><\/figure>\n<\/div>\n<\/div>","protected":false},"excerpt":{"rendered":"<p data-pm-slice=\"0 0 []\">Bienvenue sur notre site de vente en gros de pots de fleurs d\u00e9coratifs en c\u00e9ramique. Le ton beige doux rend les pots de fleurs faciles \u00e0 int\u00e9grer dans n'importe quel style de maison, et le design bas les rend tr\u00e8s appropri\u00e9s pour planter diverses petites plantes, apportant de la vitalit\u00e9 et de la vitalit\u00e9 \u00e0 votre espace. Les acheteurs B2B sont invit\u00e9s \u00e0 nous contacter pour les achats.<\/p>\n<h2>Caract\u00e9ristiques des pots de fleurs en c\u00e9ramique<\/h2>\n<ul>\n<li><strong>M\u00e9lange harmonieux de couleurs :<\/strong> L'association du blanc cass\u00e9 et du marron clair rend le pot de fleurs chaleureux et \u00e9l\u00e9gant, mettant en valeur son aspect g\u00e9n\u00e9ral.<\/li>\n<li><strong>Mat\u00e9riau c\u00e9ramique de haute qualit\u00e9 :<\/strong> Ces pots de fleurs en c\u00e9ramique sont fabriqu\u00e9s en c\u00e9ramique durable, avec une grande r\u00e9sistance \u00e0 l'usure, une grande durabilit\u00e9 et la capacit\u00e9 de retenir la chaleur. Ainsi, la fleur pourra conserver la temp\u00e9rature et l'humidit\u00e9 pendant une tr\u00e8s longue p\u00e9riode dans le vase et favoriser la croissance et l'\u00e9panouissement des fleurs et des plantes.<\/li>\n<li><strong>Am\u00e9liorez votre sens de la saveur de la maison :<\/strong> Le style unique et l'aspect terreux et naturel du pot de fleurs en c\u00e9ramique en font le point central de la d\u00e9coration de votre maison, ce qui peut amener l'ensemble de l'environnement et du d\u00e9cor de votre pi\u00e8ce \u00e0 un niveau sup\u00e9rieur.<\/li>\n<li><strong>Service de vente en gros de pots de fleurs :<\/strong> Nous sommes un fabricant de pots de fleurs en c\u00e9ramique et nous nous effor\u00e7ons de fournir \u00e0 nos clients des pots de fleurs en gros \u00e0 bas prix. N'h\u00e9sitez pas \u00e0 nous contacter pour obtenir un devis.<\/li>\n<\/ul>","protected":false},"featured_media":527,"comment_status":"open","ping_status":"closed","template":"","meta":{"_acf_changed":true},"certification":[63,64,66,65,61,60,62],"product_brand":[],"product_cat":[37,38,17],"product_tag":[],"class_list":{"0":"post-524","1":"product","2":"type-product","3":"status-publish","4":"has-post-thumbnail","6":"certification-amfori","7":"certification-bsci","8":"certification-cnas","9":"certification-iaf","10":"certification-iso-14001","11":"certification-iso-45001","12":"certification-iso-9001","13":"product_cat-decorative-ceramic-wholesale","14":"product_cat-custom-ceramic-ornament","15":"product_cat-ceramic-vases-wholesale","17":"first","18":"instock","19":"shipping-taxable","20":"product-type-simple"},"acf":[],"_links":{"self":[{"href":"https:\/\/www.linkceramics.com\/fr\/wp-json\/wp\/v2\/product\/524","targetHints":{"allow":["GET"]}}],"collection":[{"href":"https:\/\/www.linkceramics.com\/fr\/wp-json\/wp\/v2\/product"}],"about":[{"href":"https:\/\/www.linkceramics.com\/fr\/wp-json\/wp\/v2\/types\/product"}],"replies":[{"embeddable":true,"href":"https:\/\/www.linkceramics.com\/fr\/wp-json\/wp\/v2\/comments?post=524"}],"wp:featuredmedia":[{"embeddable":true,"href":"https:\/\/www.linkceramics.com\/fr\/wp-json\/wp\/v2\/media\/527"}],"wp:attachment":[{"href":"https:\/\/www.linkceramics.com\/fr\/wp-json\/wp\/v2\/media?parent=524"}],"wp:term":[{"taxonomy":"certification","embeddable":true,"href":"https:\/\/www.linkceramics.com\/fr\/wp-json\/wp\/v2\/certification?post=524"},{"taxonomy":"product_brand","embeddable":true,"href":"https:\/\/www.linkceramics.com\/fr\/wp-json\/wp\/v2\/product_brand?post=524"},{"taxonomy":"product_cat","embeddable":true,"href":"https:\/\/www.linkceramics.com\/fr\/wp-json\/wp\/v2\/product_cat?post=524"},{"taxonomy":"product_tag","embeddable":true,"href":"https:\/\/www.linkceramics.com\/fr\/wp-json\/wp\/v2\/product_tag?post=524"}],"curies":[{"name":"wp","href":"https:\/\/api.w.org\/{rel}","templated":true}]}}