{"id":529,"date":"2024-12-05T10:14:03","date_gmt":"2024-12-05T10:14:03","guid":{"rendered":"https:\/\/www.linkceramics.com\/?post_type=product&#038;p=529"},"modified":"2024-12-10T02:49:22","modified_gmt":"2024-12-10T02:49:22","slug":"wholesale-antique-flower-vase","status":"publish","type":"product","link":"https:\/\/www.linkceramics.com\/fr\/product\/wholesale-antique-flower-vase\/","title":{"rendered":"Vases \u00e0 fleurs anciens Mgo en gros : Design sup\u00e9rieur avec un excellent motif d'estampage"},"content":{"rendered":"<h3 class=\"wp-block-heading\">Param\u00e8tres du vase \u00e0 fleurs antique Mgo<\/h3>\n\n\n\n<figure class=\"wp-block-table\"><table class=\"has-fixed-layout\"><tbody><tr><td>Mod\u00e8le<\/td><td>Nom du produit<\/td><td>Couleur<\/td><td>Mat\u00e9riau<\/td><td>Utilisations<\/td><td>Dimensions<\/td><td>Poids<\/td><\/tr><tr><td>A30522-MX68-A01<\/td><td>Vase \u00e0 fleurs en c\u00e9ramique<\/td><td>Bleu et blanc<\/td><td>C\u00e9ramique<\/td><td>d\u00e9coration int\u00e9rieure, salon<\/td><td>D:9.5X19.5<\/td><td>0,5kg\/pc<\/td><\/tr><tr><td>A30522-MX68-A02<\/td><td>Vase \u00e0 fleurs en c\u00e9ramique<\/td><td>Bleu et blanc<\/td><td>C\u00e9ramique<\/td><td>d\u00e9coration int\u00e9rieure, salon<\/td><td>D:12X25<\/td><td>0,9kg\/pc<\/td><\/tr><tr><td>A30522-MX68-A03<\/td><td>Vase \u00e0 fleurs en c\u00e9ramique<\/td><td>Bleu et blanc<\/td><td>C\u00e9ramique<\/td><td>d\u00e9coration int\u00e9rieure, salon<\/td><td>D:8X16.5<\/td><td>0,38kg\/pc<\/td><\/tr><\/tbody><\/table><\/figure>\n\n\n\n<div class=\"wp-block-columns is-layout-flex wp-container-core-columns-is-layout-9d6595d7 wp-block-columns-is-layout-flex\">\n<div class=\"wp-block-column is-layout-flow wp-block-column-is-layout-flow\">\n<figure class=\"wp-block-image size-full\"><img decoding=\"async\" width=\"768\" height=\"768\" src=\"https:\/\/www.linkceramics.com\/wp-content\/uploads\/2024\/11\/wholesale-flower-vases-5-768x768-1.webp\" alt=\"wholesale-flower-vases-5-768x768\" class=\"wp-image-534\" srcset=\"https:\/\/www.linkceramics.com\/wp-content\/uploads\/2024\/11\/wholesale-flower-vases-5-768x768-1.webp 768w, https:\/\/www.linkceramics.com\/wp-content\/uploads\/2024\/11\/wholesale-flower-vases-5-768x768-1-300x300.webp 300w, https:\/\/www.linkceramics.com\/wp-content\/uploads\/2024\/11\/wholesale-flower-vases-5-768x768-1-150x150.webp 150w, https:\/\/www.linkceramics.com\/wp-content\/uploads\/2024\/11\/wholesale-flower-vases-5-768x768-1-600x600.webp 600w, https:\/\/www.linkceramics.com\/wp-content\/uploads\/2024\/11\/wholesale-flower-vases-5-768x768-1-100x100.webp 100w\" sizes=\"(max-width: 768px) 100vw, 768px\" \/><\/figure>\n<\/div>\n\n\n\n<div class=\"wp-block-column is-layout-flow wp-block-column-is-layout-flow\">\n<figure class=\"wp-block-image size-full\"><img decoding=\"async\" width=\"3245\" height=\"3245\" src=\"https:\/\/www.linkceramics.com\/wp-content\/uploads\/2024\/11\/wholesale-flower-vases-4-1.webp\" alt=\"Vases de fleurs en gros-4-1\" class=\"wp-image-533\" srcset=\"https:\/\/www.linkceramics.com\/wp-content\/uploads\/2024\/11\/wholesale-flower-vases-4-1.webp 3245w, https:\/\/www.linkceramics.com\/wp-content\/uploads\/2024\/11\/wholesale-flower-vases-4-1-300x300.webp 300w, https:\/\/www.linkceramics.com\/wp-content\/uploads\/2024\/11\/wholesale-flower-vases-4-1-150x150.webp 150w, https:\/\/www.linkceramics.com\/wp-content\/uploads\/2024\/11\/wholesale-flower-vases-4-1-768x768.webp 768w, https:\/\/www.linkceramics.com\/wp-content\/uploads\/2024\/11\/wholesale-flower-vases-4-1-1200x1200.webp 1200w, https:\/\/www.linkceramics.com\/wp-content\/uploads\/2024\/11\/wholesale-flower-vases-4-1-600x600.webp 600w, https:\/\/www.linkceramics.com\/wp-content\/uploads\/2024\/11\/wholesale-flower-vases-4-1-100x100.webp 100w\" sizes=\"(max-width: 3245px) 100vw, 3245px\" \/><\/figure>\n<\/div>\n<\/div>\n\n\n\n<p><\/p>","protected":false},"excerpt":{"rendered":"<p>Santai est un fabricant de poteries anciennes, nous vendons en gros des vases \u00e0 fleurs anciens. Ce vase en c\u00e9ramique de style chinois est disponible en trois tailles. Qu'il soit utilis\u00e9 comme d\u00e9coration d'int\u00e9rieur, comme cadeau ou comme composition florale, il peut ajouter une touche d'\u00e9l\u00e9gance et de culture \u00e0 votre espace. Vous pouvez choisir la taille appropri\u00e9e en fonction de vos pr\u00e9f\u00e9rences personnelles pour r\u00e9pondre aux besoins de diff\u00e9rentes occasions. Qu'il s'agisse d'un petit pr\u00e9sentoir de bureau ou d'une grande d\u00e9coration de sol, il peut \u00eatre parfaitement pr\u00e9sent\u00e9.<\/p>\n<h2>Caract\u00e9ristiques du vase \u00e0 fleurs antique Mgo<\/h2>\n<p><strong>D\u00e9coration int\u00e9rieure :<\/strong> Ce vase antique convient parfaitement \u00e0 la d\u00e9coration de votre salon et de votre chambre \u00e0 coucher. Qu'il soit plac\u00e9 seul ou avec des fleurs, il peut devenir un point de mire visuel et attirer l'attention des invit\u00e9s. <br \/><strong>Design exquis :<\/strong> Ce vase \u00e0 fleurs antique a un design unique et est fabriqu\u00e9 selon un savoir-faire exquis, ce qui en fait non seulement une d\u00e9coration mais aussi une \u0153uvre d'art, rehaussant le go\u00fbt de l'ensemble de l'environnement domestique. <br \/><strong>Cadeau exquis :<\/strong> Ce vase antique peut \u00eatre utilis\u00e9 comme d\u00e9coration d'int\u00e9rieur et constitue \u00e9galement un cadeau id\u00e9al pour les amis ou la famille, en particulier les personnes \u00e2g\u00e9es. Qu'il s'agisse d'un festival, d'un anniversaire ou d'une autre occasion sp\u00e9ciale, il peut transmettre vos b\u00e9n\u00e9dictions et vos pens\u00e9es et devenir un souvenir pr\u00e9cieux. <br \/><strong>Emballage et livraison s\u00fbrs :<\/strong> Nous fournissons le meilleur emballage pour les vases en gros. Chaque vase est soigneusement emball\u00e9 avec de la mousse plastique pour garantir la s\u00e9curit\u00e9 et \u00e9viter les dommages pendant le transport.<\/p>","protected":false},"featured_media":535,"comment_status":"open","ping_status":"closed","template":"","meta":{"_acf_changed":false},"certification":[63,64,66,65,61,60,62],"product_brand":[],"product_cat":[37,17],"product_tag":[],"class_list":{"0":"post-529","1":"product","2":"type-product","3":"status-publish","4":"has-post-thumbnail","6":"certification-amfori","7":"certification-bsci","8":"certification-cnas","9":"certification-iaf","10":"certification-iso-14001","11":"certification-iso-45001","12":"certification-iso-9001","13":"product_cat-decorative-ceramic-wholesale","14":"product_cat-ceramic-vases-wholesale","16":"first","17":"instock","18":"shipping-taxable","19":"product-type-simple"},"acf":[],"_links":{"self":[{"href":"https:\/\/www.linkceramics.com\/fr\/wp-json\/wp\/v2\/product\/529","targetHints":{"allow":["GET"]}}],"collection":[{"href":"https:\/\/www.linkceramics.com\/fr\/wp-json\/wp\/v2\/product"}],"about":[{"href":"https:\/\/www.linkceramics.com\/fr\/wp-json\/wp\/v2\/types\/product"}],"replies":[{"embeddable":true,"href":"https:\/\/www.linkceramics.com\/fr\/wp-json\/wp\/v2\/comments?post=529"}],"wp:featuredmedia":[{"embeddable":true,"href":"https:\/\/www.linkceramics.com\/fr\/wp-json\/wp\/v2\/media\/535"}],"wp:attachment":[{"href":"https:\/\/www.linkceramics.com\/fr\/wp-json\/wp\/v2\/media?parent=529"}],"wp:term":[{"taxonomy":"certification","embeddable":true,"href":"https:\/\/www.linkceramics.com\/fr\/wp-json\/wp\/v2\/certification?post=529"},{"taxonomy":"product_brand","embeddable":true,"href":"https:\/\/www.linkceramics.com\/fr\/wp-json\/wp\/v2\/product_brand?post=529"},{"taxonomy":"product_cat","embeddable":true,"href":"https:\/\/www.linkceramics.com\/fr\/wp-json\/wp\/v2\/product_cat?post=529"},{"taxonomy":"product_tag","embeddable":true,"href":"https:\/\/www.linkceramics.com\/fr\/wp-json\/wp\/v2\/product_tag?post=529"}],"curies":[{"name":"wp","href":"https:\/\/api.w.org\/{rel}","templated":true}]}}