{"id":536,"date":"2024-12-21T07:09:48","date_gmt":"2024-12-21T07:09:48","guid":{"rendered":"https:\/\/www.linkceramics.com\/?post_type=product&#038;p=536"},"modified":"2024-12-21T07:09:49","modified_gmt":"2024-12-21T07:09:49","slug":"dip-bowls-wholesale","status":"publish","type":"product","link":"https:\/\/www.linkceramics.com\/fr\/product\/dip-bowls-wholesale\/","title":{"rendered":"Bols \u00e0 tremper Reaction Glaze Wholesale, Mini assiettes \u00e0 dessert Bulk"},"content":{"rendered":"<div class=\"wp-block-columns is-layout-flex wp-container-core-columns-is-layout-9d6595d7 wp-block-columns-is-layout-flex\">\n<div class=\"wp-block-column is-layout-flow wp-block-column-is-layout-flow\" style=\"flex-basis:66.66%\">\n<h3 class=\"wp-block-heading\">Bols \u00e0 tremper de qualit\u00e9 sup\u00e9rieure Caract\u00e9ristiques en gros :<\/h3>\n\n\n\n<ul class=\"wp-block-list\">\n<li><strong>Technologie de gla\u00e7age modifi\u00e9 au four, effet de texture unique :&nbsp;<\/strong>Nos mini assiettes \u00e0 dessert en vrac et nos tasses en c\u00e9ramique en gros utilisent une technologie de gla\u00e7age modifi\u00e9 au four \u00e0 haute temp\u00e9rature. Chaque produit a une texture unique et naturelle, exsudant une combinaison d'art et de qualit\u00e9, ajoutant une beaut\u00e9 unique \u00e0 votre table \u00e0 manger.<\/li>\n\n\n\n<li><strong>Conception miniature, pratique et exquise :<\/strong>&nbsp;Achetez des bols \u00e0 tremper en gros pour servir des desserts, des sauces ou des hors-d'\u0153uvre, et cet ensemble d'assiettes et de bols de service est pratique pour disposer les plats sur la table. Il est tr\u00e8s facile \u00e0 disposer, ce qui peut donner \u00e0 la table un aspect plus soign\u00e9 et mieux agenc\u00e9.<\/li>\n\n\n\n<li><strong>Mat\u00e9riau c\u00e9ramique de haute qualit\u00e9, sain et durable :&nbsp;<\/strong>Ces mini assiettes \u00e0 dessert en vrac sont fabriqu\u00e9es en c\u00e9ramique de haute qualit\u00e9, et la cuisson \u00e0 haute temp\u00e9rature a rendu le mat\u00e9riau r\u00e9sistant et non toxique. La surface est lisse et facile \u00e0 nettoyer ; elle reste aussi brillante que neuve apr\u00e8s une utilisation prolong\u00e9e. Elles peuvent \u00eatre utilis\u00e9es \u00e0 la fois \u00e0 la maison et dans les commerces.<\/li>\n\n\n\n<li><strong>Approvisionnement en gros, soutien \u00e0 des besoins divers :&nbsp;<\/strong>Nos bols \u00e0 tremper en gros sont con\u00e7us pour les achats en vrac, offrant une riche s\u00e9lection de couleurs et de tailles, tout en proposant des services personnalis\u00e9s pour r\u00e9pondre aux divers besoins des d\u00e9taillants, des h\u00f4tels et des industries de la restauration.<\/li>\n<\/ul>\n<\/div>\n\n\n\n<div class=\"wp-block-column is-layout-flow wp-block-column-is-layout-flow\" style=\"flex-basis:33.33%\">\n<figure class=\"wp-block-image size-full\"><img decoding=\"async\" width=\"1200\" height=\"1200\" src=\"https:\/\/www.linkceramics.com\/wp-content\/uploads\/2024\/11\/Reaction-Glaze-Dip-Bowls-Wholesale-Mini-Dessert-Plates-Bulk-1.webp\" alt=\"R\u00e9action-Bols \u00e0 tremper glac\u00e9s-Glaze-Grossiste-Plaques \u00e0 dessert miniatures-Vrac-1\" class=\"wp-image-537\" srcset=\"https:\/\/www.linkceramics.com\/wp-content\/uploads\/2024\/11\/Reaction-Glaze-Dip-Bowls-Wholesale-Mini-Dessert-Plates-Bulk-1.webp 1200w, https:\/\/www.linkceramics.com\/wp-content\/uploads\/2024\/11\/Reaction-Glaze-Dip-Bowls-Wholesale-Mini-Dessert-Plates-Bulk-1-300x300.webp 300w, https:\/\/www.linkceramics.com\/wp-content\/uploads\/2024\/11\/Reaction-Glaze-Dip-Bowls-Wholesale-Mini-Dessert-Plates-Bulk-1-150x150.webp 150w, https:\/\/www.linkceramics.com\/wp-content\/uploads\/2024\/11\/Reaction-Glaze-Dip-Bowls-Wholesale-Mini-Dessert-Plates-Bulk-1-768x768.webp 768w, https:\/\/www.linkceramics.com\/wp-content\/uploads\/2024\/11\/Reaction-Glaze-Dip-Bowls-Wholesale-Mini-Dessert-Plates-Bulk-1-600x600.webp 600w, https:\/\/www.linkceramics.com\/wp-content\/uploads\/2024\/11\/Reaction-Glaze-Dip-Bowls-Wholesale-Mini-Dessert-Plates-Bulk-1-100x100.webp 100w\" sizes=\"(max-width: 1200px) 100vw, 1200px\" \/><\/figure>\n<\/div>\n<\/div>","protected":false},"excerpt":{"rendered":"<div id=\"brxe-0ee1ca\" class=\"brxe-product-meta product_meta\"><span class=\"item\"><span class=\"prefix\">Tags :\u00a0<\/span><span class=\"text\"><a href=\"https:\/\/www.lovinghomecollection.com\/product-tag\/olive-oil-dipping-bowls-wholesale\/\">Bols \u00e0 tremper dans l'huile d'olive Wholesale<\/a>,\u00a0<a href=\"https:\/\/www.lovinghomecollection.com\/product-tag\/wholesale-plates-and-bowls\/\">Assiettes et bols en gros<\/a>,\u00a0<a href=\"https:\/\/www.lovinghomecollection.com\/product-tag\/wholesale-tea-cups-and-saucers\/\">Tasses \u00e0 th\u00e9 et soucoupes en gros<\/a><\/span><\/span><\/div>\n<div id=\"brxe-8c5ca9\" class=\"brxe-product-short-description\">\n<div class=\"woocommerce-product-details__short-description\">Nous vous invitons \u00e0 acheter des assiettes \u00e0 dessert en vrac. Ces bols \u00e0 tremper Reaction Glaze wholesale sont fabriqu\u00e9s \u00e0 partir d'une technologie de gla\u00e7ure chang\u00e9e au four, avec une texture unique et naturelle. Le design mini est pratique et exquis, adapt\u00e9 aux desserts et aux sauces. Le mat\u00e9riau c\u00e9ramique de haute qualit\u00e9 est sain et durable, supporte la vente en gros et la personnalisation, et est le choix parfait pour la maison et les repas commerciaux.<\/p>\n<h2>Bols \u00e0 tremper de qualit\u00e9 sup\u00e9rieure Sp\u00e9cifications :<\/h2>\n<table border=\"0\" width=\"531\" cellspacing=\"0\" cellpadding=\"0\">\n<tbody>\n<tr>\n<td width=\"271\" height=\"24\">Fabricant<\/td>\n<td width=\"260\">Un foyer d'amour<\/td>\n<\/tr>\n<tr>\n<td width=\"271\" height=\"25\">Nom de la collection<\/td>\n<td width=\"260\">\u00c9l\u00e9ments uniques<\/td>\n<\/tr>\n<tr>\n<td width=\"271\" height=\"24\">Utilisation<\/td>\n<td width=\"260\">Maison, Restaurant, H\u00f4tel<\/td>\n<\/tr>\n<tr>\n<td width=\"271\" height=\"24\">Type de vaisselle<\/td>\n<td width=\"260\">Set de tapas, plateau de fromage<\/td>\n<\/tr>\n<tr>\n<td width=\"271\" height=\"24\">Mat\u00e9riau<\/td>\n<td width=\"260\">Porcelaine durable<\/td>\n<\/tr>\n<tr>\n<td width=\"271\" height=\"24\">Dimension<\/td>\n<td width=\"260\">Comme l'indique la photo de d\u00e9tail<\/td>\n<\/tr>\n<tr>\n<td width=\"271\" height=\"24\">Unit\u00e9s de vente<\/td>\n<td width=\"260\">Article unique<\/td>\n<\/tr>\n<tr>\n<td width=\"271\" height=\"24\">MOQ<\/td>\n<td width=\"260\">1200\/pcs par article<\/td>\n<\/tr>\n<tr>\n<td width=\"271\" height=\"48\">Option personnalis\u00e9e<\/td>\n<td width=\"260\">Couleur\/Taille\/Glaze\/Logo\/Emballage<\/td>\n<\/tr>\n<\/tbody>\n<\/table>\n<\/div>\n<\/div>","protected":false},"featured_media":540,"comment_status":"open","ping_status":"closed","template":"","meta":{"_acf_changed":true},"certification":[63,64,66,58,65,61,60,62],"product_brand":[],"product_cat":[34,18],"product_tag":[],"class_list":{"0":"post-536","1":"product","2":"type-product","3":"status-publish","4":"has-post-thumbnail","6":"certification-amfori","7":"certification-bsci","8":"certification-cnas","9":"certification-fda","10":"certification-iaf","11":"certification-iso-14001","12":"certification-iso-45001","13":"certification-iso-9001","14":"product_cat-custom-household-ceramics","15":"product_cat-ceramic-tableware-wholesale","17":"first","18":"instock","19":"shipping-taxable","20":"product-type-simple"},"acf":[],"_links":{"self":[{"href":"https:\/\/www.linkceramics.com\/fr\/wp-json\/wp\/v2\/product\/536","targetHints":{"allow":["GET"]}}],"collection":[{"href":"https:\/\/www.linkceramics.com\/fr\/wp-json\/wp\/v2\/product"}],"about":[{"href":"https:\/\/www.linkceramics.com\/fr\/wp-json\/wp\/v2\/types\/product"}],"replies":[{"embeddable":true,"href":"https:\/\/www.linkceramics.com\/fr\/wp-json\/wp\/v2\/comments?post=536"}],"wp:featuredmedia":[{"embeddable":true,"href":"https:\/\/www.linkceramics.com\/fr\/wp-json\/wp\/v2\/media\/540"}],"wp:attachment":[{"href":"https:\/\/www.linkceramics.com\/fr\/wp-json\/wp\/v2\/media?parent=536"}],"wp:term":[{"taxonomy":"certification","embeddable":true,"href":"https:\/\/www.linkceramics.com\/fr\/wp-json\/wp\/v2\/certification?post=536"},{"taxonomy":"product_brand","embeddable":true,"href":"https:\/\/www.linkceramics.com\/fr\/wp-json\/wp\/v2\/product_brand?post=536"},{"taxonomy":"product_cat","embeddable":true,"href":"https:\/\/www.linkceramics.com\/fr\/wp-json\/wp\/v2\/product_cat?post=536"},{"taxonomy":"product_tag","embeddable":true,"href":"https:\/\/www.linkceramics.com\/fr\/wp-json\/wp\/v2\/product_tag?post=536"}],"curies":[{"name":"wp","href":"https:\/\/api.w.org\/{rel}","templated":true}]}}