{"id":544,"date":"2024-11-30T08:49:34","date_gmt":"2024-11-30T08:49:34","guid":{"rendered":"https:\/\/www.linkceramics.com\/?post_type=product&#038;p=544"},"modified":"2024-12-05T10:04:30","modified_gmt":"2024-12-05T10:04:30","slug":"coffee-shop-crockery-wholesale","status":"publish","type":"product","link":"https:\/\/www.linkceramics.com\/fr\/product\/coffee-shop-crockery-wholesale\/","title":{"rendered":"Vaisselle de caf\u00e9 en gros, Tasse \u00e0 th\u00e9 et soucoupe \u00e0 motif floral en vrac"},"content":{"rendered":"<div class=\"wp-block-columns is-layout-flex wp-container-core-columns-is-layout-9d6595d7 wp-block-columns-is-layout-flex\">\n<div class=\"wp-block-column is-layout-flow wp-block-column-is-layout-flow\" style=\"flex-basis:66.66%\">\n<h3 class=\"wp-block-heading\">Premium Coffee Shop Crockery Wholesale Caract\u00e9ristiques :<\/h3>\n\n\n\n<ul class=\"wp-block-list\">\n<li><strong>Le design floral \u00e9l\u00e9gant rehausse le style du caf\u00e9 :<\/strong>&nbsp;Cette s\u00e9rie d'assiettes, de th\u00e9i\u00e8res, de tasses \u00e0 th\u00e9 et de soucoupes en c\u00e9ramique est peinte de magnifiques motifs floraux. Le style est \u00e9l\u00e9gant et romantique, et convient parfaitement aux caf\u00e9s pour cr\u00e9er une atmosph\u00e8re chaleureuse et \u00e9l\u00e9gante, contribuant \u00e0 am\u00e9liorer l'environnement g\u00e9n\u00e9ral et l'exp\u00e9rience des clients.<\/li>\n\n\n\n<li><strong>Durable et facile \u00e0 nettoyer :&nbsp;<\/strong>Notre vaisselle de caf\u00e9 en gros est fabriqu\u00e9e \u00e0 partir de mat\u00e9riaux c\u00e9ramiques de haute qualit\u00e9 cuits \u00e0 haute temp\u00e9rature, avec une surface lisse et d\u00e9licate qui est durable et r\u00e9sistante aux taches, facile \u00e0 nettoyer et toujours en parfait \u00e9tat apr\u00e8s une utilisation quotidienne, ce qui r\u00e9duit les co\u00fbts de nettoyage et d'entretien.<\/li>\n\n\n\n<li><strong>Conception ergonomique, sensation de confort :<\/strong>&nbsp;L'id\u00e9e d'ergonomie se refl\u00e8te dans la conception de notre ensemble de tasses \u00e0 th\u00e9 et de soucoupes. Le corps de la tasse est agr\u00e9able \u00e0 tenir et la taille de la soucoupe est mod\u00e9r\u00e9e, belle et pratique, offrant aux clients une meilleure exp\u00e9rience d'utilisation.<\/li>\n\n\n\n<li><strong>Remises sur les achats en gros pour faciliter la cr\u00e9ation d'une marque :&nbsp;<\/strong>Nous fournissons des services d'achat en gros pour les caf\u00e9s, et le prix des produits est plus comp\u00e9titif. L'achat en gros de notre vaisselle de caf\u00e9 permet d'unifier le style de la vaisselle du magasin, de r\u00e9duire les co\u00fbts d'exploitation et d'am\u00e9liorer l'image de marque.<\/li>\n<\/ul>\n<\/div>\n\n\n\n<div class=\"wp-block-column is-layout-flow wp-block-column-is-layout-flow\" style=\"flex-basis:33.33%\">\n<figure class=\"wp-block-image size-full\"><img decoding=\"async\" width=\"600\" height=\"600\" src=\"https:\/\/www.linkceramics.com\/wp-content\/uploads\/2024\/11\/Coffee-Shop-Crockery-Wholesale-Floral-Pattern-Tea-Cup-and-Saucer-Bulk-2-600x600-1.webp\" alt=\"Coffee-Shop-Crockery-Wholesale-Motifs floraux-Tasses \u00e0 th\u00e9 et sauci\u00e8res-Bulk-2-600x600\" class=\"wp-image-546\" srcset=\"https:\/\/www.linkceramics.com\/wp-content\/uploads\/2024\/11\/Coffee-Shop-Crockery-Wholesale-Floral-Pattern-Tea-Cup-and-Saucer-Bulk-2-600x600-1.webp 600w, https:\/\/www.linkceramics.com\/wp-content\/uploads\/2024\/11\/Coffee-Shop-Crockery-Wholesale-Floral-Pattern-Tea-Cup-and-Saucer-Bulk-2-600x600-1-300x300.webp 300w, https:\/\/www.linkceramics.com\/wp-content\/uploads\/2024\/11\/Coffee-Shop-Crockery-Wholesale-Floral-Pattern-Tea-Cup-and-Saucer-Bulk-2-600x600-1-150x150.webp 150w, https:\/\/www.linkceramics.com\/wp-content\/uploads\/2024\/11\/Coffee-Shop-Crockery-Wholesale-Floral-Pattern-Tea-Cup-and-Saucer-Bulk-2-600x600-1-100x100.webp 100w\" sizes=\"(max-width: 600px) 100vw, 600px\" \/><\/figure>\n<\/div>\n<\/div>","protected":false},"excerpt":{"rendered":"<div id=\"brxe-0ee1ca\" class=\"brxe-product-meta product_meta\">\n<div id=\"brxe-0ee1ca\" class=\"brxe-product-meta product_meta\"><span class=\"item\"><span class=\"prefix\">Tags :\u00a0<\/span><span class=\"text\"><a href=\"https:\/\/www.lovinghomecollection.com\/product-tag\/sugar-jars-wholesale\/\">Pots \u00e0 sucre en gros<\/a>,\u00a0<a href=\"https:\/\/www.lovinghomecollection.com\/product-tag\/wholesale-plates-and-bowls\/\">Assiettes et bols en gros<\/a>,\u00a0<a href=\"https:\/\/www.lovinghomecollection.com\/product-tag\/wholesale-tea-cups-and-saucers\/\">Tasses \u00e0 th\u00e9 et soucoupes en gros<\/a>,\u00a0<a href=\"https:\/\/www.lovinghomecollection.com\/product-tag\/wholesale-teapots\/\">Th\u00e9i\u00e8res en gros<\/a><\/span><\/span><\/div>\n<div id=\"brxe-8c5ca9\" class=\"brxe-product-short-description\">\n<div class=\"woocommerce-product-details__short-description\">\n<p>Bienvenue sur le site d'achat en gros de vaisselle de caf\u00e9. Cette tasse \u00e0 th\u00e9 et soucoupe \u00e0 motif floral en vrac ajoute une atmosph\u00e8re romantique au caf\u00e9 avec son design \u00e9l\u00e9gant, ses mat\u00e9riaux de haute qualit\u00e9 et son exp\u00e9rience confortable. Les achats en gros sont plus abordables et constituent un bon choix pour construire une image de marque et am\u00e9liorer la satisfaction des clients.<\/p>\n<\/div>\n<\/div>\n<\/div>\n<div id=\"brxe-8c5ca9\" class=\"brxe-product-short-description\">\n<div class=\"woocommerce-product-details__short-description\">\n<h2>Sp\u00e9cifications de la vaisselle de caf\u00e9 :<\/h2>\n<table border=\"0\" width=\"531\" cellspacing=\"0\" cellpadding=\"0\">\n<tbody>\n<tr>\n<td width=\"271\" height=\"24\">Fabricant<\/td>\n<td width=\"260\">Un foyer d'amour<\/td>\n<\/tr>\n<tr>\n<td width=\"271\" height=\"25\">Nom de la collection<\/td>\n<td width=\"260\">Chuchotement des pr\u00e9s<\/td>\n<\/tr>\n<tr>\n<td width=\"271\" height=\"24\">Utilisation<\/td>\n<td width=\"260\">Maison, Restaurant, H\u00f4tel<\/td>\n<\/tr>\n<tr>\n<td width=\"271\" height=\"72\">Type de vaisselle<\/td>\n<td width=\"260\">Th\u00e9i\u00e8re, sucrier, cr\u00e9mier, tasse et soucoupe, tasse, assiette, bol<\/td>\n<\/tr>\n<tr>\n<td width=\"271\" height=\"24\">Mat\u00e9riau<\/td>\n<td width=\"260\">Porcelaine durable<\/td>\n<\/tr>\n<tr>\n<td width=\"271\" height=\"24\">Dimension<\/td>\n<td width=\"260\">Comme l'indique la photo de d\u00e9tail<\/td>\n<\/tr>\n<tr>\n<td width=\"271\" height=\"24\">Unit\u00e9s de vente<\/td>\n<td width=\"260\">Article unique<\/td>\n<\/tr>\n<tr>\n<td width=\"271\" height=\"24\">MOQ<\/td>\n<td width=\"260\">1200\/pcs par article<\/td>\n<\/tr>\n<tr>\n<td width=\"271\" height=\"48\">Option personnalis\u00e9e<\/td>\n<td width=\"260\">Couleur\/Taille\/Glaze\/Logo\/Emballage<\/td>\n<\/tr>\n<\/tbody>\n<\/table>\n<\/div>\n<\/div>","protected":false},"featured_media":552,"comment_status":"open","ping_status":"closed","template":"","meta":{"_acf_changed":true},"certification":[63,64,66,58,65,61,60,62],"product_brand":[],"product_cat":[34,18],"product_tag":[],"class_list":{"0":"post-544","1":"product","2":"type-product","3":"status-publish","4":"has-post-thumbnail","6":"certification-amfori","7":"certification-bsci","8":"certification-cnas","9":"certification-fda","10":"certification-iaf","11":"certification-iso-14001","12":"certification-iso-45001","13":"certification-iso-9001","14":"product_cat-custom-household-ceramics","15":"product_cat-ceramic-tableware-wholesale","17":"first","18":"instock","19":"shipping-taxable","20":"product-type-simple"},"acf":[],"_links":{"self":[{"href":"https:\/\/www.linkceramics.com\/fr\/wp-json\/wp\/v2\/product\/544","targetHints":{"allow":["GET"]}}],"collection":[{"href":"https:\/\/www.linkceramics.com\/fr\/wp-json\/wp\/v2\/product"}],"about":[{"href":"https:\/\/www.linkceramics.com\/fr\/wp-json\/wp\/v2\/types\/product"}],"replies":[{"embeddable":true,"href":"https:\/\/www.linkceramics.com\/fr\/wp-json\/wp\/v2\/comments?post=544"}],"wp:featuredmedia":[{"embeddable":true,"href":"https:\/\/www.linkceramics.com\/fr\/wp-json\/wp\/v2\/media\/552"}],"wp:attachment":[{"href":"https:\/\/www.linkceramics.com\/fr\/wp-json\/wp\/v2\/media?parent=544"}],"wp:term":[{"taxonomy":"certification","embeddable":true,"href":"https:\/\/www.linkceramics.com\/fr\/wp-json\/wp\/v2\/certification?post=544"},{"taxonomy":"product_brand","embeddable":true,"href":"https:\/\/www.linkceramics.com\/fr\/wp-json\/wp\/v2\/product_brand?post=544"},{"taxonomy":"product_cat","embeddable":true,"href":"https:\/\/www.linkceramics.com\/fr\/wp-json\/wp\/v2\/product_cat?post=544"},{"taxonomy":"product_tag","embeddable":true,"href":"https:\/\/www.linkceramics.com\/fr\/wp-json\/wp\/v2\/product_tag?post=544"}],"curies":[{"name":"wp","href":"https:\/\/api.w.org\/{rel}","templated":true}]}}