{"id":553,"date":"2024-12-21T07:08:30","date_gmt":"2024-12-21T07:08:30","guid":{"rendered":"https:\/\/www.linkceramics.com\/?post_type=product&#038;p=553"},"modified":"2024-12-21T07:08:31","modified_gmt":"2024-12-21T07:08:31","slug":"ceramic-kitchenware-wholesale","status":"publish","type":"product","link":"https:\/\/www.linkceramics.com\/fr\/product\/ceramic-kitchenware-wholesale\/","title":{"rendered":"Ustensiles de cuisine en c\u00e9ramique Wholesale, Ustensiles de cuisine"},"content":{"rendered":"<div class=\"wp-block-columns is-layout-flex wp-container-core-columns-is-layout-9d6595d7 wp-block-columns-is-layout-flex\">\n<div class=\"wp-block-column is-layout-flow wp-block-column-is-layout-flow\" style=\"flex-basis:66.66%\">\n<h3 class=\"wp-block-heading\">ustensiles de cuisine en c\u00e9ramique de qualit\u00e9 sup\u00e9rieure Caract\u00e9ristiques :<\/h3>\n\n\n\n<ul class=\"wp-block-list\">\n<li><strong>Ensemble complet d'ustensiles de cuisine :&nbsp;<\/strong>Notre collection d'ustensiles de cuisine en c\u00e9ramique comprend un ensemble complet d'articles de cuisine, des bols \u00e0 mesurer aux bols \u00e0 m\u00e9langer en passant par les beurriers, les bouteilles d'huile, etc., couvrant tous les aspects de la cuisine quotidienne et de la pr\u00e9paration des repas, fournissant une solution de cuisine compl\u00e8te pour r\u00e9pondre aux divers besoins des cuisines domestiques et des cuisines commerciales.<\/li>\n\n\n\n<li><strong>Durable et beau :&nbsp;<\/strong>Tous les ustensiles de cuisine en c\u00e9ramique wholeale sont fabriqu\u00e9s \u00e0 partir de mat\u00e9riaux c\u00e9ramiques de haute qualit\u00e9, qui sont robustes et durables et pr\u00e9sentent des propri\u00e9t\u00e9s de r\u00e9sistance \u00e0 la chaleur et \u00e0 l'usure. En outre, ils ont une apparence exquise et rehaussent la texture g\u00e9n\u00e9rale de la cuisine.<\/li>\n\n\n\n<li><strong>L'aspect pratique et la beaut\u00e9 coexistent :&nbsp;<\/strong>Notre ensemble d'ustensiles de cuisine en c\u00e9ramique est non seulement enti\u00e8rement fonctionnel et pratique, mais il recherche \u00e9galement la beaut\u00e9 dans la conception de chaque produit. Son apparence simple et \u00e9l\u00e9gante convient \u00e0 des environnements de cuisine de styles diff\u00e9rents. Il s'agit d'une d\u00e9coration id\u00e9ale et d'un article pratique pour la cuisine.<\/li>\n\n\n\n<li><strong>Convient pour les achats en gros :&nbsp;<\/strong>Cet ensemble d'ustensiles de cuisine en c\u00e9ramique est con\u00e7u pour la vente en gros, offrant des avantages de prix pour les achats en gros, particuli\u00e8rement adapt\u00e9 aux d\u00e9taillants et aux projets commerciaux \u00e0 grande \u00e9chelle, et peut r\u00e9pondre aux besoins de tous les types de clients.<\/li>\n<\/ul>\n<\/div>\n\n\n\n<div class=\"wp-block-column is-layout-flow wp-block-column-is-layout-flow\" style=\"flex-basis:33.33%\">\n<figure class=\"wp-block-image size-full\"><img decoding=\"async\" width=\"600\" height=\"600\" src=\"https:\/\/www.linkceramics.com\/wp-content\/uploads\/2024\/11\/Full-featured-Ceramic-Kitchenware-Wholesale-Kitchen-Utensils-9-600x600-1.webp\" alt=\"Articles de cuisine en c\u00e9ramique complets - Vente en gros d&#039;ustensiles de cuisine - 9-600x600\" class=\"wp-image-558\" srcset=\"https:\/\/www.linkceramics.com\/wp-content\/uploads\/2024\/11\/Full-featured-Ceramic-Kitchenware-Wholesale-Kitchen-Utensils-9-600x600-1.webp 600w, https:\/\/www.linkceramics.com\/wp-content\/uploads\/2024\/11\/Full-featured-Ceramic-Kitchenware-Wholesale-Kitchen-Utensils-9-600x600-1-300x300.webp 300w, https:\/\/www.linkceramics.com\/wp-content\/uploads\/2024\/11\/Full-featured-Ceramic-Kitchenware-Wholesale-Kitchen-Utensils-9-600x600-1-150x150.webp 150w, https:\/\/www.linkceramics.com\/wp-content\/uploads\/2024\/11\/Full-featured-Ceramic-Kitchenware-Wholesale-Kitchen-Utensils-9-600x600-1-100x100.webp 100w\" sizes=\"(max-width: 600px) 100vw, 600px\" \/><\/figure>\n<\/div>\n<\/div>","protected":false},"excerpt":{"rendered":"<div id=\"brxe-0ee1ca\" class=\"brxe-product-meta product_meta\">\n<div id=\"brxe-0ee1ca\" class=\"brxe-product-meta product_meta\">Bienvenue dans l'achat d'ustensiles de cuisine en gros. Notre collection d'ustensiles de cuisine en c\u00e9ramique comprend divers articles de cuisine tels que des bols \u00e0 mesurer, des bols \u00e0 m\u00e9langer, des beurriers, des bouteilles d'huile, etc. Fabriqu\u00e9s en c\u00e9ramique de haute qualit\u00e9, ces ustensiles sont \u00e0 la fois fonctionnels et esth\u00e9tiques, conviennent \u00e0 un usage quotidien et \u00e0 la d\u00e9coration, et sont id\u00e9aux pour la vente en gros et au d\u00e9tail.<\/div>\n<\/div>\n<div id=\"brxe-8c5ca9\" class=\"brxe-product-short-description\">\n<div class=\"woocommerce-product-details__short-description\">\n<h2>ustensiles de cuisine en c\u00e9ramique de premi\u00e8re qualit\u00e9 Sp\u00e9cifications :<\/h2>\n<table border=\"0\" width=\"531\" cellspacing=\"0\" cellpadding=\"0\">\n<tbody>\n<tr>\n<td width=\"271\" height=\"24\">Fabricant<\/td>\n<td width=\"260\">Un foyer d'amour<\/td>\n<\/tr>\n<tr>\n<td width=\"271\" height=\"25\">Nom de la collection<\/td>\n<td width=\"260\">Soul Kitchen\u807d<\/td>\n<\/tr>\n<tr>\n<td width=\"271\" height=\"24\">Utilisation<\/td>\n<td width=\"260\">Maison, Restaurant, H\u00f4tel<\/td>\n<\/tr>\n<tr>\n<td width=\"271\" height=\"240\">Type d'ustensiles de cuisine<\/td>\n<td width=\"260\">Bol \u00e0 mesurer, bol \u00e0 remuer, bol \u00e0 filtre, presse-agrumes, bol \u00e0 sauce, porte-baguettes, pot \u00e0 ail, porte-outils, bocal de stockage, pichet, coupe \u00e0 g\u00e2teau, repose-cuill\u00e8re, plateau, planche \u00e0 fromage, bo\u00eete \u00e0 pain, plat \u00e0 trempette, bouteille d'huile, porte-couvercle, assiette \u00e0 beurre.<\/td>\n<\/tr>\n<tr>\n<td width=\"271\" height=\"24\">Mat\u00e9riau<\/td>\n<td width=\"260\">Porcelaine durable<\/td>\n<\/tr>\n<tr>\n<td width=\"271\" height=\"24\">Dimension<\/td>\n<td width=\"260\">Comme l'indique la photo de d\u00e9tail<\/td>\n<\/tr>\n<tr>\n<td width=\"271\" height=\"24\">Unit\u00e9s de vente<\/td>\n<td width=\"260\">Article unique<\/td>\n<\/tr>\n<tr>\n<td width=\"271\" height=\"24\">MOQ<\/td>\n<td width=\"260\">1200\/pcs par article<\/td>\n<\/tr>\n<tr>\n<td width=\"271\" height=\"48\">Option personnalis\u00e9e<\/td>\n<td width=\"260\">Couleur\/Taille\/Glaze\/Logo\/Emballage<\/td>\n<\/tr>\n<\/tbody>\n<\/table>\n<\/div>\n<\/div>","protected":false},"featured_media":554,"comment_status":"open","ping_status":"closed","template":"","meta":{"_acf_changed":true},"certification":[63,64,66,58,65,61,60,62],"product_brand":[],"product_cat":[34,20,18],"product_tag":[],"class_list":{"0":"post-553","1":"product","2":"type-product","3":"status-publish","4":"has-post-thumbnail","6":"certification-amfori","7":"certification-bsci","8":"certification-cnas","9":"certification-fda","10":"certification-iaf","11":"certification-iso-14001","12":"certification-iso-45001","13":"certification-iso-9001","14":"product_cat-custom-household-ceramics","15":"product_cat-ceramic-kitchenware-wholesale","16":"product_cat-ceramic-tableware-wholesale","18":"first","19":"instock","20":"shipping-taxable","21":"product-type-simple"},"acf":[],"_links":{"self":[{"href":"https:\/\/www.linkceramics.com\/fr\/wp-json\/wp\/v2\/product\/553","targetHints":{"allow":["GET"]}}],"collection":[{"href":"https:\/\/www.linkceramics.com\/fr\/wp-json\/wp\/v2\/product"}],"about":[{"href":"https:\/\/www.linkceramics.com\/fr\/wp-json\/wp\/v2\/types\/product"}],"replies":[{"embeddable":true,"href":"https:\/\/www.linkceramics.com\/fr\/wp-json\/wp\/v2\/comments?post=553"}],"wp:featuredmedia":[{"embeddable":true,"href":"https:\/\/www.linkceramics.com\/fr\/wp-json\/wp\/v2\/media\/554"}],"wp:attachment":[{"href":"https:\/\/www.linkceramics.com\/fr\/wp-json\/wp\/v2\/media?parent=553"}],"wp:term":[{"taxonomy":"certification","embeddable":true,"href":"https:\/\/www.linkceramics.com\/fr\/wp-json\/wp\/v2\/certification?post=553"},{"taxonomy":"product_brand","embeddable":true,"href":"https:\/\/www.linkceramics.com\/fr\/wp-json\/wp\/v2\/product_brand?post=553"},{"taxonomy":"product_cat","embeddable":true,"href":"https:\/\/www.linkceramics.com\/fr\/wp-json\/wp\/v2\/product_cat?post=553"},{"taxonomy":"product_tag","embeddable":true,"href":"https:\/\/www.linkceramics.com\/fr\/wp-json\/wp\/v2\/product_tag?post=553"}],"curies":[{"name":"wp","href":"https:\/\/api.w.org\/{rel}","templated":true}]}}