{"id":562,"date":"2024-12-21T07:10:42","date_gmt":"2024-12-21T07:10:42","guid":{"rendered":"https:\/\/www.linkceramics.com\/?post_type=product&#038;p=562"},"modified":"2024-12-24T02:28:04","modified_gmt":"2024-12-24T02:28:04","slug":"ceramic-bulk-kitchen-utensils","status":"publish","type":"product","link":"https:\/\/www.linkceramics.com\/fr\/product\/ceramic-bulk-kitchen-utensils\/","title":{"rendered":"Supports pour ustensiles de cuisine en c\u00e9ramique en vrac, Casseroles, Bocaux, Bouteilles d'huile en gros"},"content":{"rendered":"<div class=\"wp-block-columns is-layout-flex wp-container-core-columns-is-layout-9d6595d7 wp-block-columns-is-layout-flex\">\n<div class=\"wp-block-column is-layout-flow wp-block-column-is-layout-flow\" style=\"flex-basis:66.66%\">\n<h3 class=\"wp-block-heading\">Ustensiles de cuisine en vrac en c\u00e9ramique de premi\u00e8re qualit\u00e9 Caract\u00e9ristiques :<\/h3>\n\n\n\n<ul class=\"wp-block-list\">\n<li><strong>\u00c9l\u00e9gant motif floral gaufr\u00e9 :\u00a0<\/strong>Cette s\u00e9rie d'ustensiles de cuisine en vrac pr\u00e9sente d'exquis motifs floraux en relief. Chaque article de cuisine est le fruit d'un travail d\u00e9licat, ce qui conf\u00e8re \u00e0 la vaisselle un aspect \u00e9l\u00e9gant et artistique et rehausse la beaut\u00e9 g\u00e9n\u00e9rale de la cuisine.<\/li>\n\n\n\n<li><strong>Accessoires de cuisine polyvalents :\u00a0<\/strong>Nos ustensiles de cuisine en c\u00e9ramique comprennent des bouteilles d'huile, des plateaux \u00e0 fromage, des porte-outils, des bocaux de stockage, des casseroles et des bouilloires, etc., couvrant une vari\u00e9t\u00e9 d'accessoires pratiques n\u00e9cessaires dans la cuisine, adapt\u00e9s \u00e0 la cuisine quotidienne et \u00e0 la pr\u00e9sentation de la table, garantissant une exp\u00e9rience d'utilisation efficace et pratique.<\/li>\n\n\n\n<li><strong>Divers choix de couleurs :<\/strong>\u00a0Cette s\u00e9rie d'ustensiles de cuisine en vrac offre une vari\u00e9t\u00e9 de couleurs vives, allant de tons frais et naturels \u00e0 des couleurs modernes et vives, qui peuvent \u00eatre assorties \u00e0 diff\u00e9rents styles de d\u00e9coration de cuisine, ajoutant un int\u00e9r\u00eat visuel et d\u00e9coratif.<\/li>\n\n\n\n<li><strong>Durable et pratique :\u00a0<\/strong>Nos s\u00e9ries d'ustensiles de cuisine en c\u00e9ramique ne sont pas seulement belles, elles sont aussi soigneusement con\u00e7ues et fabriqu\u00e9es pour garantir leur durabilit\u00e9 et leur fonctionnalit\u00e9. Elles conviennent \u00e0 une utilisation \u00e0 long terme dans les foyers, les restaurants et les cuisines commerciales.<\/li>\n<\/ul>\n<\/div>\n\n\n\n<div class=\"wp-block-column is-layout-flow wp-block-column-is-layout-flow\" style=\"flex-basis:33.33%\">\n<figure class=\"wp-block-image size-full\"><img decoding=\"async\" width=\"600\" height=\"600\" src=\"https:\/\/www.linkceramics.com\/wp-content\/uploads\/2024\/11\/Ceramic-Bulk-Kitchen-Utensils-Holders-Casseroles-Jars-Oil-Bottles-Wholesale-17-600x600-1.webp\" alt=\"Ceramic-Bulk-Kitchen-Utensils-Holders-Casseroles-Jars-Oil-Bottles-Wholesale-17-600x600\" class=\"wp-image-570\" srcset=\"https:\/\/www.linkceramics.com\/wp-content\/uploads\/2024\/11\/Ceramic-Bulk-Kitchen-Utensils-Holders-Casseroles-Jars-Oil-Bottles-Wholesale-17-600x600-1.webp 600w, https:\/\/www.linkceramics.com\/wp-content\/uploads\/2024\/11\/Ceramic-Bulk-Kitchen-Utensils-Holders-Casseroles-Jars-Oil-Bottles-Wholesale-17-600x600-1-300x300.webp 300w, https:\/\/www.linkceramics.com\/wp-content\/uploads\/2024\/11\/Ceramic-Bulk-Kitchen-Utensils-Holders-Casseroles-Jars-Oil-Bottles-Wholesale-17-600x600-1-150x150.webp 150w, https:\/\/www.linkceramics.com\/wp-content\/uploads\/2024\/11\/Ceramic-Bulk-Kitchen-Utensils-Holders-Casseroles-Jars-Oil-Bottles-Wholesale-17-600x600-1-100x100.webp 100w\" sizes=\"(max-width: 600px) 100vw, 600px\" \/><\/figure>\n<\/div>\n<\/div>","protected":false},"excerpt":{"rendered":"<div id=\"brxe-0ee1ca\" class=\"brxe-product-meta product_meta\">\n<div id=\"brxe-0ee1ca\" class=\"brxe-product-meta product_meta\">\n<div id=\"brxe-0ee1ca\" class=\"brxe-product-meta product_meta\">Bienvenue sur le site d'achat en gros d'ustensiles de cuisine en c\u00e9ramique. Cette s\u00e9rie d'ustensiles de cuisine en vrac pr\u00e9sente un \u00e9l\u00e9gant design floral en relief et une vari\u00e9t\u00e9 de couleurs, y compris des porte-ustensiles, des bouteilles d'huile, des bocaux de stockage, des casseroles et d'autres accessoires de cuisine multifonctionnels. Elle est \u00e0 la fois pratique et ajoute une touche artistique unique \u00e0 la cuisine.<\/div>\n<\/div>\n<\/div>\n<div id=\"brxe-8c5ca9\" class=\"brxe-product-short-description\">\n<div class=\"woocommerce-product-details__short-description\">\n<h2>Ustensiles de cuisine en c\u00e9ramique de premi\u00e8re qualit\u00e9 Sp\u00e9cifications :<\/h2>\n<table border=\"0\" width=\"531\" cellspacing=\"0\" cellpadding=\"0\">\n<tbody>\n<tr>\n<td width=\"271\" height=\"24\">Fabricant<\/td>\n<td width=\"260\">Un foyer d'amour<\/td>\n<\/tr>\n<tr>\n<td width=\"271\" height=\"25\">Nom de la collection<\/td>\n<td width=\"260\">Mon Jardin<\/td>\n<\/tr>\n<tr>\n<td width=\"271\" height=\"24\">Utilisation<\/td>\n<td width=\"260\">Maison, Restaurant, H\u00f4tel<\/td>\n<\/tr>\n<tr>\n<td width=\"271\" height=\"72\">Type d'ustensiles de cuisine<\/td>\n<td width=\"260\">Bouteille d'huile, plateau \u00e0 fromage, porte-outils, bocal de stockage, cocotte, cruche<\/td>\n<\/tr>\n<tr>\n<td width=\"271\" height=\"24\">Mat\u00e9riau<\/td>\n<td width=\"260\">Gr\u00e8s<\/td>\n<\/tr>\n<tr>\n<td width=\"271\" height=\"24\">Dimension<\/td>\n<td width=\"260\">Comme l'indique la photo de d\u00e9tail<\/td>\n<\/tr>\n<tr>\n<td width=\"271\" height=\"24\">Unit\u00e9s de vente<\/td>\n<td width=\"260\">Article unique<\/td>\n<\/tr>\n<tr>\n<td width=\"271\" height=\"24\">MOQ<\/td>\n<td width=\"260\">1200\/pcs par article<\/td>\n<\/tr>\n<tr>\n<td width=\"271\" height=\"48\">Option personnalis\u00e9e<\/td>\n<td width=\"260\">Couleur\/Taille\/Glaze\/Logo\/Emballage<\/td>\n<\/tr>\n<\/tbody>\n<\/table>\n<\/div>\n<\/div>","protected":false},"featured_media":569,"comment_status":"open","ping_status":"closed","template":"","meta":{"_acf_changed":true},"certification":[63,64,66,58,65,61,60,62],"product_brand":[],"product_cat":[34,20],"product_tag":[],"class_list":{"0":"post-562","1":"product","2":"type-product","3":"status-publish","4":"has-post-thumbnail","6":"certification-amfori","7":"certification-bsci","8":"certification-cnas","9":"certification-fda","10":"certification-iaf","11":"certification-iso-14001","12":"certification-iso-45001","13":"certification-iso-9001","14":"product_cat-custom-household-ceramics","15":"product_cat-ceramic-kitchenware-wholesale","17":"first","18":"instock","19":"shipping-taxable","20":"product-type-simple"},"acf":[],"_links":{"self":[{"href":"https:\/\/www.linkceramics.com\/fr\/wp-json\/wp\/v2\/product\/562","targetHints":{"allow":["GET"]}}],"collection":[{"href":"https:\/\/www.linkceramics.com\/fr\/wp-json\/wp\/v2\/product"}],"about":[{"href":"https:\/\/www.linkceramics.com\/fr\/wp-json\/wp\/v2\/types\/product"}],"replies":[{"embeddable":true,"href":"https:\/\/www.linkceramics.com\/fr\/wp-json\/wp\/v2\/comments?post=562"}],"wp:featuredmedia":[{"embeddable":true,"href":"https:\/\/www.linkceramics.com\/fr\/wp-json\/wp\/v2\/media\/569"}],"wp:attachment":[{"href":"https:\/\/www.linkceramics.com\/fr\/wp-json\/wp\/v2\/media?parent=562"}],"wp:term":[{"taxonomy":"certification","embeddable":true,"href":"https:\/\/www.linkceramics.com\/fr\/wp-json\/wp\/v2\/certification?post=562"},{"taxonomy":"product_brand","embeddable":true,"href":"https:\/\/www.linkceramics.com\/fr\/wp-json\/wp\/v2\/product_brand?post=562"},{"taxonomy":"product_cat","embeddable":true,"href":"https:\/\/www.linkceramics.com\/fr\/wp-json\/wp\/v2\/product_cat?post=562"},{"taxonomy":"product_tag","embeddable":true,"href":"https:\/\/www.linkceramics.com\/fr\/wp-json\/wp\/v2\/product_tag?post=562"}],"curies":[{"name":"wp","href":"https:\/\/api.w.org\/{rel}","templated":true}]}}