{"id":572,"date":"2024-12-10T03:41:46","date_gmt":"2024-12-10T03:41:46","guid":{"rendered":"https:\/\/www.linkceramics.com\/?post_type=product&#038;p=572"},"modified":"2024-12-10T03:41:47","modified_gmt":"2024-12-10T03:41:47","slug":"ceramic-vases-wholesale","status":"publish","type":"product","link":"https:\/\/www.linkceramics.com\/fr\/product\/ceramic-vases-wholesale\/","title":{"rendered":"Vases en c\u00e9ramique exquis en gros, Vases \u00e0 fleurs en vrac"},"content":{"rendered":"<div class=\"wp-block-columns is-layout-flex wp-container-core-columns-is-layout-9d6595d7 wp-block-columns-is-layout-flex\">\n<div class=\"wp-block-column is-layout-flow wp-block-column-is-layout-flow\" style=\"flex-basis:66.66%\">\n<h3 class=\"wp-block-heading\">Vases en c\u00e9ramique de qualit\u00e9 sup\u00e9rieure Caract\u00e9ristiques :<\/h3>\n\n\n\n<ul class=\"wp-block-list\">\n<li><strong>Design exquis :\u00a0<\/strong>Ces vases en c\u00e9ramique gris-noir sont soigneusement sculpt\u00e9s avec une vari\u00e9t\u00e9 de motifs en relief sur la surface, qui sont \u00e0 la fois tridimensionnels et pleins d'atmosph\u00e8re artistique, et peuvent ajouter un style d\u00e9coratif unique \u00e0 votre maison ou \u00e0 votre espace commercial.<\/li>\n\n\n\n<li><strong>Disponible en plusieurs tailles :\u00a0<\/strong>Notre s\u00e9rie de vases en c\u00e9ramique offre une vari\u00e9t\u00e9 de vases de tailles et de formes diff\u00e9rentes, des petites d\u00e9corations de table aux grands ornements sur pied, convenant \u00e0 diff\u00e9rents types et tailles de fleurs.<\/li>\n\n\n\n<li><strong>R\u00e9sistant \u00e0 l'usure :\u00a0<\/strong>Nos vases en c\u00e9ramique en vrac sont fabriqu\u00e9s \u00e0 partir de mat\u00e9riaux c\u00e9ramiques robustes, et le processus de cuisson \u00e0 haute temp\u00e9rature garantit la solidit\u00e9 et la durabilit\u00e9 des vases. Le processus de cuisson \u00e0 haute temp\u00e9rature garantit la solidit\u00e9 et la durabilit\u00e9 des vases. Le mat\u00e9riau de haute qualit\u00e9 rend le produit non seulement durable, mais aussi tr\u00e8s r\u00e9sistant \u00e0 l'usure et aux intemp\u00e9ries.<\/li>\n\n\n\n<li><strong>R\u00e9pondre aux besoins commerciaux :<\/strong>\u00a0Nos s\u00e9ries de vases en c\u00e9ramique en gros sont con\u00e7ues pour l'approvisionnement en gros, avec des prix raisonnables et une qualit\u00e9 de conception haut de gamme, convenant aux d\u00e9taillants, aux grands projets et aux projets de d\u00e9coration commerciale tels que les h\u00f4tels.<\/li>\n<\/ul>\n<\/div>\n\n\n\n<div class=\"wp-block-column is-layout-flow wp-block-column-is-layout-flow\" style=\"flex-basis:33.33%\">\n<figure class=\"wp-block-image size-full\"><img decoding=\"async\" width=\"768\" height=\"768\" src=\"https:\/\/www.linkceramics.com\/wp-content\/uploads\/2024\/11\/Exquisite-Ceramic-Vases-Wholesale-Flower-Vases-In-Bulk-6-768x768-1.webp\" alt=\"Vases en c\u00e9ramique exquis-Vases en gros-Vases de fleurs en vrac-6-768x768\" class=\"wp-image-578\" srcset=\"https:\/\/www.linkceramics.com\/wp-content\/uploads\/2024\/11\/Exquisite-Ceramic-Vases-Wholesale-Flower-Vases-In-Bulk-6-768x768-1.webp 768w, https:\/\/www.linkceramics.com\/wp-content\/uploads\/2024\/11\/Exquisite-Ceramic-Vases-Wholesale-Flower-Vases-In-Bulk-6-768x768-1-300x300.webp 300w, https:\/\/www.linkceramics.com\/wp-content\/uploads\/2024\/11\/Exquisite-Ceramic-Vases-Wholesale-Flower-Vases-In-Bulk-6-768x768-1-150x150.webp 150w, https:\/\/www.linkceramics.com\/wp-content\/uploads\/2024\/11\/Exquisite-Ceramic-Vases-Wholesale-Flower-Vases-In-Bulk-6-768x768-1-600x600.webp 600w, https:\/\/www.linkceramics.com\/wp-content\/uploads\/2024\/11\/Exquisite-Ceramic-Vases-Wholesale-Flower-Vases-In-Bulk-6-768x768-1-100x100.webp 100w\" sizes=\"(max-width: 768px) 100vw, 768px\" \/><\/figure>\n<\/div>\n<\/div>","protected":false},"excerpt":{"rendered":"<div id=\"brxe-0ee1ca\" class=\"brxe-product-meta product_meta\">\n<div id=\"brxe-0ee1ca\" class=\"brxe-product-meta product_meta\">\n<div id=\"brxe-0ee1ca\" class=\"brxe-product-meta product_meta\">Nous vous invitons \u00e0 acheter des vases \u00e0 fleurs en gros. Notre s\u00e9rie de vases en c\u00e9ramique exquis en gros pr\u00e9sente un beau design lin\u00e9aire et des textures gaufr\u00e9es ray\u00e9es exquises et offre une vari\u00e9t\u00e9 d'options de couleurs pour r\u00e9pondre \u00e0 divers besoins de d\u00e9coration d'int\u00e9rieur. Cette s\u00e9rie de produits a un design moderne et une qualit\u00e9 sup\u00e9rieure pour r\u00e9pondre aux divers besoins des clients commerciaux et de d\u00e9tail.<\/div>\n<\/div>\n<\/div>\n<div id=\"brxe-8c5ca9\" class=\"brxe-product-short-description\">\n<div class=\"woocommerce-product-details__short-description\">\n<h2>Vases en c\u00e9ramique de qualit\u00e9 sup\u00e9rieure Sp\u00e9cifications :<\/h2>\n<table border=\"0\" width=\"531\" cellspacing=\"0\" cellpadding=\"0\">\n<tbody>\n<tr>\n<td width=\"271\" height=\"24\">Fabricant<\/td>\n<td width=\"260\">Un foyer d'amour<\/td>\n<\/tr>\n<tr>\n<td width=\"271\" height=\"25\">Type de produit<\/td>\n<td width=\"260\">Vases \u00e0 fleurs<\/td>\n<\/tr>\n<tr>\n<td width=\"271\" height=\"24\">Mat\u00e9riau<\/td>\n<td width=\"260\">Porcelaine durable<\/td>\n<\/tr>\n<tr>\n<td width=\"271\" height=\"24\">Dimension<\/td>\n<td width=\"260\">Comme l'indique la photo de d\u00e9tail<\/td>\n<\/tr>\n<tr>\n<td width=\"271\" height=\"24\">Unit\u00e9s de vente<\/td>\n<td width=\"260\">Article unique<\/td>\n<\/tr>\n<tr>\n<td width=\"271\" height=\"24\">MOQ<\/td>\n<td width=\"260\">1200\/pcs par article<\/td>\n<\/tr>\n<tr>\n<td width=\"271\" height=\"48\">Option personnalis\u00e9e<\/td>\n<td width=\"260\">Couleur\/Taille\/Glaze\/Logo\/Emballage<\/td>\n<\/tr>\n<\/tbody>\n<\/table>\n<\/div>\n<\/div>","protected":false},"featured_media":573,"comment_status":"open","ping_status":"closed","template":"","meta":{"_acf_changed":true},"certification":[63,64,66,58,65,61,60,62],"product_brand":[],"product_cat":[37,17],"product_tag":[],"class_list":{"0":"post-572","1":"product","2":"type-product","3":"status-publish","4":"has-post-thumbnail","6":"certification-amfori","7":"certification-bsci","8":"certification-cnas","9":"certification-fda","10":"certification-iaf","11":"certification-iso-14001","12":"certification-iso-45001","13":"certification-iso-9001","14":"product_cat-decorative-ceramic-wholesale","15":"product_cat-ceramic-vases-wholesale","17":"first","18":"instock","19":"shipping-taxable","20":"product-type-simple"},"acf":[],"_links":{"self":[{"href":"https:\/\/www.linkceramics.com\/fr\/wp-json\/wp\/v2\/product\/572","targetHints":{"allow":["GET"]}}],"collection":[{"href":"https:\/\/www.linkceramics.com\/fr\/wp-json\/wp\/v2\/product"}],"about":[{"href":"https:\/\/www.linkceramics.com\/fr\/wp-json\/wp\/v2\/types\/product"}],"replies":[{"embeddable":true,"href":"https:\/\/www.linkceramics.com\/fr\/wp-json\/wp\/v2\/comments?post=572"}],"wp:featuredmedia":[{"embeddable":true,"href":"https:\/\/www.linkceramics.com\/fr\/wp-json\/wp\/v2\/media\/573"}],"wp:attachment":[{"href":"https:\/\/www.linkceramics.com\/fr\/wp-json\/wp\/v2\/media?parent=572"}],"wp:term":[{"taxonomy":"certification","embeddable":true,"href":"https:\/\/www.linkceramics.com\/fr\/wp-json\/wp\/v2\/certification?post=572"},{"taxonomy":"product_brand","embeddable":true,"href":"https:\/\/www.linkceramics.com\/fr\/wp-json\/wp\/v2\/product_brand?post=572"},{"taxonomy":"product_cat","embeddable":true,"href":"https:\/\/www.linkceramics.com\/fr\/wp-json\/wp\/v2\/product_cat?post=572"},{"taxonomy":"product_tag","embeddable":true,"href":"https:\/\/www.linkceramics.com\/fr\/wp-json\/wp\/v2\/product_tag?post=572"}],"curies":[{"name":"wp","href":"https:\/\/api.w.org\/{rel}","templated":true}]}}