{"id":579,"date":"2024-12-10T03:43:02","date_gmt":"2024-12-10T03:43:02","guid":{"rendered":"https:\/\/www.linkceramics.com\/?post_type=product&#038;p=579"},"modified":"2024-12-10T03:43:04","modified_gmt":"2024-12-10T03:43:04","slug":"ceramic-flower-vases-wholesale","status":"publish","type":"product","link":"https:\/\/www.linkceramics.com\/fr\/product\/ceramic-flower-vases-wholesale\/","title":{"rendered":"Vases \u00e0 fleurs en c\u00e9ramique Wholesale, Vases \u00e0 gla\u00e7ure flamb\u00e9e Bulk"},"content":{"rendered":"<div class=\"wp-block-columns is-layout-flex wp-container-core-columns-is-layout-9d6595d7 wp-block-columns-is-layout-flex\">\n<div class=\"wp-block-column is-layout-flow wp-block-column-is-layout-flow\" style=\"flex-basis:66.66%\">\n<h3 class=\"wp-block-heading\">Vases \u00e0 fleurs en c\u00e9ramique de qualit\u00e9 sup\u00e9rieure Caract\u00e9ristiques :<\/h3>\n\n\n\n<ul class=\"wp-block-list\">\n<li><strong>R\u00e9pondre \u00e0 divers besoins en mati\u00e8re de d\u00e9coration :\u00a0<\/strong>Cette s\u00e9rie de vases \u00e0 fleurs en c\u00e9ramique \u00e0 gla\u00e7ure flamb\u00e9e offre une vari\u00e9t\u00e9 de formes et de tailles, convenant \u00e0 la maison, aux espaces commerciaux et \u00e0 l'exposition d'\u0153uvres d'art, et peut \u00eatre assortie de mani\u00e8re flexible \u00e0 diff\u00e9rents styles et sc\u00e8nes d\u00e9coratifs.<\/li>\n\n\n\n<li><strong>Technologie unique de gla\u00e7age flamb\u00e9 :\u00a0<\/strong>Cette s\u00e9rie de vases floraux en gros adopte la technologie traditionnelle de la gla\u00e7ure flamb\u00e9e. La gla\u00e7ure s'\u00e9coule naturellement pendant la cuisson \u00e0 haute temp\u00e9rature, formant de riches changements de couleur et des textures marbr\u00e9es. Chaque pi\u00e8ce est une \u0153uvre d'art unique, t\u00e9moignant du charme de la poterie faite \u00e0 la main.<\/li>\n\n\n\n<li><strong>Durable et facile \u00e0 entretenir :\u00a0<\/strong>Nos vases \u00e0 fleurs en c\u00e9ramique sont cuits \u00e0 haute temp\u00e9rature et pr\u00e9sentent une forte r\u00e9sistance aux fissures et une grande durabilit\u00e9, convenant \u00e0 une utilisation \u00e0 long terme. L'\u00e9mail est lisse et facile \u00e0 nettoyer, ce qui lui permet de conserver son aspect brillant lors d'une utilisation quotidienne.<\/li>\n\n\n\n<li><strong>Combinaison de classique et de moderne :\u00a0<\/strong>Cette s\u00e9rie de vases floraux combine les couleurs classiques des gla\u00e7ures florales avec des formes modernes et simples, ce qui non seulement conserve le charme \u00e9l\u00e9gant de l'artisanat traditionnel, mais incorpore \u00e9galement des styles de conception modernes, ce qui peut am\u00e9liorer l'atmosph\u00e8re artistique de la d\u00e9coration d'int\u00e9rieur.<\/li>\n<\/ul>\n<\/div>\n\n\n\n<div class=\"wp-block-column is-layout-flow wp-block-column-is-layout-flow\" style=\"flex-basis:33.33%\">\n<figure class=\"wp-block-image size-full\"><img decoding=\"async\" width=\"768\" height=\"768\" src=\"https:\/\/www.linkceramics.com\/wp-content\/uploads\/2024\/11\/Ceramic-Flower-Vases-Wholesale-Flambe-Glaze-Vases-Bulk-87-768x768-1.webp\" alt=\"Ceramic-Flower-Vases-Wholesale-Flambe-Glaze-Vases-Bulk-87-768x768\" class=\"wp-image-584\" srcset=\"https:\/\/www.linkceramics.com\/wp-content\/uploads\/2024\/11\/Ceramic-Flower-Vases-Wholesale-Flambe-Glaze-Vases-Bulk-87-768x768-1.webp 768w, https:\/\/www.linkceramics.com\/wp-content\/uploads\/2024\/11\/Ceramic-Flower-Vases-Wholesale-Flambe-Glaze-Vases-Bulk-87-768x768-1-300x300.webp 300w, https:\/\/www.linkceramics.com\/wp-content\/uploads\/2024\/11\/Ceramic-Flower-Vases-Wholesale-Flambe-Glaze-Vases-Bulk-87-768x768-1-150x150.webp 150w, https:\/\/www.linkceramics.com\/wp-content\/uploads\/2024\/11\/Ceramic-Flower-Vases-Wholesale-Flambe-Glaze-Vases-Bulk-87-768x768-1-600x600.webp 600w, https:\/\/www.linkceramics.com\/wp-content\/uploads\/2024\/11\/Ceramic-Flower-Vases-Wholesale-Flambe-Glaze-Vases-Bulk-87-768x768-1-100x100.webp 100w\" sizes=\"(max-width: 768px) 100vw, 768px\" \/><\/figure>\n<\/div>\n<\/div>","protected":false},"excerpt":{"rendered":"<div id=\"brxe-0ee1ca\" class=\"brxe-product-meta product_meta\">\n<div id=\"brxe-0ee1ca\" class=\"brxe-product-meta product_meta\">\n<div id=\"brxe-0ee1ca\" class=\"brxe-product-meta product_meta\">Bienvenue sur le site d'achat en gros de vases \u00e0 fleurs. Cette collection de vases \u00e0 fleurs en c\u00e9ramique offre une vari\u00e9t\u00e9 de formes et de tailles, utilisant le processus unique de gla\u00e7age flamb\u00e9, chaque vase a une texture de couleur unique. Le processus de cuisson \u00e0 haute temp\u00e9rature garantit la durabilit\u00e9 et la facilit\u00e9 d'entretien. La combinaison d'un design classique et moderne en fait un objet de d\u00e9coration id\u00e9al.<\/div>\n<\/div>\n<\/div>\n<div id=\"brxe-8c5ca9\" class=\"brxe-product-short-description\">\n<div class=\"woocommerce-product-details__short-description\">\n<h2>Vases \u00e0 fleurs en c\u00e9ramique Sp\u00e9cifications :<\/h2>\n<table border=\"0\" width=\"531\" cellspacing=\"0\" cellpadding=\"0\">\n<tbody>\n<tr>\n<td width=\"271\" height=\"24\">Fabricant<\/td>\n<td width=\"260\">Un foyer d'amour<\/td>\n<\/tr>\n<tr>\n<td width=\"271\" height=\"25\">Type de produit<\/td>\n<td width=\"260\">Vases \u00e0 fleurs<\/td>\n<\/tr>\n<tr>\n<td width=\"271\" height=\"24\">Mat\u00e9riau<\/td>\n<td width=\"260\">Porcelaine durable<\/td>\n<\/tr>\n<tr>\n<td width=\"271\" height=\"24\">Dimension<\/td>\n<td width=\"260\">Comme l'indique la photo de d\u00e9tail<\/td>\n<\/tr>\n<tr>\n<td width=\"271\" height=\"24\">Unit\u00e9s de vente<\/td>\n<td width=\"260\">Article unique<\/td>\n<\/tr>\n<tr>\n<td width=\"271\" height=\"24\">MOQ<\/td>\n<td width=\"260\">1200\/pcs par article<\/td>\n<\/tr>\n<tr>\n<td width=\"271\" height=\"48\">Option personnalis\u00e9e<\/td>\n<td width=\"260\">Couleur\/Taille\/Glaze\/Logo\/Emballage<\/td>\n<\/tr>\n<\/tbody>\n<\/table>\n<\/div>\n<\/div>","protected":false},"featured_media":583,"comment_status":"open","ping_status":"closed","template":"","meta":{"_acf_changed":true},"certification":[63,64,66,58,65,61,60,62],"product_brand":[],"product_cat":[37,38,17],"product_tag":[],"class_list":{"0":"post-579","1":"product","2":"type-product","3":"status-publish","4":"has-post-thumbnail","6":"certification-amfori","7":"certification-bsci","8":"certification-cnas","9":"certification-fda","10":"certification-iaf","11":"certification-iso-14001","12":"certification-iso-45001","13":"certification-iso-9001","14":"product_cat-decorative-ceramic-wholesale","15":"product_cat-custom-ceramic-ornament","16":"product_cat-ceramic-vases-wholesale","18":"first","19":"instock","20":"shipping-taxable","21":"product-type-simple"},"acf":[],"_links":{"self":[{"href":"https:\/\/www.linkceramics.com\/fr\/wp-json\/wp\/v2\/product\/579","targetHints":{"allow":["GET"]}}],"collection":[{"href":"https:\/\/www.linkceramics.com\/fr\/wp-json\/wp\/v2\/product"}],"about":[{"href":"https:\/\/www.linkceramics.com\/fr\/wp-json\/wp\/v2\/types\/product"}],"replies":[{"embeddable":true,"href":"https:\/\/www.linkceramics.com\/fr\/wp-json\/wp\/v2\/comments?post=579"}],"wp:featuredmedia":[{"embeddable":true,"href":"https:\/\/www.linkceramics.com\/fr\/wp-json\/wp\/v2\/media\/583"}],"wp:attachment":[{"href":"https:\/\/www.linkceramics.com\/fr\/wp-json\/wp\/v2\/media?parent=579"}],"wp:term":[{"taxonomy":"certification","embeddable":true,"href":"https:\/\/www.linkceramics.com\/fr\/wp-json\/wp\/v2\/certification?post=579"},{"taxonomy":"product_brand","embeddable":true,"href":"https:\/\/www.linkceramics.com\/fr\/wp-json\/wp\/v2\/product_brand?post=579"},{"taxonomy":"product_cat","embeddable":true,"href":"https:\/\/www.linkceramics.com\/fr\/wp-json\/wp\/v2\/product_cat?post=579"},{"taxonomy":"product_tag","embeddable":true,"href":"https:\/\/www.linkceramics.com\/fr\/wp-json\/wp\/v2\/product_tag?post=579"}],"curies":[{"name":"wp","href":"https:\/\/api.w.org\/{rel}","templated":true}]}}