{"id":596,"date":"2024-12-21T07:07:28","date_gmt":"2024-12-21T07:07:28","guid":{"rendered":"https:\/\/www.linkceramics.com\/?post_type=product&#038;p=596"},"modified":"2024-12-21T07:07:30","modified_gmt":"2024-12-21T07:07:30","slug":"wholesale-flower-pots-and-planters","status":"publish","type":"product","link":"https:\/\/www.linkceramics.com\/fr\/product\/wholesale-flower-pots-and-planters\/","title":{"rendered":"Pots de fleurs et jardini\u00e8res en gros, Pots de jardin en ciment jaune en vrac"},"content":{"rendered":"<div class=\"wp-block-columns is-layout-flex wp-container-core-columns-is-layout-9d6595d7 wp-block-columns-is-layout-flex\">\n<div class=\"wp-block-column is-layout-flow wp-block-column-is-layout-flow\" style=\"flex-basis:66.66%\">\n<h3 class=\"wp-block-heading\">Premium Wholesale Flower Pots And Planters Caract\u00e9ristiques :<\/h3>\n\n\n\n<ul class=\"wp-block-list\">\n<li><strong>S\u00e9lection vari\u00e9e :&nbsp;<\/strong>Cette s\u00e9rie de pots de fleurs et de jardini\u00e8res en gros a une vari\u00e9t\u00e9 de formes et de tailles diff\u00e9rentes \u00e0 choisir, qu'il s'agisse d'une petite plante d'int\u00e9rieur, d'une plante en pot de balcon ou d'une grande plante d'ext\u00e9rieur, vous pouvez trouver un style appropri\u00e9.<\/li>\n\n\n\n<li><strong>Assurer une durabilit\u00e9 \u00e0 long terme :&nbsp;<\/strong>Ces pots de jardin en vrac sont fabriqu\u00e9s \u00e0 partir de mat\u00e9riaux en ciment de haute qualit\u00e9, qui sont extr\u00eamement r\u00e9sistants aux intemp\u00e9ries et \u00e0 la corrosion. Ils peuvent \u00eatre utilis\u00e9s \u00e0 l'ext\u00e9rieur pendant longtemps sans se fissurer ni se d\u00e9colorer sous l'effet du vent, du soleil ou de la pluie, ce qui garantit la durabilit\u00e9 \u00e0 long terme du produit.<\/li>\n\n\n\n<li><strong>Design simple et \u00e9l\u00e9gant :&nbsp;<\/strong>Nos s\u00e9ries de pots de fleurs et de jardini\u00e8res en gros sont principalement bas\u00e9es sur des tons jaunes doux et des designs simples, qui s'int\u00e8grent parfaitement au style de jardinage moderne. Ils peuvent \u00eatre utilis\u00e9s non seulement pour embellir les plantes, mais aussi comme \u00e9l\u00e9ments d\u00e9coratifs pour am\u00e9liorer les effets visuels des cours, des balcons ou des espaces int\u00e9rieurs.<\/li>\n\n\n\n<li><strong>Fabrication respectueuse de l'environnement :&nbsp;<\/strong>Nos pots de jardin en vrac sont fabriqu\u00e9s \u00e0 partir de mat\u00e9riaux cimentaires naturels et \u00e9cologiques, ce qui r\u00e9duit l'impact sur l'environnement pendant le processus de production. Ses caract\u00e9ristiques robustes et durables r\u00e9duisent \u00e9galement la fr\u00e9quence de remplacement, ce qui contribue \u00e0 cr\u00e9er un mode de vie plus respectueux de l'environnement et plus durable en mati\u00e8re de jardinage.<\/li>\n<\/ul>\n<\/div>\n\n\n\n<div class=\"wp-block-column is-layout-flow wp-block-column-is-layout-flow\" style=\"flex-basis:33.33%\">\n<figure class=\"wp-block-image size-full\"><img decoding=\"async\" width=\"768\" height=\"768\" src=\"https:\/\/www.linkceramics.com\/wp-content\/uploads\/2024\/11\/Wholesale-Flower-Pots-And-Planters-Cement-Yellow-Bulk-Garden-Pots-80-768x768-1.webp\" alt=\"Grossiste-Pots-de-fleurs-et-Planteurs-Cement-Bulk-Jaune-Pots-de-jardin-80-768x768\" class=\"wp-image-602\" srcset=\"https:\/\/www.linkceramics.com\/wp-content\/uploads\/2024\/11\/Wholesale-Flower-Pots-And-Planters-Cement-Yellow-Bulk-Garden-Pots-80-768x768-1.webp 768w, https:\/\/www.linkceramics.com\/wp-content\/uploads\/2024\/11\/Wholesale-Flower-Pots-And-Planters-Cement-Yellow-Bulk-Garden-Pots-80-768x768-1-300x300.webp 300w, https:\/\/www.linkceramics.com\/wp-content\/uploads\/2024\/11\/Wholesale-Flower-Pots-And-Planters-Cement-Yellow-Bulk-Garden-Pots-80-768x768-1-150x150.webp 150w, https:\/\/www.linkceramics.com\/wp-content\/uploads\/2024\/11\/Wholesale-Flower-Pots-And-Planters-Cement-Yellow-Bulk-Garden-Pots-80-768x768-1-600x600.webp 600w, https:\/\/www.linkceramics.com\/wp-content\/uploads\/2024\/11\/Wholesale-Flower-Pots-And-Planters-Cement-Yellow-Bulk-Garden-Pots-80-768x768-1-100x100.webp 100w\" sizes=\"(max-width: 768px) 100vw, 768px\" \/><\/figure>\n<\/div>\n<\/div>","protected":false},"excerpt":{"rendered":"<div id=\"brxe-0ee1ca\" class=\"brxe-product-meta product_meta\">\n<div id=\"brxe-0ee1ca\" class=\"brxe-product-meta product_meta\">\n<div id=\"brxe-0ee1ca\" class=\"brxe-product-meta product_meta\">Bienvenue \u00e0 l'achat de pots de jardin en vrac. Cette s\u00e9rie de pots de fleurs et de jardini\u00e8res en gros offre une vari\u00e9t\u00e9 de formes et de tailles. Fabriqu\u00e9s en ciment de haute qualit\u00e9, ils sont extr\u00eamement r\u00e9sistants aux intemp\u00e9ries et \u00e0 la corrosion, ce qui les rend adapt\u00e9s \u00e0 une utilisation ext\u00e9rieure de longue dur\u00e9e. Le design jaune simple ajoute un sens de la mode au jardinage moderne, tandis que la fabrication respectueuse de l'environnement garantit qu'il soutient le d\u00e9veloppement durable et constitue un choix id\u00e9al pour la d\u00e9coration du jardin.<\/div>\n<\/div>\n<\/div>\n<div id=\"brxe-8c5ca9\" class=\"brxe-product-short-description\">\n<div class=\"woocommerce-product-details__short-description\">\n<h2>Pots de fleurs et jardini\u00e8res Sp\u00e9cifications :<\/h2>\n<table border=\"0\" width=\"531\" cellspacing=\"0\" cellpadding=\"0\">\n<tbody>\n<tr>\n<td width=\"271\" height=\"24\">Fabricant<\/td>\n<td width=\"260\">Un foyer d'amour<\/td>\n<\/tr>\n<tr>\n<td width=\"271\" height=\"25\">Type de produit<\/td>\n<td width=\"260\">Pots de plantes<\/td>\n<\/tr>\n<tr>\n<td width=\"271\" height=\"24\">Mat\u00e9riau<\/td>\n<td width=\"260\">Ciment durable<\/td>\n<\/tr>\n<tr>\n<td width=\"271\" height=\"24\">Dimension<\/td>\n<td width=\"260\">Comme l'indique la photo de d\u00e9tail<\/td>\n<\/tr>\n<tr>\n<td width=\"271\" height=\"24\">Unit\u00e9s de vente<\/td>\n<td width=\"260\">Article unique<\/td>\n<\/tr>\n<tr>\n<td width=\"271\" height=\"24\">MOQ<\/td>\n<td width=\"260\">1200\/pcs par article<\/td>\n<\/tr>\n<tr>\n<td width=\"271\" height=\"48\">Option personnalis\u00e9e<\/td>\n<td width=\"260\">Couleur\/Taille\/Glaze\/Logo\/Emballage<\/td>\n<\/tr>\n<\/tbody>\n<\/table>\n<\/div>\n<\/div>","protected":false},"featured_media":601,"comment_status":"open","ping_status":"closed","template":"","meta":{"_acf_changed":true},"certification":[63,64,66,58,65,61,60,62],"product_brand":[],"product_cat":[37,38,17],"product_tag":[],"class_list":{"0":"post-596","1":"product","2":"type-product","3":"status-publish","4":"has-post-thumbnail","6":"certification-amfori","7":"certification-bsci","8":"certification-cnas","9":"certification-fda","10":"certification-iaf","11":"certification-iso-14001","12":"certification-iso-45001","13":"certification-iso-9001","14":"product_cat-decorative-ceramic-wholesale","15":"product_cat-custom-ceramic-ornament","16":"product_cat-ceramic-vases-wholesale","18":"first","19":"instock","20":"shipping-taxable","21":"product-type-simple"},"acf":[],"_links":{"self":[{"href":"https:\/\/www.linkceramics.com\/fr\/wp-json\/wp\/v2\/product\/596","targetHints":{"allow":["GET"]}}],"collection":[{"href":"https:\/\/www.linkceramics.com\/fr\/wp-json\/wp\/v2\/product"}],"about":[{"href":"https:\/\/www.linkceramics.com\/fr\/wp-json\/wp\/v2\/types\/product"}],"replies":[{"embeddable":true,"href":"https:\/\/www.linkceramics.com\/fr\/wp-json\/wp\/v2\/comments?post=596"}],"wp:featuredmedia":[{"embeddable":true,"href":"https:\/\/www.linkceramics.com\/fr\/wp-json\/wp\/v2\/media\/601"}],"wp:attachment":[{"href":"https:\/\/www.linkceramics.com\/fr\/wp-json\/wp\/v2\/media?parent=596"}],"wp:term":[{"taxonomy":"certification","embeddable":true,"href":"https:\/\/www.linkceramics.com\/fr\/wp-json\/wp\/v2\/certification?post=596"},{"taxonomy":"product_brand","embeddable":true,"href":"https:\/\/www.linkceramics.com\/fr\/wp-json\/wp\/v2\/product_brand?post=596"},{"taxonomy":"product_cat","embeddable":true,"href":"https:\/\/www.linkceramics.com\/fr\/wp-json\/wp\/v2\/product_cat?post=596"},{"taxonomy":"product_tag","embeddable":true,"href":"https:\/\/www.linkceramics.com\/fr\/wp-json\/wp\/v2\/product_tag?post=596"}],"curies":[{"name":"wp","href":"https:\/\/api.w.org\/{rel}","templated":true}]}}