{"id":691,"date":"2024-12-10T03:46:10","date_gmt":"2024-12-10T03:46:10","guid":{"rendered":"https:\/\/www.linkceramics.com\/?post_type=product&#038;p=691"},"modified":"2024-12-10T03:46:11","modified_gmt":"2024-12-10T03:46:11","slug":"flower-vases-in-bulk","status":"publish","type":"product","link":"https:\/\/www.linkceramics.com\/fr\/product\/flower-vases-in-bulk\/","title":{"rendered":"Vases \u00e0 fleurs exquis en vrac, Pots en gros pour plantes avec poisson et relief en perles"},"content":{"rendered":"<div class=\"wp-block-columns is-layout-flex wp-container-core-columns-is-layout-9d6595d7 wp-block-columns-is-layout-flex\">\n<div class=\"wp-block-column is-layout-flow wp-block-column-is-layout-flow\" style=\"flex-basis:66.66%\">\n<h3 class=\"wp-block-heading\">Vases \u00e0 fleurs de qualit\u00e9 sup\u00e9rieure en vrac Caract\u00e9ristiques :<\/h3>\n\n\n\n<ul class=\"wp-block-list\">\n<li><strong>Poissons exquis et motifs en relief en perles :\u00a0<\/strong>Ces pots pour plantes et vases \u00e0 fleurs en gros sont grav\u00e9s de motifs uniques de poissons et de perles en relief sur la surface, qui sont pleins de sens artistique et conviennent comme points focaux d\u00e9coratifs.<\/li>\n\n\n\n<li><strong>Diverses options de taille :\u00a0<\/strong>Nos vases et pots en c\u00e9ramique en gros sont disponibles dans une vari\u00e9t\u00e9 de tailles pour r\u00e9pondre aux diff\u00e9rents besoins de placement des plantes, qu'il s'agisse de petites plantes d'int\u00e9rieur ou de grandes plantes d'ext\u00e9rieur, vous pouvez trouver une correspondance appropri\u00e9e.<\/li>\n\n\n\n<li><strong>Durable et beau :\u00a0<\/strong>Ces vases \u00e0 fleurs en vrac et ces pots \u00e0 plantes en gros sont fabriqu\u00e9s en c\u00e9ramique de haute qualit\u00e9 pour garantir la solidit\u00e9 et la durabilit\u00e9 du produit, avec une bonne perm\u00e9abilit\u00e9 \u00e0 l'air et une bonne r\u00e9sistance aux intemp\u00e9ries, ce qui peut non seulement assurer la croissance saine des plantes, mais aussi maintenir leur apparence \u00e0 long terme.<\/li>\n\n\n\n<li><strong>Un choix id\u00e9al pour les achats en gros :\u00a0<\/strong>Nos vases et pots \u00e0 plantes en c\u00e9ramique en gros sont con\u00e7us pour les clients en gros, avec des prix raisonnables et des designs artistiques haut de gamme, adapt\u00e9s aux achats \u00e0 grande \u00e9chelle par les d\u00e9taillants, les entreprises de d\u00e9coration d'int\u00e9rieur et les projets commerciaux.<\/li>\n<\/ul>\n<\/div>\n\n\n\n<div class=\"wp-block-column is-layout-flow wp-block-column-is-layout-flow\" style=\"flex-basis:33.33%\">\n<figure class=\"wp-block-image size-full\"><img decoding=\"async\" width=\"768\" height=\"768\" src=\"https:\/\/www.linkceramics.com\/wp-content\/uploads\/2024\/12\/Exquisite-Flower-Vases-In-Bulk-Wholesale-Pots-For-Plants-4-768x768-1.webp\" alt=\"Vases \u00e0 fleurs exquis en vrac - vente en gros - pots pour plantes - 4-768x768\" class=\"wp-image-695\" srcset=\"https:\/\/www.linkceramics.com\/wp-content\/uploads\/2024\/12\/Exquisite-Flower-Vases-In-Bulk-Wholesale-Pots-For-Plants-4-768x768-1.webp 768w, https:\/\/www.linkceramics.com\/wp-content\/uploads\/2024\/12\/Exquisite-Flower-Vases-In-Bulk-Wholesale-Pots-For-Plants-4-768x768-1-300x300.webp 300w, https:\/\/www.linkceramics.com\/wp-content\/uploads\/2024\/12\/Exquisite-Flower-Vases-In-Bulk-Wholesale-Pots-For-Plants-4-768x768-1-150x150.webp 150w, https:\/\/www.linkceramics.com\/wp-content\/uploads\/2024\/12\/Exquisite-Flower-Vases-In-Bulk-Wholesale-Pots-For-Plants-4-768x768-1-600x600.webp 600w, https:\/\/www.linkceramics.com\/wp-content\/uploads\/2024\/12\/Exquisite-Flower-Vases-In-Bulk-Wholesale-Pots-For-Plants-4-768x768-1-100x100.webp 100w\" sizes=\"(max-width: 768px) 100vw, 768px\" \/><\/figure>\n<\/div>\n<\/div>","protected":false},"excerpt":{"rendered":"<div id=\"brxe-0ee1ca\" class=\"brxe-product-meta product_meta\">\n<div id=\"brxe-0ee1ca\" class=\"brxe-product-meta product_meta\">\n<div id=\"brxe-0ee1ca\" class=\"brxe-product-meta product_meta\">Bienvenue sur le site d'achat en gros de vases en c\u00e9ramique. Ces vases \u00e0 fleurs en vrac et ces pots pour plantes en gros ont des motifs de poissons et de perles en relief disponibles dans diff\u00e9rentes tailles. Ils conviennent \u00e0 tous les types de placement de plantes et de d\u00e9coration d'int\u00e9rieur. Le mat\u00e9riau c\u00e9ramique de haute qualit\u00e9 assure sa durabilit\u00e9, ce qui en fait un choix de gros id\u00e9al pour les clients commerciaux et de d\u00e9tail.<\/div>\n<\/div>\n<\/div>\n<div id=\"brxe-8c5ca9\" class=\"brxe-product-short-description\">\n<div class=\"woocommerce-product-details__short-description\">\n<h2>Vases \u00e0 fleurs de qualit\u00e9 sup\u00e9rieure Sp\u00e9cifications :<\/h2>\n<table border=\"0\" width=\"531\" cellspacing=\"0\" cellpadding=\"0\">\n<tbody>\n<tr>\n<td width=\"271\" height=\"24\">Fabricant<\/td>\n<td width=\"260\">Un foyer d'amour<\/td>\n<\/tr>\n<tr>\n<td width=\"271\" height=\"25\">Type de produit<\/td>\n<td width=\"260\">Vases \u00e0 fleurs, pots \u00e0 plantes<\/td>\n<\/tr>\n<tr>\n<td width=\"271\" height=\"24\">Mat\u00e9riau<\/td>\n<td width=\"260\">Porcelaine durable<\/td>\n<\/tr>\n<tr>\n<td width=\"271\" height=\"24\">Dimension<\/td>\n<td width=\"260\">Comme l'indique la photo de d\u00e9tail<\/td>\n<\/tr>\n<tr>\n<td width=\"271\" height=\"24\">Unit\u00e9s de vente<\/td>\n<td width=\"260\">Article unique<\/td>\n<\/tr>\n<tr>\n<td width=\"271\" height=\"24\">MOQ<\/td>\n<td width=\"260\">1200\/pcs par article<\/td>\n<\/tr>\n<tr>\n<td width=\"271\" height=\"48\">Option personnalis\u00e9e<\/td>\n<td width=\"260\">Couleur\/Taille\/Glaze\/Logo\/Emballage<\/td>\n<\/tr>\n<\/tbody>\n<\/table>\n<\/div>\n<\/div>","protected":false},"featured_media":693,"comment_status":"open","ping_status":"closed","template":"","meta":{"_acf_changed":false},"certification":[63,64,66,58,65,61,60,62],"product_brand":[],"product_cat":[37,38,17],"product_tag":[],"class_list":{"0":"post-691","1":"product","2":"type-product","3":"status-publish","4":"has-post-thumbnail","6":"certification-amfori","7":"certification-bsci","8":"certification-cnas","9":"certification-fda","10":"certification-iaf","11":"certification-iso-14001","12":"certification-iso-45001","13":"certification-iso-9001","14":"product_cat-decorative-ceramic-wholesale","15":"product_cat-custom-ceramic-ornament","16":"product_cat-ceramic-vases-wholesale","18":"first","19":"instock","20":"shipping-taxable","21":"product-type-simple"},"acf":[],"_links":{"self":[{"href":"https:\/\/www.linkceramics.com\/fr\/wp-json\/wp\/v2\/product\/691","targetHints":{"allow":["GET"]}}],"collection":[{"href":"https:\/\/www.linkceramics.com\/fr\/wp-json\/wp\/v2\/product"}],"about":[{"href":"https:\/\/www.linkceramics.com\/fr\/wp-json\/wp\/v2\/types\/product"}],"replies":[{"embeddable":true,"href":"https:\/\/www.linkceramics.com\/fr\/wp-json\/wp\/v2\/comments?post=691"}],"wp:featuredmedia":[{"embeddable":true,"href":"https:\/\/www.linkceramics.com\/fr\/wp-json\/wp\/v2\/media\/693"}],"wp:attachment":[{"href":"https:\/\/www.linkceramics.com\/fr\/wp-json\/wp\/v2\/media?parent=691"}],"wp:term":[{"taxonomy":"certification","embeddable":true,"href":"https:\/\/www.linkceramics.com\/fr\/wp-json\/wp\/v2\/certification?post=691"},{"taxonomy":"product_brand","embeddable":true,"href":"https:\/\/www.linkceramics.com\/fr\/wp-json\/wp\/v2\/product_brand?post=691"},{"taxonomy":"product_cat","embeddable":true,"href":"https:\/\/www.linkceramics.com\/fr\/wp-json\/wp\/v2\/product_cat?post=691"},{"taxonomy":"product_tag","embeddable":true,"href":"https:\/\/www.linkceramics.com\/fr\/wp-json\/wp\/v2\/product_tag?post=691"}],"curies":[{"name":"wp","href":"https:\/\/api.w.org\/{rel}","templated":true}]}}