{"id":715,"date":"2024-12-10T03:48:08","date_gmt":"2024-12-10T03:48:08","guid":{"rendered":"https:\/\/www.linkceramics.com\/?post_type=product&#038;p=715"},"modified":"2024-12-10T03:48:09","modified_gmt":"2024-12-10T03:48:09","slug":"bulk-candles","status":"publish","type":"product","link":"https:\/\/www.linkceramics.com\/fr\/product\/bulk-candles\/","title":{"rendered":"Bougies en vrac de style tropical, jarres de bougies en gros exquises, bougies parfum\u00e9es"},"content":{"rendered":"<div class=\"wp-block-columns is-layout-flex wp-container-core-columns-is-layout-9d6595d7 wp-block-columns-is-layout-flex\">\n<div class=\"wp-block-column is-layout-flow wp-block-column-is-layout-flow\" style=\"flex-basis:66.66%\">\n<h3 class=\"wp-block-heading\">Bougies en vrac Premium Caract\u00e9ristiques :<\/h3>\n\n\n\n<ul class=\"wp-block-list\">\n<li><strong>Design tropical :\u00a0<\/strong>Ces bougies en vrac sont con\u00e7ues dans un style tropical unique, orn\u00e9es de motifs lumineux de plantes, de fleurs et d'\u00e9l\u00e9ments tropicaux. Elles d\u00e9gagent une forte atmosph\u00e8re naturelle et conviennent parfaitement \u00e0 la d\u00e9coration int\u00e9rieure et aux activit\u00e9s \u00e0 th\u00e8me.<\/li>\n\n\n\n<li><strong>Parfum durable :\u00a0<\/strong>Nos bougies parfum\u00e9es en gros utilisent de la cire naturelle de haute qualit\u00e9 et des huiles essentielles parfum\u00e9es soigneusement formul\u00e9es pour garantir que les bougies parfum\u00e9es \u00e9mettent un parfum doux et durable lorsqu'elles br\u00fblent, am\u00e9liorent le confort de l'espace et conviennent \u00e0 diverses sc\u00e8nes telles que la maison, le SPA, le yoga, etc.<\/li>\n\n\n\n<li><strong>Mat\u00e9riaux respectueux de l'environnement et s\u00fbrs :\u00a0<\/strong>Nos bougies en vrac sont fabriqu\u00e9es en c\u00e9ramique ou en verre respectueux de l'environnement, s\u00fbrs et non toxiques. Les bougies elles-m\u00eames utilisent de la cire naturelle non fum\u00e9e et non toxique, qui ne lib\u00e8re pas de substances nocives en br\u00fblant, ce qui garantit une utilisation saine et r\u00e9pond \u00e0 la demande des consommateurs modernes pour des produits durables et respectueux de l'environnement.<\/li>\n\n\n\n<li><strong>Prise en charge de la vente en gros et de la personnalisation :<\/strong>\u00a0Nous proposons \u00e0 nos clients des services d'achat en gros et de personnalisation pour la vente en gros de photophores et de bougies parfum\u00e9es. Le design des photophores peut \u00eatre personnalis\u00e9 en fonction des besoins de la marque, qu'il s'agisse de la forme, de la couleur ou du motif, afin de cr\u00e9er des produits uniques en toute flexibilit\u00e9.<\/li>\n<\/ul>\n<\/div>\n\n\n\n<div class=\"wp-block-column is-layout-flow wp-block-column-is-layout-flow\" style=\"flex-basis:33.33%\">\n<figure class=\"wp-block-image size-full\"><img decoding=\"async\" width=\"768\" height=\"768\" src=\"https:\/\/www.linkceramics.com\/wp-content\/uploads\/2024\/12\/Tropical-Style-Bulk-Candles-Exquisite-Wholesale-Candle-Jars-Scented-Candles-5-768x768-1.webp\" alt=\"Tropical-Style-Bulk-Candles-Exquisite-Wholesale-Candle-Jars-Scented-Candles-5-768x768\" class=\"wp-image-723\" srcset=\"https:\/\/www.linkceramics.com\/wp-content\/uploads\/2024\/12\/Tropical-Style-Bulk-Candles-Exquisite-Wholesale-Candle-Jars-Scented-Candles-5-768x768-1.webp 768w, https:\/\/www.linkceramics.com\/wp-content\/uploads\/2024\/12\/Tropical-Style-Bulk-Candles-Exquisite-Wholesale-Candle-Jars-Scented-Candles-5-768x768-1-300x300.webp 300w, https:\/\/www.linkceramics.com\/wp-content\/uploads\/2024\/12\/Tropical-Style-Bulk-Candles-Exquisite-Wholesale-Candle-Jars-Scented-Candles-5-768x768-1-150x150.webp 150w, https:\/\/www.linkceramics.com\/wp-content\/uploads\/2024\/12\/Tropical-Style-Bulk-Candles-Exquisite-Wholesale-Candle-Jars-Scented-Candles-5-768x768-1-600x600.webp 600w, https:\/\/www.linkceramics.com\/wp-content\/uploads\/2024\/12\/Tropical-Style-Bulk-Candles-Exquisite-Wholesale-Candle-Jars-Scented-Candles-5-768x768-1-100x100.webp 100w\" sizes=\"(max-width: 768px) 100vw, 768px\" \/><\/figure>\n<\/div>\n<\/div>","protected":false},"excerpt":{"rendered":"<div id=\"brxe-0ee1ca\" class=\"brxe-product-meta product_meta\">\n<div id=\"brxe-0ee1ca\" class=\"brxe-product-meta product_meta\">Bienvenue sur le site d'achat de bougies en gros. Notre collection de bougies parfum\u00e9es en gros de style tropical pr\u00e9sente des motifs tropicaux, des ar\u00f4mes durables et une atmosph\u00e8re relaxante. Nous prenons en charge les achats en gros de bougies parfum\u00e9es et de photophores personnalis\u00e9s, qui conviennent aux d\u00e9taillants de marque et au march\u00e9 des cadeaux.<\/div>\n<\/div>\n<div id=\"brxe-8c5ca9\" class=\"brxe-product-short-description\">\n<div class=\"woocommerce-product-details__short-description\">\n<h2>Bougies en vrac de qualit\u00e9 sup\u00e9rieure Sp\u00e9cifications :<\/h2>\n<table border=\"0\" width=\"531\" cellspacing=\"0\" cellpadding=\"0\">\n<tbody>\n<tr>\n<td width=\"271\" height=\"24\">Fabricant<\/td>\n<td width=\"260\">Un foyer d'amour<\/td>\n<\/tr>\n<tr>\n<td width=\"271\" height=\"25\">Nom de la collection<\/td>\n<td width=\"260\">Style tropical<\/td>\n<\/tr>\n<tr>\n<td width=\"271\" height=\"24\">Style de conception<\/td>\n<td width=\"260\">L'Europe<\/td>\n<\/tr>\n<tr>\n<td width=\"271\" height=\"24\">Utilisation<\/td>\n<td width=\"260\">Maison, Restaurant, H\u00f4tel<\/td>\n<\/tr>\n<tr>\n<td width=\"271\" height=\"24\">Type de bougie<\/td>\n<td width=\"260\">Bougie en pot, Bougie parfum\u00e9e<\/td>\n<\/tr>\n<tr>\n<td width=\"271\" height=\"24\">Mat\u00e9riau<\/td>\n<td width=\"260\">Porcelaine durable<\/td>\n<\/tr>\n<tr>\n<td width=\"271\" height=\"24\">Dimension<\/td>\n<td width=\"260\">Comme l'indique la photo de d\u00e9tail<\/td>\n<\/tr>\n<tr>\n<td width=\"271\" height=\"24\">Unit\u00e9s de vente<\/td>\n<td width=\"260\">Article unique<\/td>\n<\/tr>\n<tr>\n<td width=\"271\" height=\"24\">MOQ<\/td>\n<td width=\"260\">1200\/pcs par article<\/td>\n<\/tr>\n<tr>\n<td width=\"271\" height=\"48\">Option personnalis\u00e9e<\/td>\n<td width=\"260\">Couleur\/Taille\/Glaze\/Logo\/Emballage<\/td>\n<\/tr>\n<\/tbody>\n<\/table>\n<\/div>\n<\/div>","protected":false},"featured_media":721,"comment_status":"open","ping_status":"closed","template":"","meta":{"_acf_changed":true},"certification":[63,64,66,58,65,61,60,62],"product_brand":[],"product_cat":[37,16],"product_tag":[],"class_list":{"0":"post-715","1":"product","2":"type-product","3":"status-publish","4":"has-post-thumbnail","6":"certification-amfori","7":"certification-bsci","8":"certification-cnas","9":"certification-fda","10":"certification-iaf","11":"certification-iso-14001","12":"certification-iso-45001","13":"certification-iso-9001","14":"product_cat-decorative-ceramic-wholesale","15":"product_cat-ceramic-candle-holder","17":"first","18":"instock","19":"shipping-taxable","20":"product-type-simple"},"acf":[],"_links":{"self":[{"href":"https:\/\/www.linkceramics.com\/fr\/wp-json\/wp\/v2\/product\/715","targetHints":{"allow":["GET"]}}],"collection":[{"href":"https:\/\/www.linkceramics.com\/fr\/wp-json\/wp\/v2\/product"}],"about":[{"href":"https:\/\/www.linkceramics.com\/fr\/wp-json\/wp\/v2\/types\/product"}],"replies":[{"embeddable":true,"href":"https:\/\/www.linkceramics.com\/fr\/wp-json\/wp\/v2\/comments?post=715"}],"wp:featuredmedia":[{"embeddable":true,"href":"https:\/\/www.linkceramics.com\/fr\/wp-json\/wp\/v2\/media\/721"}],"wp:attachment":[{"href":"https:\/\/www.linkceramics.com\/fr\/wp-json\/wp\/v2\/media?parent=715"}],"wp:term":[{"taxonomy":"certification","embeddable":true,"href":"https:\/\/www.linkceramics.com\/fr\/wp-json\/wp\/v2\/certification?post=715"},{"taxonomy":"product_brand","embeddable":true,"href":"https:\/\/www.linkceramics.com\/fr\/wp-json\/wp\/v2\/product_brand?post=715"},{"taxonomy":"product_cat","embeddable":true,"href":"https:\/\/www.linkceramics.com\/fr\/wp-json\/wp\/v2\/product_cat?post=715"},{"taxonomy":"product_tag","embeddable":true,"href":"https:\/\/www.linkceramics.com\/fr\/wp-json\/wp\/v2\/product_tag?post=715"}],"curies":[{"name":"wp","href":"https:\/\/api.w.org\/{rel}","templated":true}]}}