{"id":724,"date":"2024-12-10T03:48:47","date_gmt":"2024-12-10T03:48:47","guid":{"rendered":"https:\/\/www.linkceramics.com\/?post_type=product&#038;p=724"},"modified":"2024-12-10T03:48:49","modified_gmt":"2024-12-10T03:48:49","slug":"ceramic-candle-holders-bulk","status":"publish","type":"product","link":"https:\/\/www.linkceramics.com\/fr\/product\/ceramic-candle-holders-bulk\/","title":{"rendered":"Bougeoirs en c\u00e9ramique en vrac avec motifs de marbre et de bois"},"content":{"rendered":"<div class=\"wp-block-columns is-layout-flex wp-container-core-columns-is-layout-9d6595d7 wp-block-columns-is-layout-flex\">\n<div class=\"wp-block-column is-layout-flow wp-block-column-is-layout-flow\" style=\"flex-basis:66.66%\">\n<h3 class=\"wp-block-heading\">Porte-bougies de qualit\u00e9 sup\u00e9rieure Caract\u00e9ristiques en vrac :<\/h3>\n\n\n\n<ul class=\"wp-block-list\">\n<li><strong>Design exquis du bougeoir :\u00a0<\/strong>Ces bougeoirs en c\u00e9ramique sont con\u00e7us pour pr\u00e9senter des bougies en forme de b\u00e2tonnets. Sa forme exquise combin\u00e9e au grain du marbre et du bois peut ajouter une touche de d\u00e9coration naturelle et \u00e9l\u00e9gante \u00e0 la pi\u00e8ce, particuli\u00e8rement adapt\u00e9e \u00e0 l'atmosph\u00e8re de la maison, du restaurant ou de l'h\u00f4tel.<\/li>\n\n\n\n<li><strong>S\u00fbr et stable :<\/strong>\u00a0Ces bougeoirs en vrac sont fabriqu\u00e9s \u00e0 partir de mat\u00e9riaux c\u00e9ramiques de haute qualit\u00e9, pr\u00e9sentant une bonne r\u00e9sistance \u00e0 la chaleur et une bonne stabilit\u00e9, ce qui garantit une utilisation s\u00fbre et fiable des bougies. Ils ne se cassent pas facilement et ont une belle apparence \u00e0 long terme, ce qui les rend adapt\u00e9s aux occasions d'utilisation fr\u00e9quente.<\/li>\n\n\n\n<li><strong>Aspect \u00e9l\u00e9gant :\u00a0<\/strong>Les motifs de marbre et de bois sur la surface de nos bougeoirs se compl\u00e8tent parfaitement, cr\u00e9ant un effet visuel moderne et naturel, adapt\u00e9 \u00e0 diff\u00e9rents styles de d\u00e9coration. Son design classique en fait un \u00e9l\u00e9ment phare de tout int\u00e9rieur.<\/li>\n\n\n\n<li><strong>Achat en gros et personnalisation :\u00a0<\/strong>Nous proposons des options d'approvisionnement en gros et de personnalisation pour les bougeoirs en gros, qui conviennent aux besoins d'approvisionnement \u00e0 grande \u00e9chelle tels que les h\u00f4tels et les d\u00e9taillants. L'apparence du bougeoir peut \u00eatre ajust\u00e9e en fonction des exigences de la marque, ce qui offre davantage d'options pour les projets commerciaux.<\/li>\n<\/ul>\n<\/div>\n\n\n\n<div class=\"wp-block-column is-layout-flow wp-block-column-is-layout-flow\" style=\"flex-basis:33.33%\">\n<figure class=\"wp-block-image size-full\"><img decoding=\"async\" width=\"1200\" height=\"1200\" src=\"https:\/\/www.linkceramics.com\/wp-content\/uploads\/2024\/12\/Ceramic-Candle-Holders-Bulk-With-Marble-and-Wooden-Pattern-2.webp\" alt=\"Porte-bougies en c\u00e9ramique-bulk avec motif en marbre et bois-2\" class=\"wp-image-725\" srcset=\"https:\/\/www.linkceramics.com\/wp-content\/uploads\/2024\/12\/Ceramic-Candle-Holders-Bulk-With-Marble-and-Wooden-Pattern-2.webp 1200w, https:\/\/www.linkceramics.com\/wp-content\/uploads\/2024\/12\/Ceramic-Candle-Holders-Bulk-With-Marble-and-Wooden-Pattern-2-300x300.webp 300w, https:\/\/www.linkceramics.com\/wp-content\/uploads\/2024\/12\/Ceramic-Candle-Holders-Bulk-With-Marble-and-Wooden-Pattern-2-150x150.webp 150w, https:\/\/www.linkceramics.com\/wp-content\/uploads\/2024\/12\/Ceramic-Candle-Holders-Bulk-With-Marble-and-Wooden-Pattern-2-768x768.webp 768w, https:\/\/www.linkceramics.com\/wp-content\/uploads\/2024\/12\/Ceramic-Candle-Holders-Bulk-With-Marble-and-Wooden-Pattern-2-600x600.webp 600w, https:\/\/www.linkceramics.com\/wp-content\/uploads\/2024\/12\/Ceramic-Candle-Holders-Bulk-With-Marble-and-Wooden-Pattern-2-100x100.webp 100w\" sizes=\"(max-width: 1200px) 100vw, 1200px\" \/><\/figure>\n<\/div>\n<\/div>","protected":false},"excerpt":{"rendered":"<div id=\"brxe-0ee1ca\" class=\"brxe-product-meta product_meta\">\n<div id=\"brxe-0ee1ca\" class=\"brxe-product-meta product_meta\">Nous vous invitons \u00e0 acheter des bougeoirs en vrac. Nos bougeoirs en c\u00e9ramique en vrac pr\u00e9sentent des designs \u00e0 la mode de marbre et de grain de bois, qui peuvent non seulement pr\u00e9senter parfaitement les bougies d'aromath\u00e9rapie et am\u00e9liorer l'atmosph\u00e8re de l'espace, mais aussi avoir une excellente s\u00e9curit\u00e9 et durabilit\u00e9, convenant aux besoins de d\u00e9coration de diverses occasions.<\/div>\n<\/div>\n<div id=\"brxe-8c5ca9\" class=\"brxe-product-short-description\">\n<div class=\"woocommerce-product-details__short-description\">\n<h2>Bougeoirs en c\u00e9ramique Sp\u00e9cifications :<\/h2>\n<table border=\"0\" width=\"531\" cellspacing=\"0\" cellpadding=\"0\">\n<tbody>\n<tr>\n<td width=\"271\" height=\"24\">Fabricant<\/td>\n<td width=\"260\">Un foyer d'amour<\/td>\n<\/tr>\n<tr>\n<td width=\"271\" height=\"25\">Nom de la collection<\/td>\n<td width=\"260\">Style tropical<\/td>\n<\/tr>\n<tr>\n<td width=\"271\" height=\"24\">Style de conception<\/td>\n<td width=\"260\">L'Europe<\/td>\n<\/tr>\n<tr>\n<td width=\"271\" height=\"24\">Utilisation<\/td>\n<td width=\"260\">Maison, Restaurant, H\u00f4tel<\/td>\n<\/tr>\n<tr>\n<td width=\"271\" height=\"24\">Type de bougie<\/td>\n<td width=\"260\">Bougie en pot, Bougie parfum\u00e9e<\/td>\n<\/tr>\n<tr>\n<td width=\"271\" height=\"24\">Mat\u00e9riau<\/td>\n<td width=\"260\">Porcelaine durable<\/td>\n<\/tr>\n<tr>\n<td width=\"271\" height=\"24\">Dimension<\/td>\n<td width=\"260\">Comme l'indique la photo de d\u00e9tail<\/td>\n<\/tr>\n<tr>\n<td width=\"271\" height=\"24\">Unit\u00e9s de vente<\/td>\n<td width=\"260\">Article unique<\/td>\n<\/tr>\n<tr>\n<td width=\"271\" height=\"24\">MOQ<\/td>\n<td width=\"260\">1200\/pcs par article<\/td>\n<\/tr>\n<tr>\n<td width=\"271\" height=\"48\">Option personnalis\u00e9e<\/td>\n<td width=\"260\">Couleur\/Taille\/Glaze\/Logo\/Emballage<\/td>\n<\/tr>\n<\/tbody>\n<\/table>\n<\/div>\n<\/div>","protected":false},"featured_media":725,"comment_status":"open","ping_status":"closed","template":"","meta":{"_acf_changed":true},"certification":[63,64,66,58,65,61,60,62],"product_brand":[],"product_cat":[37,16,38],"product_tag":[],"class_list":{"0":"post-724","1":"product","2":"type-product","3":"status-publish","4":"has-post-thumbnail","6":"certification-amfori","7":"certification-bsci","8":"certification-cnas","9":"certification-fda","10":"certification-iaf","11":"certification-iso-14001","12":"certification-iso-45001","13":"certification-iso-9001","14":"product_cat-decorative-ceramic-wholesale","15":"product_cat-ceramic-candle-holder","16":"product_cat-custom-ceramic-ornament","18":"first","19":"instock","20":"shipping-taxable","21":"product-type-simple"},"acf":[],"_links":{"self":[{"href":"https:\/\/www.linkceramics.com\/fr\/wp-json\/wp\/v2\/product\/724","targetHints":{"allow":["GET"]}}],"collection":[{"href":"https:\/\/www.linkceramics.com\/fr\/wp-json\/wp\/v2\/product"}],"about":[{"href":"https:\/\/www.linkceramics.com\/fr\/wp-json\/wp\/v2\/types\/product"}],"replies":[{"embeddable":true,"href":"https:\/\/www.linkceramics.com\/fr\/wp-json\/wp\/v2\/comments?post=724"}],"wp:featuredmedia":[{"embeddable":true,"href":"https:\/\/www.linkceramics.com\/fr\/wp-json\/wp\/v2\/media\/725"}],"wp:attachment":[{"href":"https:\/\/www.linkceramics.com\/fr\/wp-json\/wp\/v2\/media?parent=724"}],"wp:term":[{"taxonomy":"certification","embeddable":true,"href":"https:\/\/www.linkceramics.com\/fr\/wp-json\/wp\/v2\/certification?post=724"},{"taxonomy":"product_brand","embeddable":true,"href":"https:\/\/www.linkceramics.com\/fr\/wp-json\/wp\/v2\/product_brand?post=724"},{"taxonomy":"product_cat","embeddable":true,"href":"https:\/\/www.linkceramics.com\/fr\/wp-json\/wp\/v2\/product_cat?post=724"},{"taxonomy":"product_tag","embeddable":true,"href":"https:\/\/www.linkceramics.com\/fr\/wp-json\/wp\/v2\/product_tag?post=724"}],"curies":[{"name":"wp","href":"https:\/\/api.w.org\/{rel}","templated":true}]}}