{"id":726,"date":"2024-12-10T03:40:07","date_gmt":"2024-12-10T03:40:07","guid":{"rendered":"https:\/\/www.linkceramics.com\/?post_type=product&#038;p=726"},"modified":"2025-09-13T08:22:34","modified_gmt":"2025-09-13T08:22:34","slug":"ceramic-bathroom-sets-wholesale","status":"publish","type":"product","link":"https:\/\/www.linkceramics.com\/fr\/product\/ceramic-bathroom-sets-wholesale\/","title":{"rendered":"Premium Ceramic Bathroom Sets Wholesale, Bathroom Supplies (ensembles de salle de bain en c\u00e9ramique de qualit\u00e9 sup\u00e9rieure)"},"content":{"rendered":"<div class=\"wp-block-columns is-layout-flex wp-container-core-columns-is-layout-9d6595d7 wp-block-columns-is-layout-flex\">\n<div class=\"wp-block-column is-layout-flow wp-block-column-is-layout-flow\" style=\"flex-basis:66.66%\">\n<h3 class=\"wp-block-heading\">Ensemble de salle de bain en c\u00e9ramique de qualit\u00e9 sup\u00e9rieure Caract\u00e9ristiques :<\/h3>\n\n\n\n<ul class=\"wp-block-list\">\n<li><strong>\u00c9l\u00e9gant aspect blanc cass\u00e9 :<\/strong>\u00a0Nos ensembles de salle de bains en c\u00e9ramique ont une finition subtile blanc cass\u00e9 et une apparence simple et \u00e9l\u00e9gante. Ils s'int\u00e8grent parfaitement dans les salles de bains de diff\u00e9rents styles et conf\u00e8rent fra\u00eecheur et confort \u00e0 l'ensemble de l'espace.<\/li>\n\n\n\n<li><strong>Longtemps et magnifiquement :<\/strong>\u00a0Tous les accessoires de nos sets de salle de bains en gros sont en c\u00e9ramique de haute qualit\u00e9, avec une bonne durabilit\u00e9 et une bonne r\u00e9sistance aux taches. La surface de la c\u00e9ramique est douce et lisse, et apr\u00e8s une utilisation prolong\u00e9e, la surface reste brillante et propre.<\/li>\n\n\n\n<li><strong>Exp\u00e9rience g\u00e9n\u00e9rale de l'utilisation de la salle de bains :<\/strong>\u00a0Nos sets de salle de bains en c\u00e9ramique comprennent un distributeur de soupe, une assiette creuse, un gobelet de brossage et un flacon de parfum, r\u00e9pondant ainsi aux besoins les plus fondamentaux des soins quotidiens.<\/li>\n\n\n\n<li><strong>Am\u00e9liorer la qualit\u00e9 de vie :<\/strong> Notre design unique de flacon de parfum pour les sets de bain en gros n'est pas seulement fonctionnel, il rend aussi la salle de bain plus luxueuse. Vous pouvez recharger le parfum ou les huiles essentielles de votre choix pour diffuser une odeur agr\u00e9able dans toute la pi\u00e8ce et vivre une exp\u00e9rience relaxante.<\/li>\n<\/ul>\n<\/div>\n\n\n\n<div class=\"wp-block-column is-layout-flow wp-block-column-is-layout-flow\" style=\"flex-basis:33.33%\">\n<figure class=\"wp-block-image size-full\"><img decoding=\"async\" width=\"1200\" height=\"1200\" src=\"https:\/\/www.linkceramics.com\/wp-content\/uploads\/2024\/12\/Premium-Ceramic-Bathroom-Sets-Wholesale-Bathroom-Supplies-1.webp\" alt=\"Premium-Ceramic-Bathroom-Sets-Wholesale-Bathroom-Supplies-1\" class=\"wp-image-727\" srcset=\"https:\/\/www.linkceramics.com\/wp-content\/uploads\/2024\/12\/Premium-Ceramic-Bathroom-Sets-Wholesale-Bathroom-Supplies-1.webp 1200w, https:\/\/www.linkceramics.com\/wp-content\/uploads\/2024\/12\/Premium-Ceramic-Bathroom-Sets-Wholesale-Bathroom-Supplies-1-300x300.webp 300w, https:\/\/www.linkceramics.com\/wp-content\/uploads\/2024\/12\/Premium-Ceramic-Bathroom-Sets-Wholesale-Bathroom-Supplies-1-150x150.webp 150w, https:\/\/www.linkceramics.com\/wp-content\/uploads\/2024\/12\/Premium-Ceramic-Bathroom-Sets-Wholesale-Bathroom-Supplies-1-768x768.webp 768w, https:\/\/www.linkceramics.com\/wp-content\/uploads\/2024\/12\/Premium-Ceramic-Bathroom-Sets-Wholesale-Bathroom-Supplies-1-600x600.webp 600w, https:\/\/www.linkceramics.com\/wp-content\/uploads\/2024\/12\/Premium-Ceramic-Bathroom-Sets-Wholesale-Bathroom-Supplies-1-100x100.webp 100w\" sizes=\"(max-width: 1200px) 100vw, 1200px\" \/><\/figure>\n<\/div>\n<\/div>","protected":false},"excerpt":{"rendered":"<div id=\"brxe-0ee1ca\" class=\"brxe-product-meta product_meta\">\n<div id=\"brxe-0ee1ca\" class=\"brxe-product-meta product_meta\">Nos \u00e9l\u00e9gants ensembles de salle de bains en c\u00e9ramique blanc cass\u00e9 sont fabriqu\u00e9s dans un style simple et lib\u00e9ral et conviennent \u00e0 des salles de bains de styles diff\u00e9rents. La fabrication en c\u00e9ramique durable de l'ensemble garantit sa long\u00e9vit\u00e9 et sa simplicit\u00e9 d'entretien. Par ailleurs, la conception fonctionnelle de l'ensemble facilite son entretien quotidien.<\/div>\n<\/div>\n<div id=\"brxe-8c5ca9\" class=\"brxe-product-short-description\">\n<div class=\"woocommerce-product-details__short-description\">\n<h2>Ensemble de salle de bains en c\u00e9ramique Sp\u00e9cifications :<\/h2>\n<table border=\"0\" width=\"531\" cellspacing=\"0\" cellpadding=\"0\">\n<tbody>\n<tr>\n<td width=\"271\" height=\"24\">Fabricant<\/td>\n<td width=\"260\">Un foyer d'amour<\/td>\n<\/tr>\n<tr>\n<td width=\"271\" height=\"25\">Nom de la collection<\/td>\n<td width=\"260\">Collection de salles de bains<\/td>\n<\/tr>\n<tr>\n<td width=\"271\" height=\"24\">Style de conception<\/td>\n<td width=\"260\">Style moderne et luxueux<\/td>\n<\/tr>\n<tr>\n<td width=\"271\" height=\"24\">Utilisation<\/td>\n<td width=\"260\">Maison, H\u00f4tel<\/td>\n<\/tr>\n<tr>\n<td width=\"271\" height=\"48\">Type d'accessoires de salle de bains<\/td>\n<td width=\"260\">Flacon de lotion, porte-savon, gobelet pour le brossage des dents<\/td>\n<\/tr>\n<tr>\n<td width=\"271\" height=\"24\">Mat\u00e9riau<\/td>\n<td width=\"260\">Porcelaine durable<\/td>\n<\/tr>\n<tr>\n<td width=\"271\" height=\"24\">Dimension<\/td>\n<td width=\"260\">Comme l'indique la photo de d\u00e9tail<\/td>\n<\/tr>\n<tr>\n<td width=\"271\" height=\"24\">Unit\u00e9s de vente<\/td>\n<td width=\"260\">Article unique<\/td>\n<\/tr>\n<tr>\n<td width=\"271\" height=\"24\">MOQ<\/td>\n<td width=\"260\">1200\/pcs par article<\/td>\n<\/tr>\n<tr>\n<td width=\"271\" height=\"48\">Option personnalis\u00e9e<\/td>\n<td width=\"260\">Couleur\/Taille\/Glaze\/Logo\/Emballage<\/td>\n<\/tr>\n<\/tbody>\n<\/table>\n<\/div>\n<\/div>","protected":false},"featured_media":728,"comment_status":"open","ping_status":"closed","template":"","meta":{"_acf_changed":false},"certification":[63,64,66,58,65,61,60,62],"product_brand":[],"product_cat":[35,22],"product_tag":[],"class_list":{"0":"post-726","1":"product","2":"type-product","3":"status-publish","4":"has-post-thumbnail","6":"certification-amfori","7":"certification-bsci","8":"certification-cnas","9":"certification-fda","10":"certification-iaf","11":"certification-iso-14001","12":"certification-iso-45001","13":"certification-iso-9001","14":"product_cat-bathroom-ceramics-supply","15":"product_cat-ceramic-bathroom-set","17":"first","18":"instock","19":"shipping-taxable","20":"product-type-simple"},"acf":[],"_links":{"self":[{"href":"https:\/\/www.linkceramics.com\/fr\/wp-json\/wp\/v2\/product\/726","targetHints":{"allow":["GET"]}}],"collection":[{"href":"https:\/\/www.linkceramics.com\/fr\/wp-json\/wp\/v2\/product"}],"about":[{"href":"https:\/\/www.linkceramics.com\/fr\/wp-json\/wp\/v2\/types\/product"}],"replies":[{"embeddable":true,"href":"https:\/\/www.linkceramics.com\/fr\/wp-json\/wp\/v2\/comments?post=726"}],"wp:featuredmedia":[{"embeddable":true,"href":"https:\/\/www.linkceramics.com\/fr\/wp-json\/wp\/v2\/media\/728"}],"wp:attachment":[{"href":"https:\/\/www.linkceramics.com\/fr\/wp-json\/wp\/v2\/media?parent=726"}],"wp:term":[{"taxonomy":"certification","embeddable":true,"href":"https:\/\/www.linkceramics.com\/fr\/wp-json\/wp\/v2\/certification?post=726"},{"taxonomy":"product_brand","embeddable":true,"href":"https:\/\/www.linkceramics.com\/fr\/wp-json\/wp\/v2\/product_brand?post=726"},{"taxonomy":"product_cat","embeddable":true,"href":"https:\/\/www.linkceramics.com\/fr\/wp-json\/wp\/v2\/product_cat?post=726"},{"taxonomy":"product_tag","embeddable":true,"href":"https:\/\/www.linkceramics.com\/fr\/wp-json\/wp\/v2\/product_tag?post=726"}],"curies":[{"name":"wp","href":"https:\/\/api.w.org\/{rel}","templated":true}]}}