{"id":732,"date":"2024-12-10T03:37:23","date_gmt":"2024-12-10T03:37:23","guid":{"rendered":"https:\/\/www.linkceramics.com\/?post_type=product&#038;p=732"},"modified":"2024-12-10T03:37:24","modified_gmt":"2024-12-10T03:37:24","slug":"bath-accessories-wholesale","status":"publish","type":"product","link":"https:\/\/www.linkceramics.com\/fr\/product\/bath-accessories-wholesale\/","title":{"rendered":"Accessoires de bain luxueux en gros, assiette et distributeur de soupe, gobelet de brossage"},"content":{"rendered":"<div class=\"wp-block-columns is-layout-flex wp-container-core-columns-is-layout-9d6595d7 wp-block-columns-is-layout-flex\">\n<div class=\"wp-block-column is-layout-flow wp-block-column-is-layout-flow\" style=\"flex-basis:66.66%\">\n<h3 class=\"wp-block-heading\">Accessoires de bain Premium Wholesale Caract\u00e9ristiques :<\/h3>\n\n\n\n<ul class=\"wp-block-list\">\n<li><strong>S'adapter \u00e0 diff\u00e9rents styles :<\/strong>\u00a0Notre collection d'accessoires de bain en c\u00e9ramique offre 12 options de couleurs, allant des couleurs neutres classiques aux couleurs vives et \u00e9clatantes, qui peuvent r\u00e9pondre aux besoins de d\u00e9coration de diff\u00e9rents styles de salles de bains.<\/li>\n\n\n\n<li><strong>Durable et facile \u00e0 entretenir :\u00a0<\/strong>Ces accessoires de salle de bains en c\u00e9ramique sont fabriqu\u00e9s \u00e0 partir de mat\u00e9riaux c\u00e9ramiques de haute qualit\u00e9 et sont extr\u00eamement durables, capables de r\u00e9sister \u00e0 l'usure quotidienne et \u00e0 l'influence des environnements humides. Son \u00e9mail lisse facilite le nettoyage.<\/li>\n\n\n\n<li><strong>Pratique et esth\u00e9tique :<\/strong>\u00a0Chaque ensemble d'accessoires de salle de bains en c\u00e9ramique contient une assiette creuse, un distributeur de soupe et un gobelet \u00e0 brosser, qui sont magnifiquement con\u00e7us et enti\u00e8rement fonctionnels, fournissant une solution int\u00e9gr\u00e9e pour la salle de bains, am\u00e9liorant la texture g\u00e9n\u00e9rale et la commodit\u00e9 de la salle de bains.<\/li>\n\n\n\n<li><strong>Protection de l'environnement :\u00a0<\/strong>Notre collection d'accessoires de bain en c\u00e9ramique utilise des c\u00e9ramiques respectueuses de l'environnement, ne contient pas de produits chimiques nocifs et est s\u00fbre et fiable. Les produits en c\u00e9ramique n'ont pas d'odeur, ne r\u00e9agissent pas chimiquement avec les liquides et conviennent \u00e0 une utilisation \u00e0 long terme.<\/li>\n<\/ul>\n<\/div>\n\n\n\n<div class=\"wp-block-column is-layout-flow wp-block-column-is-layout-flow\" style=\"flex-basis:33.33%\">\n<figure class=\"wp-block-image size-full\"><img decoding=\"async\" width=\"600\" height=\"600\" src=\"https:\/\/www.linkceramics.com\/wp-content\/uploads\/2024\/12\/Luxurious-Bath-Accessories-Wholesale-Soup-Dish-Dispenser-Brushing-Cup-3-600x600-1.webp\" alt=\"Luxurious-Bath-Accessories-Wholesale-Soup-Dish-Dispenser-Brushing-Cup-3-600x600\" class=\"wp-image-733\" srcset=\"https:\/\/www.linkceramics.com\/wp-content\/uploads\/2024\/12\/Luxurious-Bath-Accessories-Wholesale-Soup-Dish-Dispenser-Brushing-Cup-3-600x600-1.webp 600w, https:\/\/www.linkceramics.com\/wp-content\/uploads\/2024\/12\/Luxurious-Bath-Accessories-Wholesale-Soup-Dish-Dispenser-Brushing-Cup-3-600x600-1-300x300.webp 300w, https:\/\/www.linkceramics.com\/wp-content\/uploads\/2024\/12\/Luxurious-Bath-Accessories-Wholesale-Soup-Dish-Dispenser-Brushing-Cup-3-600x600-1-150x150.webp 150w, https:\/\/www.linkceramics.com\/wp-content\/uploads\/2024\/12\/Luxurious-Bath-Accessories-Wholesale-Soup-Dish-Dispenser-Brushing-Cup-3-600x600-1-100x100.webp 100w\" sizes=\"(max-width: 600px) 100vw, 600px\" \/><\/figure>\n<\/div>\n<\/div>","protected":false},"excerpt":{"rendered":"<div id=\"brxe-0ee1ca\" class=\"brxe-product-meta product_meta\">\n<div id=\"brxe-0ee1ca\" class=\"brxe-product-meta product_meta\">Nos accessoires de salle de bains en c\u00e9ramique de luxe sont disponibles en gros en 12 couleurs, int\u00e9grant des assiettes \u00e0 soupe, des distributeurs de soupe et des tasses \u00e0 brosser, combinant la durabilit\u00e9 de la c\u00e9ramique de haute qualit\u00e9 avec la beaut\u00e9 d'un design moderne. Les mat\u00e9riaux respectueux de l'environnement et les caract\u00e9ristiques de nettoyage facile en font un choix id\u00e9al pour les salles de bains haut de gamme.<\/div>\n<\/div>\n<div id=\"brxe-8c5ca9\" class=\"brxe-product-short-description\">\n<div class=\"woocommerce-product-details__short-description\">\n<h2>Accessoires de bain haut de gamme Sp\u00e9cifications :<\/h2>\n<table border=\"0\" width=\"531\" cellspacing=\"0\" cellpadding=\"0\">\n<tbody>\n<tr>\n<td width=\"271\" height=\"24\">Fabricant<\/td>\n<td width=\"260\">Un foyer d'amour<\/td>\n<\/tr>\n<tr>\n<td width=\"271\" height=\"25\">Nom de la collection<\/td>\n<td width=\"260\">Collection de salles de bains<\/td>\n<\/tr>\n<tr>\n<td width=\"271\" height=\"24\">Style de conception<\/td>\n<td width=\"260\">Modren Luxury Style<\/td>\n<\/tr>\n<tr>\n<td width=\"271\" height=\"24\">Utilisation<\/td>\n<td width=\"260\">Maison, H\u00f4tel<\/td>\n<\/tr>\n<tr>\n<td width=\"271\" height=\"48\">Type d'accessoires de salle de bains<\/td>\n<td width=\"260\">Flacon de lotion, porte-savon, gobelet pour le brossage des dents<\/td>\n<\/tr>\n<tr>\n<td width=\"271\" height=\"24\">Mat\u00e9riau<\/td>\n<td width=\"260\">Porcelaine durable<\/td>\n<\/tr>\n<tr>\n<td width=\"271\" height=\"24\">Dimension<\/td>\n<td width=\"260\">Comme l'indique la photo de d\u00e9tail<\/td>\n<\/tr>\n<tr>\n<td width=\"271\" height=\"24\">Unit\u00e9s de vente<\/td>\n<td width=\"260\">Article unique<\/td>\n<\/tr>\n<tr>\n<td width=\"271\" height=\"24\">MOQ<\/td>\n<td width=\"260\">1200\/pcs par article<\/td>\n<\/tr>\n<tr>\n<td width=\"271\" height=\"48\">Option personnalis\u00e9e<\/td>\n<td width=\"260\">Couleur\/Taille\/Glaze\/Logo\/Emballage<\/td>\n<\/tr>\n<\/tbody>\n<\/table>\n<\/div>\n<\/div>","protected":false},"featured_media":735,"comment_status":"open","ping_status":"closed","template":"","meta":{"_acf_changed":true},"certification":[63,64,66,58,65,61,60,62],"product_brand":[],"product_cat":[35,22],"product_tag":[],"class_list":{"0":"post-732","1":"product","2":"type-product","3":"status-publish","4":"has-post-thumbnail","6":"certification-amfori","7":"certification-bsci","8":"certification-cnas","9":"certification-fda","10":"certification-iaf","11":"certification-iso-14001","12":"certification-iso-45001","13":"certification-iso-9001","14":"product_cat-bathroom-ceramics-supply","15":"product_cat-ceramic-bathroom-set","17":"first","18":"instock","19":"shipping-taxable","20":"product-type-simple"},"acf":[],"_links":{"self":[{"href":"https:\/\/www.linkceramics.com\/fr\/wp-json\/wp\/v2\/product\/732","targetHints":{"allow":["GET"]}}],"collection":[{"href":"https:\/\/www.linkceramics.com\/fr\/wp-json\/wp\/v2\/product"}],"about":[{"href":"https:\/\/www.linkceramics.com\/fr\/wp-json\/wp\/v2\/types\/product"}],"replies":[{"embeddable":true,"href":"https:\/\/www.linkceramics.com\/fr\/wp-json\/wp\/v2\/comments?post=732"}],"wp:featuredmedia":[{"embeddable":true,"href":"https:\/\/www.linkceramics.com\/fr\/wp-json\/wp\/v2\/media\/735"}],"wp:attachment":[{"href":"https:\/\/www.linkceramics.com\/fr\/wp-json\/wp\/v2\/media?parent=732"}],"wp:term":[{"taxonomy":"certification","embeddable":true,"href":"https:\/\/www.linkceramics.com\/fr\/wp-json\/wp\/v2\/certification?post=732"},{"taxonomy":"product_brand","embeddable":true,"href":"https:\/\/www.linkceramics.com\/fr\/wp-json\/wp\/v2\/product_brand?post=732"},{"taxonomy":"product_cat","embeddable":true,"href":"https:\/\/www.linkceramics.com\/fr\/wp-json\/wp\/v2\/product_cat?post=732"},{"taxonomy":"product_tag","embeddable":true,"href":"https:\/\/www.linkceramics.com\/fr\/wp-json\/wp\/v2\/product_tag?post=732"}],"curies":[{"name":"wp","href":"https:\/\/api.w.org\/{rel}","templated":true}]}}