{"id":743,"date":"2024-12-10T03:22:38","date_gmt":"2024-12-10T03:22:38","guid":{"rendered":"https:\/\/www.linkceramics.com\/?post_type=product&#038;p=743"},"modified":"2024-12-10T03:22:40","modified_gmt":"2024-12-10T03:22:40","slug":"custom-garden-dinnerware-set","status":"publish","type":"product","link":"https:\/\/www.linkceramics.com\/fr\/product\/custom-garden-dinnerware-set\/","title":{"rendered":"Service de vaisselle personnalis\u00e9 Botanic Garden en porcelaine bleue avec assiettes, bols et tasses"},"content":{"rendered":"<div class=\"wp-block-columns is-layout-flex wp-container-core-columns-is-layout-9d6595d7 wp-block-columns-is-layout-flex\">\n<div class=\"wp-block-column is-layout-flow wp-block-column-is-layout-flow\" style=\"flex-basis:50%\">\n<h3 class=\"wp-block-heading\">Service de vaisselle Botanic Garden Caract\u00e9ristiques :<\/h3>\n\n\n\n<p><strong>Mat\u00e9riau en porcelaine durable<\/strong><br>Fabriqu\u00e9 en c\u00e9ramique s\u00fbre et durable, conforme aux normes de s\u00e9curit\u00e9 California 65.<\/p>\n\n\n\n<p><strong>Conception de jardins floraux et botaniques<\/strong><br>Le design pastoral \u00e9l\u00e9gant rend les occasions de tous les jours sp\u00e9ciales, comme un agr\u00e9able petit-d\u00e9jeuner dominical en famille, ou le th\u00e9 de l'apr\u00e8s-midi et les r\u00e9unions entre amis.<\/p>\n\n\n\n<p><strong>D\u00e9calcomanies \u00e9maill\u00e9es et artisanat peint \u00e0 la main<\/strong><br>La surface est lisse et chaque motif est unique et exquis, gr\u00e2ce \u00e0 l'art de la peinture \u00e0 la main en couleur glac\u00e9e.<\/p>\n\n\n\n<p><strong>Utilisation s\u00fbre et pratique<\/strong><br>Peut \u00eatre utilis\u00e9 au micro-ondes, au lave-vaisselle et au four, et est facile \u00e0 nettoyer.<\/p>\n\n\n\n<p><strong>Diff\u00e9rents sets de table sont disponibles<\/strong><br>Assiettes, bols, th\u00e9i\u00e8res, tasses, mugs, bocaux en c\u00e9ramique, etc. en c\u00e9ramique, s\u00e9lectionner et personnaliser les sp\u00e9cifications en fonction des besoins du client.<\/p>\n<\/div>\n\n\n\n<div class=\"wp-block-column is-layout-flow wp-block-column-is-layout-flow\" style=\"flex-basis:50%\">\n<figure class=\"wp-block-image size-full\"><img decoding=\"async\" width=\"705\" height=\"481\" src=\"https:\/\/www.linkceramics.com\/wp-content\/uploads\/2024\/12\/Botanic-Garden-Dinnerware-wholesale.webp\" alt=\"Botanic-Garden-Dinnerware-wholesale\" class=\"wp-image-744\" srcset=\"https:\/\/www.linkceramics.com\/wp-content\/uploads\/2024\/12\/Botanic-Garden-Dinnerware-wholesale.webp 705w, https:\/\/www.linkceramics.com\/wp-content\/uploads\/2024\/12\/Botanic-Garden-Dinnerware-wholesale-300x205.webp 300w, https:\/\/www.linkceramics.com\/wp-content\/uploads\/2024\/12\/Botanic-Garden-Dinnerware-wholesale-600x409.webp 600w\" sizes=\"(max-width: 705px) 100vw, 705px\" \/><\/figure>\n<\/div>\n<\/div>\n\n\n\n<p><\/p>","protected":false},"excerpt":{"rendered":"<div id=\"brxe-0ee1ca\" class=\"brxe-product-meta product_meta\">\n<div id=\"brxe-0ee1ca\" class=\"brxe-product-meta product_meta\">\n<p>Service de table de jardin botanique en gros, design floral bleu color\u00e9, combinaisons multiples de services et personnalisation de l'emballage. Fournis par le fabricant de vaisselle Lianyuan, et garantis de haute qualit\u00e9 \u00e0 des prix comp\u00e9titifs.<\/p>\n<h2>Param\u00e8tre de l'ensemble de vaisselle Botanic Garden\u00a0<\/h2>\n<table border=\"0\" width=\"618\" cellspacing=\"0\" cellpadding=\"0\">\n<tbody>\n<tr>\n<td width=\"180\" height=\"26\">Fabricant<\/td>\n<td width=\"438\">Lianyuan<\/td>\n<\/tr>\n<tr>\n<td height=\"26\">Type de produit<\/td>\n<td>Assiettes, bols, tasses, th\u00e9i\u00e8res, bocaux en c\u00e9ramique<\/td>\n<\/tr>\n<tr>\n<td height=\"26\">Mod\u00e8le<\/td>\n<td>Jardin floral et botanique<\/td>\n<\/tr>\n<tr>\n<td height=\"26\">Couleur<\/td>\n<td>Multi-couleur<\/td>\n<\/tr>\n<tr>\n<td height=\"26\">Mat\u00e9riau<\/td>\n<td>Porcelaine durable<\/td>\n<\/tr>\n<tr>\n<td height=\"26\">Artisanat<\/td>\n<td>D\u00e9calque \u00e9maill\u00e9 et peinture \u00e0 la main<\/td>\n<\/tr>\n<tr>\n<td height=\"26\">Application<\/td>\n<td>Passe au micro-ondes, au lave-vaisselle et au four<\/td>\n<\/tr>\n<tr>\n<td height=\"26\">Sur mesure<\/td>\n<td>Couleur\/Taille\/Logo\/Emballage<\/td>\n<\/tr>\n<\/tbody>\n<\/table>\n<\/div>\n<\/div>","protected":false},"featured_media":744,"comment_status":"open","ping_status":"closed","template":"","meta":{"_acf_changed":true},"certification":[66,58,65,61,60,62,57],"product_brand":[],"product_cat":[34,18,19],"product_tag":[],"class_list":{"0":"post-743","1":"product","2":"type-product","3":"status-publish","4":"has-post-thumbnail","6":"certification-cnas","7":"certification-fda","8":"certification-iaf","9":"certification-iso-14001","10":"certification-iso-45001","11":"certification-iso-9001","12":"certification-lfgb","13":"product_cat-custom-household-ceramics","14":"product_cat-ceramic-tableware-wholesale","15":"product_cat-ceramic-tea-set-wholesale","17":"first","18":"instock","19":"shipping-taxable","20":"product-type-simple"},"acf":[],"_links":{"self":[{"href":"https:\/\/www.linkceramics.com\/fr\/wp-json\/wp\/v2\/product\/743","targetHints":{"allow":["GET"]}}],"collection":[{"href":"https:\/\/www.linkceramics.com\/fr\/wp-json\/wp\/v2\/product"}],"about":[{"href":"https:\/\/www.linkceramics.com\/fr\/wp-json\/wp\/v2\/types\/product"}],"replies":[{"embeddable":true,"href":"https:\/\/www.linkceramics.com\/fr\/wp-json\/wp\/v2\/comments?post=743"}],"wp:featuredmedia":[{"embeddable":true,"href":"https:\/\/www.linkceramics.com\/fr\/wp-json\/wp\/v2\/media\/744"}],"wp:attachment":[{"href":"https:\/\/www.linkceramics.com\/fr\/wp-json\/wp\/v2\/media?parent=743"}],"wp:term":[{"taxonomy":"certification","embeddable":true,"href":"https:\/\/www.linkceramics.com\/fr\/wp-json\/wp\/v2\/certification?post=743"},{"taxonomy":"product_brand","embeddable":true,"href":"https:\/\/www.linkceramics.com\/fr\/wp-json\/wp\/v2\/product_brand?post=743"},{"taxonomy":"product_cat","embeddable":true,"href":"https:\/\/www.linkceramics.com\/fr\/wp-json\/wp\/v2\/product_cat?post=743"},{"taxonomy":"product_tag","embeddable":true,"href":"https:\/\/www.linkceramics.com\/fr\/wp-json\/wp\/v2\/product_tag?post=743"}],"curies":[{"name":"wp","href":"https:\/\/api.w.org\/{rel}","templated":true}]}}