{"id":745,"date":"2024-12-10T03:15:48","date_gmt":"2024-12-10T03:15:48","guid":{"rendered":"https:\/\/www.linkceramics.com\/?post_type=product&#038;p=745"},"modified":"2024-12-10T03:15:49","modified_gmt":"2024-12-10T03:15:49","slug":"custom-tea-set","status":"publish","type":"product","link":"https:\/\/www.linkceramics.com\/fr\/product\/custom-tea-set\/","title":{"rendered":"Service \u00e0 th\u00e9 personnalis\u00e9 en porcelaine blanche avec bordure dor\u00e9e \u00e9l\u00e9gante"},"content":{"rendered":"<div class=\"wp-block-columns is-layout-flex wp-container-core-columns-is-layout-9d6595d7 wp-block-columns-is-layout-flex\">\n<div class=\"wp-block-column is-layout-flow wp-block-column-is-layout-flow\" style=\"flex-basis:50%\">\n<h3 class=\"wp-block-heading\">Service \u00e0 th\u00e9 Caract\u00e9ristiques :<\/h3>\n\n\n\n<p><strong>Service \u00e0 th\u00e9 complet<\/strong><br>La th\u00e9i\u00e8re, la tasse, l'assiette \u00e0 dessert et le bol forment un ensemble attrayant et \u00e9l\u00e9gant.<\/p>\n\n\n\n<p><strong>Design \u00e9l\u00e9gant des bords ondul\u00e9s<\/strong><br>Son bord ondul\u00e9 unique lui conf\u00e8re une allure \u00e9l\u00e9gante et raffin\u00e9e ; tout moment de th\u00e9 pris avec lui sera tout \u00e0 fait d\u00e9cent.<\/p>\n\n\n\n<p><strong>Qualit\u00e9 sup\u00e9rieure \u00e0 la norme California 65<\/strong><br>Qualit\u00e9 sup\u00e9rieure \u00e0 la norme California 65<br>Mat\u00e9riaux de haute qualit\u00e9, non toxiques et s\u00fbrs, conformes aux normes de la California 65 Proposition.<\/p>\n\n\n\n<p><strong>Facile \u00e0 nettoyer et \u00e0 entretenir<\/strong><br>Le nettoyage facile gr\u00e2ce au passage au lave-vaisselle et aux caract\u00e9ristiques non poreuses permet de conserver la beaut\u00e9 de l'objet.<\/p>\n\n\n\n<p><strong>Solide et l\u00e9ger<\/strong><br>D'un design d\u00e9licat, la porcelaine n'en est pas moins l\u00e9g\u00e8re et facile \u00e0 manipuler, sans pour autant compromettre sa solidit\u00e9.<\/p>\n\n\n\n<p><strong>Convient \u00e0 toutes les occasions<\/strong><br>La collection argent et or de qualit\u00e9 sup\u00e9rieure est parfaite pour toutes les occasions. Quel que soit le cadre, ces pi\u00e8ces de vaisselle ajouteront une touche d'\u00e9l\u00e9gance \u00e0 votre \u00e9v\u00e9nement.<\/p>\n<\/div>\n\n\n\n<div class=\"wp-block-column is-layout-flow wp-block-column-is-layout-flow\" style=\"flex-basis:50%\">\n<figure class=\"wp-block-image size-full\"><img decoding=\"async\" width=\"904\" height=\"904\" src=\"https:\/\/www.linkceramics.com\/wp-content\/uploads\/2024\/12\/Wholesale-Tea-Set-.webp\" alt=\"Set de th\u00e9 en gros\" class=\"wp-image-746\" srcset=\"https:\/\/www.linkceramics.com\/wp-content\/uploads\/2024\/12\/Wholesale-Tea-Set-.webp 904w, https:\/\/www.linkceramics.com\/wp-content\/uploads\/2024\/12\/Wholesale-Tea-Set--300x300.webp 300w, https:\/\/www.linkceramics.com\/wp-content\/uploads\/2024\/12\/Wholesale-Tea-Set--150x150.webp 150w, https:\/\/www.linkceramics.com\/wp-content\/uploads\/2024\/12\/Wholesale-Tea-Set--768x768.webp 768w, https:\/\/www.linkceramics.com\/wp-content\/uploads\/2024\/12\/Wholesale-Tea-Set--600x600.webp 600w, https:\/\/www.linkceramics.com\/wp-content\/uploads\/2024\/12\/Wholesale-Tea-Set--100x100.webp 100w\" sizes=\"(max-width: 904px) 100vw, 904px\" \/><\/figure>\n<\/div>\n<\/div>","protected":false},"excerpt":{"rendered":"<div id=\"brxe-0ee1ca\" class=\"brxe-product-meta product_meta\">\n<p>Le service \u00e0 th\u00e9 personnalis\u00e9 est fabriqu\u00e9 en porcelaine blanche de haute qualit\u00e9 avec des bords ondul\u00e9s dor\u00e9s. Il est haut de gamme et \u00e9l\u00e9gant et convient \u00e0 toutes sortes de th\u00e9s ou de caf\u00e9s de l'apr\u00e8s-midi. Il peut \u00eatre emball\u00e9 dans des bo\u00eetes cadeaux personnalis\u00e9es. Pour plus d'options personnalis\u00e9es, veuillez nous contacter pour plus de d\u00e9tails.<\/p>\n<h2>Param\u00e8tres du service \u00e0 th\u00e9<\/h2>\n<table border=\"0\" width=\"353\" cellspacing=\"0\" cellpadding=\"0\">\n<tbody>\n<tr>\n<td width=\"82\" height=\"17\">Fabricant<\/td>\n<td width=\"270\">Lianyuan<\/td>\n<\/tr>\n<tr>\n<td height=\"21\">Type de produit<\/td>\n<td width=\"270\">Th\u00e9i\u00e8re, tasse, assiette \u00e0 dessert et bol<\/td>\n<\/tr>\n<tr>\n<td height=\"17\">Couleur<\/td>\n<td>Blanc<\/td>\n<\/tr>\n<tr>\n<td height=\"17\">RimColor<\/td>\n<td>Couleur or\/argent<\/td>\n<\/tr>\n<tr>\n<td height=\"17\">Mat\u00e9riau<\/td>\n<td>Porcelaine durable<\/td>\n<\/tr>\n<tr>\n<td height=\"17\">Artisanat<\/td>\n<td>\n<p>Platine peint \u00e0 la main<\/p>\n<\/td>\n<\/tr>\n<tr>\n<td height=\"17\">Sur mesure<\/td>\n<td>Couleur\/Taille\/Logo\/Emballage<\/td>\n<\/tr>\n<\/tbody>\n<\/table>\n<\/div>","protected":false},"featured_media":746,"comment_status":"open","ping_status":"closed","template":"","meta":{"_acf_changed":true},"certification":[66,58,65,61,60,62,57],"product_brand":[],"product_cat":[34,19],"product_tag":[],"class_list":{"0":"post-745","1":"product","2":"type-product","3":"status-publish","4":"has-post-thumbnail","6":"certification-cnas","7":"certification-fda","8":"certification-iaf","9":"certification-iso-14001","10":"certification-iso-45001","11":"certification-iso-9001","12":"certification-lfgb","13":"product_cat-custom-household-ceramics","14":"product_cat-ceramic-tea-set-wholesale","16":"first","17":"instock","18":"shipping-taxable","19":"product-type-simple"},"acf":[],"_links":{"self":[{"href":"https:\/\/www.linkceramics.com\/fr\/wp-json\/wp\/v2\/product\/745","targetHints":{"allow":["GET"]}}],"collection":[{"href":"https:\/\/www.linkceramics.com\/fr\/wp-json\/wp\/v2\/product"}],"about":[{"href":"https:\/\/www.linkceramics.com\/fr\/wp-json\/wp\/v2\/types\/product"}],"replies":[{"embeddable":true,"href":"https:\/\/www.linkceramics.com\/fr\/wp-json\/wp\/v2\/comments?post=745"}],"wp:featuredmedia":[{"embeddable":true,"href":"https:\/\/www.linkceramics.com\/fr\/wp-json\/wp\/v2\/media\/746"}],"wp:attachment":[{"href":"https:\/\/www.linkceramics.com\/fr\/wp-json\/wp\/v2\/media?parent=745"}],"wp:term":[{"taxonomy":"certification","embeddable":true,"href":"https:\/\/www.linkceramics.com\/fr\/wp-json\/wp\/v2\/certification?post=745"},{"taxonomy":"product_brand","embeddable":true,"href":"https:\/\/www.linkceramics.com\/fr\/wp-json\/wp\/v2\/product_brand?post=745"},{"taxonomy":"product_cat","embeddable":true,"href":"https:\/\/www.linkceramics.com\/fr\/wp-json\/wp\/v2\/product_cat?post=745"},{"taxonomy":"product_tag","embeddable":true,"href":"https:\/\/www.linkceramics.com\/fr\/wp-json\/wp\/v2\/product_tag?post=745"}],"curies":[{"name":"wp","href":"https:\/\/api.w.org\/{rel}","templated":true}]}}