{"id":747,"date":"2024-12-10T03:16:27","date_gmt":"2024-12-10T03:16:27","guid":{"rendered":"https:\/\/www.linkceramics.com\/?post_type=product&#038;p=747"},"modified":"2024-12-10T03:16:28","modified_gmt":"2024-12-10T03:16:28","slug":"breakfast-cup-wholesale","status":"publish","type":"product","link":"https:\/\/www.linkceramics.com\/fr\/product\/breakfast-cup-wholesale\/","title":{"rendered":"Tasse \u00e0 d\u00e9jeuner en c\u00e9ramique pour le caf\u00e9, le th\u00e9 et les flocons d'avoine Wholesale"},"content":{"rendered":"<div class=\"wp-block-columns is-layout-flex wp-container-core-columns-is-layout-9d6595d7 wp-block-columns-is-layout-flex\">\n<div class=\"wp-block-column is-layout-flow wp-block-column-is-layout-flow\" style=\"flex-basis:50%\">\n<h3 class=\"wp-block-heading\">Petit d\u00e9jeuner Caract\u00e9ristiques de la coupe :<\/h3>\n\n\n\n<p><strong>Magnifique motif floral aux couleurs vives<\/strong><br>Magnifiquement con\u00e7u avec des motifs floraux naturels, attrayants et \u00e9l\u00e9gants pour am\u00e9liorer l'exp\u00e9rience du petit-d\u00e9jeuner de l'utilisateur.<\/p>\n\n\n\n<p><strong>Mat\u00e9riau c\u00e9ramique durable<\/strong><br>Fabriqu\u00e9 en c\u00e9ramique de haute qualit\u00e9, il est durable et ne se casse pas facilement.<\/p>\n\n\n\n<p><strong>Qualit\u00e9 sup\u00e9rieure \u00e0 la norme California 65<\/strong><br>R\u00e9pond aux normes de s\u00e9curit\u00e9 California 65 pour garantir qu'il ne contient pas de substances nocives et qu'il r\u00e9pond aux normes d'utilisation quotidienne en toute s\u00e9curit\u00e9.<\/p>\n\n\n\n<p><strong>D\u00e9calcomanies \u00e9maill\u00e9es et artisanat peint \u00e0 la main<br><\/strong>La technique de l'\u00e9maillage int\u00e8gre parfaitement le motif floral, ce qui donne une surface et un toucher d\u00e9licats et lisses.<\/p>\n\n\n\n<p><strong>Emballage cadeau personnalisable<\/strong><br>Disponibles dans de superbes coffrets cadeaux, les combinaisons de sets sont personnalisables et peuvent inclure diff\u00e9rentes quantit\u00e9s de bols et de cuill\u00e8res pour r\u00e9pondre \u00e0 vos besoins.<\/p>\n\n\n\n<p><strong>Convient \u00e0 toutes les occasions<\/strong><br>Design polyvalent, parfait pour le caf\u00e9 au lait, le th\u00e9 et la soupe, adapt\u00e9 aux petits d\u00e9jeuners d\u00e9contract\u00e9s et aux salles \u00e0 manger formelles.<\/p>\n<\/div>\n\n\n\n<div class=\"wp-block-column is-layout-flow wp-block-column-is-layout-flow\" style=\"flex-basis:50%\">\n<figure class=\"wp-block-image size-full\"><img decoding=\"async\" width=\"768\" height=\"768\" src=\"https:\/\/www.linkceramics.com\/wp-content\/uploads\/2024\/12\/Breakfast-Cup-wholesale-and-custom-4-768x768-1.webp\" alt=\"Breakfast-Cup-wholesale-and-custom-4-768x768\" class=\"wp-image-751\" srcset=\"https:\/\/www.linkceramics.com\/wp-content\/uploads\/2024\/12\/Breakfast-Cup-wholesale-and-custom-4-768x768-1.webp 768w, https:\/\/www.linkceramics.com\/wp-content\/uploads\/2024\/12\/Breakfast-Cup-wholesale-and-custom-4-768x768-1-300x300.webp 300w, https:\/\/www.linkceramics.com\/wp-content\/uploads\/2024\/12\/Breakfast-Cup-wholesale-and-custom-4-768x768-1-150x150.webp 150w, https:\/\/www.linkceramics.com\/wp-content\/uploads\/2024\/12\/Breakfast-Cup-wholesale-and-custom-4-768x768-1-600x600.webp 600w, https:\/\/www.linkceramics.com\/wp-content\/uploads\/2024\/12\/Breakfast-Cup-wholesale-and-custom-4-768x768-1-100x100.webp 100w\" sizes=\"(max-width: 768px) 100vw, 768px\" \/><\/figure>\n<\/div>\n<\/div>","protected":false},"excerpt":{"rendered":"<p>Tasses \u00e0 d\u00e9jeuner de haute qualit\u00e9 fabriqu\u00e9es par un fabricant professionnel de services \u00e0 th\u00e9 en c\u00e9ramique, avec un design floral unique et exquis, combin\u00e9 \u00e0 un travail artisanal de la couleur de l'\u00e9mail. Magnifiques et durables, elles conviennent \u00e0 la maison, \u00e0 l'entreprise et \u00e0 divers lieux haut de gamme. Les fabricants de Lianyuan proposent des solutions de vaisselle personnalis\u00e9es pour cr\u00e9er des produits de marque uniques.<\/p>\n<h2>Param\u00e8tre de la tasse de petit-d\u00e9jeuner<\/h2>\n<table width=\"495\">\n<tbody>\n<tr>\n<td width=\"144\">Fabricant<\/td>\n<td width=\"351\">Lianyuan<\/td>\n<\/tr>\n<tr>\n<td>Type de produit<\/td>\n<td width=\"351\">Tasses, Mugs, Tasse \u00e0 caf\u00e9, Tasse \u00e0 th\u00e9<\/td>\n<\/tr>\n<tr>\n<td>Mod\u00e8le<\/td>\n<td>Floral<\/td>\n<\/tr>\n<tr>\n<td>Couleur<\/td>\n<td>Multi-couleur<\/td>\n<\/tr>\n<tr>\n<td>Mat\u00e9riau<\/td>\n<td>Porcelaine durable<\/td>\n<\/tr>\n<tr>\n<td>Artisanat<\/td>\n<td>D\u00e9calcomanie et peinture \u00e0 la main<\/td>\n<\/tr>\n<tr>\n<td>Capacit\u00e9<\/td>\n<td>16 Once ( 450 ml )<\/td>\n<\/tr>\n<tr>\n<td>Application<\/td>\n<td>Passe au micro-ondes, au lave-vaisselle et au four<\/td>\n<\/tr>\n<tr>\n<td>Sur mesure<\/td>\n<td>Couleur\/Taille\/Logo\/Emballage<\/td>\n<\/tr>\n<\/tbody>\n<\/table>","protected":false},"featured_media":749,"comment_status":"open","ping_status":"closed","template":"","meta":{"_acf_changed":true},"certification":[66,58,65,61,60,62,57],"product_brand":[],"product_cat":[34,19],"product_tag":[],"class_list":{"0":"post-747","1":"product","2":"type-product","3":"status-publish","4":"has-post-thumbnail","6":"certification-cnas","7":"certification-fda","8":"certification-iaf","9":"certification-iso-14001","10":"certification-iso-45001","11":"certification-iso-9001","12":"certification-lfgb","13":"product_cat-custom-household-ceramics","14":"product_cat-ceramic-tea-set-wholesale","16":"first","17":"instock","18":"shipping-taxable","19":"product-type-simple"},"acf":[],"_links":{"self":[{"href":"https:\/\/www.linkceramics.com\/fr\/wp-json\/wp\/v2\/product\/747","targetHints":{"allow":["GET"]}}],"collection":[{"href":"https:\/\/www.linkceramics.com\/fr\/wp-json\/wp\/v2\/product"}],"about":[{"href":"https:\/\/www.linkceramics.com\/fr\/wp-json\/wp\/v2\/types\/product"}],"replies":[{"embeddable":true,"href":"https:\/\/www.linkceramics.com\/fr\/wp-json\/wp\/v2\/comments?post=747"}],"wp:featuredmedia":[{"embeddable":true,"href":"https:\/\/www.linkceramics.com\/fr\/wp-json\/wp\/v2\/media\/749"}],"wp:attachment":[{"href":"https:\/\/www.linkceramics.com\/fr\/wp-json\/wp\/v2\/media?parent=747"}],"wp:term":[{"taxonomy":"certification","embeddable":true,"href":"https:\/\/www.linkceramics.com\/fr\/wp-json\/wp\/v2\/certification?post=747"},{"taxonomy":"product_brand","embeddable":true,"href":"https:\/\/www.linkceramics.com\/fr\/wp-json\/wp\/v2\/product_brand?post=747"},{"taxonomy":"product_cat","embeddable":true,"href":"https:\/\/www.linkceramics.com\/fr\/wp-json\/wp\/v2\/product_cat?post=747"},{"taxonomy":"product_tag","embeddable":true,"href":"https:\/\/www.linkceramics.com\/fr\/wp-json\/wp\/v2\/product_tag?post=747"}],"curies":[{"name":"wp","href":"https:\/\/api.w.org\/{rel}","templated":true}]}}