{"id":754,"date":"2024-12-10T03:16:58","date_gmt":"2024-12-10T03:16:58","guid":{"rendered":"https:\/\/www.linkceramics.com\/?post_type=product&#038;p=754"},"modified":"2024-12-10T03:17:00","modified_gmt":"2024-12-10T03:17:00","slug":"custom-servingware-set","status":"publish","type":"product","link":"https:\/\/www.linkceramics.com\/fr\/product\/custom-servingware-set\/","title":{"rendered":"Service en c\u00e9ramique personnalis\u00e9 avec motif de feuilles rouges exquises"},"content":{"rendered":"<div class=\"wp-block-columns is-layout-flex wp-container-core-columns-is-layout-9d6595d7 wp-block-columns-is-layout-flex\">\n<div class=\"wp-block-column is-layout-flow wp-block-column-is-layout-flow\" style=\"flex-basis:50%\">\n<h3 class=\"wp-block-heading\">Service de table Caract\u00e9ristiques :<\/h3>\n\n\n\n<p><strong>Travail manuel exotique<\/strong><br>Chacun de ces articles de table en c\u00e9ramique pr\u00e9sente un motif exquis de feuilles rouges, combin\u00e9 \u00e0 des d\u00e9calcomanies sous gla\u00e7ure, des peintures faites \u00e0 la main et des gaufrages.<\/p>\n\n\n\n<p><strong>Forte durabilit\u00e9<\/strong><br>Tr\u00e8s r\u00e9sistant, il peut \u00eatre utilis\u00e9 au four \u00e0 micro-ondes, au lave-vaisselle et au four ; il est facile \u00e0 utiliser dans la vie quotidienne.<\/p>\n\n\n\n<p><strong>Respect de l'environnement<\/strong><br>Il r\u00e9pond aux normes de s\u00e9curit\u00e9 de la Proposition 65 de la Californie pour garantir l'innocuit\u00e9 pour la sant\u00e9 et convient \u00e0 un usage domestique.<\/p>\n\n\n\n<p><strong>Polyvalence<\/strong><br>Il convient \u00e0 diff\u00e9rentes occasions, qu'il s'agisse de repas quotidiens, de r\u00e9unions de famille ou de c\u00e9l\u00e9brations de f\u00eates ; il embellit la table \u00e0 manger de fa\u00e7on exquise.<\/p>\n<\/div>\n\n\n\n<div class=\"wp-block-column is-layout-flow wp-block-column-is-layout-flow\" style=\"flex-basis:50%\">\n<figure class=\"wp-block-image size-full\"><img decoding=\"async\" width=\"612\" height=\"612\" src=\"https:\/\/www.linkceramics.com\/wp-content\/uploads\/2024\/12\/Custom-Ceramic-Servingware-1.webp\" alt=\"Couverts de service en c\u00e9ramique sur mesure-1\" class=\"wp-image-755\" srcset=\"https:\/\/www.linkceramics.com\/wp-content\/uploads\/2024\/12\/Custom-Ceramic-Servingware-1.webp 612w, https:\/\/www.linkceramics.com\/wp-content\/uploads\/2024\/12\/Custom-Ceramic-Servingware-1-300x300.webp 300w, https:\/\/www.linkceramics.com\/wp-content\/uploads\/2024\/12\/Custom-Ceramic-Servingware-1-150x150.webp 150w, https:\/\/www.linkceramics.com\/wp-content\/uploads\/2024\/12\/Custom-Ceramic-Servingware-1-600x600.webp 600w, https:\/\/www.linkceramics.com\/wp-content\/uploads\/2024\/12\/Custom-Ceramic-Servingware-1-100x100.webp 100w\" sizes=\"(max-width: 612px) 100vw, 612px\" \/><\/figure>\n<\/div>\n<\/div>","protected":false},"excerpt":{"rendered":"<p>Set de service unique et personnalis\u00e9 avec un motif de feuilles rouges, plusieurs formes et tailles au choix. Convient pour servir des plats de diff\u00e9rentes capacit\u00e9s. Nous vous invitons \u00e0 consulter l'usine de Lianyuan pour obtenir un devis gratuit.<\/p>\n<h2>\u00a0Param\u00e8tres de l'ensemble des services<\/h2>\n<table width=\"353\">\n<tbody>\n<tr>\n<td width=\"82\">Fabricant<\/td>\n<td width=\"270\">Lianyuan<\/td>\n<\/tr>\n<tr>\n<td>Type de produit<\/td>\n<td width=\"270\">Plateau organique, Plateau ovale, Plateau oblong<\/td>\n<\/tr>\n<tr>\n<td>Mod\u00e8le<\/td>\n<td>Floral, feuilles rouges<\/td>\n<\/tr>\n<tr>\n<td>Mat\u00e9riau<\/td>\n<td>Porcelaine durable<\/td>\n<\/tr>\n<tr>\n<td>Artisanat<\/td>\n<td>D\u00e9calque en gla\u00e7ure, peint \u00e0 la main\u00a0<\/td>\n<\/tr>\n<tr>\n<td>Application<\/td>\n<td>Passe au micro-ondes, au lave-vaisselle et au four<\/td>\n<\/tr>\n<tr>\n<td>Sur mesure<\/td>\n<td>Couleur\/Taille\/Logo\/Emballage<\/td>\n<\/tr>\n<\/tbody>\n<\/table>\n<p>&nbsp;<\/p>","protected":false},"featured_media":755,"comment_status":"open","ping_status":"closed","template":"","meta":{"_acf_changed":true},"certification":[66,58,65,61,60,62,57],"product_brand":[],"product_cat":[34,18,19],"product_tag":[],"class_list":{"0":"post-754","1":"product","2":"type-product","3":"status-publish","4":"has-post-thumbnail","6":"certification-cnas","7":"certification-fda","8":"certification-iaf","9":"certification-iso-14001","10":"certification-iso-45001","11":"certification-iso-9001","12":"certification-lfgb","13":"product_cat-custom-household-ceramics","14":"product_cat-ceramic-tableware-wholesale","15":"product_cat-ceramic-tea-set-wholesale","17":"first","18":"instock","19":"shipping-taxable","20":"product-type-simple"},"acf":[],"_links":{"self":[{"href":"https:\/\/www.linkceramics.com\/fr\/wp-json\/wp\/v2\/product\/754","targetHints":{"allow":["GET"]}}],"collection":[{"href":"https:\/\/www.linkceramics.com\/fr\/wp-json\/wp\/v2\/product"}],"about":[{"href":"https:\/\/www.linkceramics.com\/fr\/wp-json\/wp\/v2\/types\/product"}],"replies":[{"embeddable":true,"href":"https:\/\/www.linkceramics.com\/fr\/wp-json\/wp\/v2\/comments?post=754"}],"wp:featuredmedia":[{"embeddable":true,"href":"https:\/\/www.linkceramics.com\/fr\/wp-json\/wp\/v2\/media\/755"}],"wp:attachment":[{"href":"https:\/\/www.linkceramics.com\/fr\/wp-json\/wp\/v2\/media?parent=754"}],"wp:term":[{"taxonomy":"certification","embeddable":true,"href":"https:\/\/www.linkceramics.com\/fr\/wp-json\/wp\/v2\/certification?post=754"},{"taxonomy":"product_brand","embeddable":true,"href":"https:\/\/www.linkceramics.com\/fr\/wp-json\/wp\/v2\/product_brand?post=754"},{"taxonomy":"product_cat","embeddable":true,"href":"https:\/\/www.linkceramics.com\/fr\/wp-json\/wp\/v2\/product_cat?post=754"},{"taxonomy":"product_tag","embeddable":true,"href":"https:\/\/www.linkceramics.com\/fr\/wp-json\/wp\/v2\/product_tag?post=754"}],"curies":[{"name":"wp","href":"https:\/\/api.w.org\/{rel}","templated":true}]}}