{"id":757,"date":"2024-12-10T03:18:02","date_gmt":"2024-12-10T03:18:02","guid":{"rendered":"https:\/\/www.linkceramics.com\/?post_type=product&#038;p=757"},"modified":"2024-12-10T03:18:03","modified_gmt":"2024-12-10T03:18:03","slug":"wholesale-bakeware-sets","status":"publish","type":"product","link":"https:\/\/www.linkceramics.com\/fr\/product\/wholesale-bakeware-sets\/","title":{"rendered":"Wholesale Bakeware Sets Ceramic Non Stick Blue Floral"},"content":{"rendered":"<div class=\"wp-block-columns is-layout-flex wp-container-core-columns-is-layout-9d6595d7 wp-block-columns-is-layout-flex\">\n<div class=\"wp-block-column is-layout-flow wp-block-column-is-layout-flow\" style=\"flex-basis:50%\">\n<h3 class=\"wp-block-heading\">Ensemble d'ustensiles de cuisson Caract\u00e9ristiques :<\/h3>\n\n\n\n<p><strong>Design \u00e9l\u00e9gant et \u00e0 la mode<br><\/strong>Avec ses motifs floraux accrocheurs, ses couleurs riches et son \u00e9l\u00e9gance naturelle, il devient le point de mire de toute la s\u00e9rie d'articles de table.<\/p>\n\n\n\n<p><strong>Durable et r\u00e9sistant \u00e0 la chaleur<\/strong><br>Porcelaine de haute densit\u00e9, cuite \u00e0 1280\u00b0C, durable et r\u00e9sistant aux fissures, adapt\u00e9e au micro-ondes, au four, au lave-vaisselle et au r\u00e9frig\u00e9rateur.<\/p>\n\n\n\n<p><strong>R\u00e9sistant aux rayures et non toxique<\/strong><br>Le gla\u00e7age durable et r\u00e9sistant aux rayures est non r\u00e9actif et non toxique, garantissant une cuisson s\u00fbre sans br\u00fblure ni r\u00e9action chimique.<\/p>\n\n\n\n<p><strong>Ensemble complet de combinaisons multifonctionnelles<\/strong><br>Combinaison d'ustensiles de cuisson personnalis\u00e9s, comprenant des moules \u00e0 p\u00e2tisserie, des moules \u00e0 muffins ou \u00e0 cupcakes, des moules \u00e0 pain, des plats \u00e0 tarte, des moules \u00e0 g\u00e2teaux.<\/p>\n<\/div>\n\n\n\n<div class=\"wp-block-column is-layout-flow wp-block-column-is-layout-flow\" style=\"flex-basis:50%\">\n<figure class=\"wp-block-image size-full\"><img decoding=\"async\" width=\"792\" height=\"792\" src=\"https:\/\/www.linkceramics.com\/wp-content\/uploads\/2024\/12\/Wholesale-Ceramic-Bakeware-Sets-1.webp\" alt=\"Grossiste-P\u00e2tisseries en c\u00e9ramique-Sets-1\" class=\"wp-image-758\" srcset=\"https:\/\/www.linkceramics.com\/wp-content\/uploads\/2024\/12\/Wholesale-Ceramic-Bakeware-Sets-1.webp 792w, https:\/\/www.linkceramics.com\/wp-content\/uploads\/2024\/12\/Wholesale-Ceramic-Bakeware-Sets-1-300x300.webp 300w, https:\/\/www.linkceramics.com\/wp-content\/uploads\/2024\/12\/Wholesale-Ceramic-Bakeware-Sets-1-150x150.webp 150w, https:\/\/www.linkceramics.com\/wp-content\/uploads\/2024\/12\/Wholesale-Ceramic-Bakeware-Sets-1-768x768.webp 768w, https:\/\/www.linkceramics.com\/wp-content\/uploads\/2024\/12\/Wholesale-Ceramic-Bakeware-Sets-1-600x600.webp 600w, https:\/\/www.linkceramics.com\/wp-content\/uploads\/2024\/12\/Wholesale-Ceramic-Bakeware-Sets-1-100x100.webp 100w\" sizes=\"(max-width: 792px) 100vw, 792px\" \/><\/figure>\n<\/div>\n<\/div>","protected":false},"excerpt":{"rendered":"<p>Batterie de cuisine antiadh\u00e9sive en c\u00e9ramique, vente en gros, service personnalis\u00e9 disponible. Magnifique motif floral, ensemble multi-pi\u00e8ces, durable pour tous les besoins de cuisson. Commandez en gros pour obtenir la meilleure offre.<\/p>\n<h2>Set d'ustensiles de cuisson Param\u00e8tre<\/h2>\n<table width=\"353\">\n<tbody>\n<tr>\n<td width=\"82\">Fabricant<\/td>\n<td width=\"270\">Lianyuan<\/td>\n<\/tr>\n<tr>\n<td>Type de produit<\/td>\n<td width=\"270\">Baker, Cakestand, Cake Plate, Roller, Ramekin Baker<\/td>\n<\/tr>\n<tr>\n<td>Mod\u00e8le<\/td>\n<td>Floral<\/td>\n<\/tr>\n<tr>\n<td>Couleur<\/td>\n<td>\n<p>Bleu et multicolore<\/p>\n<\/td>\n<\/tr>\n<tr>\n<td>Mat\u00e9riau<\/td>\n<td>Porcelaine durable<\/td>\n<\/tr>\n<tr>\n<td>Artisanat<\/td>\n<td>D\u00e9calque en gla\u00e7ure, peint \u00e0 la main\u00a0<\/td>\n<\/tr>\n<tr>\n<td>Application<\/td>\n<td>Passe au micro-ondes et au lave-vaisselle, au four et au cong\u00e9lateur<\/td>\n<\/tr>\n<tr>\n<td>Sur mesure<\/td>\n<td>Couleur\/Taille\/Logo\/Emballage<\/td>\n<\/tr>\n<\/tbody>\n<\/table>","protected":false},"featured_media":761,"comment_status":"open","ping_status":"closed","template":"","meta":{"_acf_changed":true},"certification":[66,58,65,61,60,62,57],"product_brand":[],"product_cat":[34,20],"product_tag":[],"class_list":{"0":"post-757","1":"product","2":"type-product","3":"status-publish","4":"has-post-thumbnail","6":"certification-cnas","7":"certification-fda","8":"certification-iaf","9":"certification-iso-14001","10":"certification-iso-45001","11":"certification-iso-9001","12":"certification-lfgb","13":"product_cat-custom-household-ceramics","14":"product_cat-ceramic-kitchenware-wholesale","16":"first","17":"instock","18":"shipping-taxable","19":"product-type-simple"},"acf":[],"_links":{"self":[{"href":"https:\/\/www.linkceramics.com\/fr\/wp-json\/wp\/v2\/product\/757","targetHints":{"allow":["GET"]}}],"collection":[{"href":"https:\/\/www.linkceramics.com\/fr\/wp-json\/wp\/v2\/product"}],"about":[{"href":"https:\/\/www.linkceramics.com\/fr\/wp-json\/wp\/v2\/types\/product"}],"replies":[{"embeddable":true,"href":"https:\/\/www.linkceramics.com\/fr\/wp-json\/wp\/v2\/comments?post=757"}],"wp:featuredmedia":[{"embeddable":true,"href":"https:\/\/www.linkceramics.com\/fr\/wp-json\/wp\/v2\/media\/761"}],"wp:attachment":[{"href":"https:\/\/www.linkceramics.com\/fr\/wp-json\/wp\/v2\/media?parent=757"}],"wp:term":[{"taxonomy":"certification","embeddable":true,"href":"https:\/\/www.linkceramics.com\/fr\/wp-json\/wp\/v2\/certification?post=757"},{"taxonomy":"product_brand","embeddable":true,"href":"https:\/\/www.linkceramics.com\/fr\/wp-json\/wp\/v2\/product_brand?post=757"},{"taxonomy":"product_cat","embeddable":true,"href":"https:\/\/www.linkceramics.com\/fr\/wp-json\/wp\/v2\/product_cat?post=757"},{"taxonomy":"product_tag","embeddable":true,"href":"https:\/\/www.linkceramics.com\/fr\/wp-json\/wp\/v2\/product_tag?post=757"}],"curies":[{"name":"wp","href":"https:\/\/api.w.org\/{rel}","templated":true}]}}