{"id":762,"date":"2024-12-10T03:19:31","date_gmt":"2024-12-10T03:19:31","guid":{"rendered":"https:\/\/www.linkceramics.com\/?post_type=product&#038;p=762"},"modified":"2024-12-10T03:19:32","modified_gmt":"2024-12-10T03:19:32","slug":"wholesale-casserole-dish-with-lid","status":"publish","type":"product","link":"https:\/\/www.linkceramics.com\/fr\/product\/wholesale-casserole-dish-with-lid\/","title":{"rendered":"Casserole en c\u00e9ramique avec couvercle Gris Rose Formes vari\u00e9es Personnalis\u00e9"},"content":{"rendered":"<div class=\"wp-block-columns is-layout-flex wp-container-core-columns-is-layout-9d6595d7 wp-block-columns-is-layout-flex\">\n<div class=\"wp-block-column is-layout-flow wp-block-column-is-layout-flow\" style=\"flex-basis:50%\">\n<h3 class=\"wp-block-heading\">Caract\u00e9ristiques Casserole avec couvercle :<\/h3>\n\n\n\n<p><strong>Design moderne et \u00e9l\u00e9gant<\/strong><br>La forme moderne du couvercle est associ\u00e9e \u00e0 des couleurs \u00e0 la mode et durables qui ne s'effacent pas pour rendre la cuisine amusante !<\/p>\n\n\n\n<p><strong>Mat\u00e9riaux de haute qualit\u00e9<\/strong><br>Fabriqu\u00e9 \u00e0 partir de min\u00e9raux naturels et de spodum\u00e8ne australien, il r\u00e9pond \u00e0 toutes les normes de s\u00e9curit\u00e9 alimentaire et est sain et s\u00fbr.<\/p>\n\n\n\n<p><strong>Excellente r\u00e9sistance aux chocs thermiques<\/strong><br>Il peut r\u00e9sister \u00e0 des changements rapides de temp\u00e9rature jusqu'\u00e0 600\u00b0C, et le mat\u00e9riau de haute densit\u00e9 bloque l'absorption de l'humidit\u00e9 et emp\u00eache les fissures et les craquelures.<\/p>\n\n\n\n<p><strong>Utilisation pratique et \u00e9conome en \u00e9nergie<\/strong><br>Epaisseur mod\u00e9r\u00e9e, poids l\u00e9ger, conduction rapide de la chaleur, refroidissement lent, peut \u00eatre cuit \u00e0 basse temp\u00e9rature, ce qui permet d'\u00e9conomiser du temps et de l'\u00e9nergie.<\/p>\n\n\n\n<p><strong>Durable et facile \u00e0 nettoyer<\/strong><br>La surface lisse de la poterie emp\u00eache les rayures, la salet\u00e9 et la corrosion, est antiadh\u00e9sive et facile \u00e0 nettoyer.<\/p>\n<\/div>\n\n\n\n<div class=\"wp-block-column is-layout-flow wp-block-column-is-layout-flow\" style=\"flex-basis:50%\">\n<figure class=\"wp-block-image size-full\"><img decoding=\"async\" width=\"768\" height=\"768\" src=\"https:\/\/www.linkceramics.com\/wp-content\/uploads\/2024\/12\/Wholesale-Earthenware-Pot-10-768x768-1.webp\" alt=\"Wholesale-Earthenware-Pot-10-768x768\" class=\"wp-image-767\" srcset=\"https:\/\/www.linkceramics.com\/wp-content\/uploads\/2024\/12\/Wholesale-Earthenware-Pot-10-768x768-1.webp 768w, https:\/\/www.linkceramics.com\/wp-content\/uploads\/2024\/12\/Wholesale-Earthenware-Pot-10-768x768-1-300x300.webp 300w, https:\/\/www.linkceramics.com\/wp-content\/uploads\/2024\/12\/Wholesale-Earthenware-Pot-10-768x768-1-150x150.webp 150w, https:\/\/www.linkceramics.com\/wp-content\/uploads\/2024\/12\/Wholesale-Earthenware-Pot-10-768x768-1-600x600.webp 600w, https:\/\/www.linkceramics.com\/wp-content\/uploads\/2024\/12\/Wholesale-Earthenware-Pot-10-768x768-1-100x100.webp 100w\" sizes=\"(max-width: 768px) 100vw, 768px\" \/><\/figure>\n<\/div>\n<\/div>","protected":false},"excerpt":{"rendered":"<p>Cocotte de haute qualit\u00e9 avec couvercle, fabriqu\u00e9e en c\u00e9ramique durable, r\u00e9sistante \u00e0 la chaleur et non susceptible de se fissurer, assurant une r\u00e9partition uniforme de la chaleur. La forme moderne et la couleur frappante rendent la cocotte encore plus attrayante. Contactez-nous pour plus d'informations !<\/p>\n<h2>Casserole param\u00e9trique avec couvercle<\/h2>\n<table border=\"0\" width=\"618\" cellspacing=\"0\" cellpadding=\"0\">\n<tbody>\n<tr>\n<td width=\"180\" height=\"26\">Fabricant<\/td>\n<td width=\"438\">Lianyuan<\/td>\n<\/tr>\n<tr>\n<td height=\"26\">Type de produit<\/td>\n<td>Ustensiles de cuisine,Casseroles<\/td>\n<\/tr>\n<tr>\n<td height=\"26\">Couleur<\/td>\n<td>Corps gris avec couvercle rose<\/td>\n<\/tr>\n<tr>\n<td height=\"26\">Mat\u00e9riau<\/td>\n<td>Argile thermor\u00e9sistante<\/td>\n<\/tr>\n<tr>\n<td height=\"26\">Artisanat<\/td>\n<td>D\u00e9calcomanie et peinture \u00e0 la main<\/td>\n<\/tr>\n<tr>\n<td height=\"26\">Application<\/td>\n<td>Passe au micro-ondes, au lave-vaisselle et au four<\/td>\n<\/tr>\n<tr>\n<td height=\"26\">Sur mesure<\/td>\n<td>Couleur\/Taille\/Logo\/Emballage<\/td>\n<\/tr>\n<\/tbody>\n<\/table>\n<p>&nbsp;<\/p>","protected":false},"featured_media":764,"comment_status":"open","ping_status":"closed","template":"","meta":{"_acf_changed":true},"certification":[66,58,65,61,60,62,57],"product_brand":[],"product_cat":[34,20],"product_tag":[],"class_list":{"0":"post-762","1":"product","2":"type-product","3":"status-publish","4":"has-post-thumbnail","6":"certification-cnas","7":"certification-fda","8":"certification-iaf","9":"certification-iso-14001","10":"certification-iso-45001","11":"certification-iso-9001","12":"certification-lfgb","13":"product_cat-custom-household-ceramics","14":"product_cat-ceramic-kitchenware-wholesale","16":"first","17":"instock","18":"shipping-taxable","19":"product-type-simple"},"acf":[],"_links":{"self":[{"href":"https:\/\/www.linkceramics.com\/fr\/wp-json\/wp\/v2\/product\/762","targetHints":{"allow":["GET"]}}],"collection":[{"href":"https:\/\/www.linkceramics.com\/fr\/wp-json\/wp\/v2\/product"}],"about":[{"href":"https:\/\/www.linkceramics.com\/fr\/wp-json\/wp\/v2\/types\/product"}],"replies":[{"embeddable":true,"href":"https:\/\/www.linkceramics.com\/fr\/wp-json\/wp\/v2\/comments?post=762"}],"wp:featuredmedia":[{"embeddable":true,"href":"https:\/\/www.linkceramics.com\/fr\/wp-json\/wp\/v2\/media\/764"}],"wp:attachment":[{"href":"https:\/\/www.linkceramics.com\/fr\/wp-json\/wp\/v2\/media?parent=762"}],"wp:term":[{"taxonomy":"certification","embeddable":true,"href":"https:\/\/www.linkceramics.com\/fr\/wp-json\/wp\/v2\/certification?post=762"},{"taxonomy":"product_brand","embeddable":true,"href":"https:\/\/www.linkceramics.com\/fr\/wp-json\/wp\/v2\/product_brand?post=762"},{"taxonomy":"product_cat","embeddable":true,"href":"https:\/\/www.linkceramics.com\/fr\/wp-json\/wp\/v2\/product_cat?post=762"},{"taxonomy":"product_tag","embeddable":true,"href":"https:\/\/www.linkceramics.com\/fr\/wp-json\/wp\/v2\/product_tag?post=762"}],"curies":[{"name":"wp","href":"https:\/\/api.w.org\/{rel}","templated":true}]}}