{"id":768,"date":"2024-12-21T07:01:48","date_gmt":"2024-12-21T07:01:48","guid":{"rendered":"https:\/\/www.linkceramics.com\/?post_type=product&#038;p=768"},"modified":"2024-12-21T07:01:49","modified_gmt":"2024-12-21T07:01:49","slug":"custom-casserole-dish","status":"publish","type":"product","link":"https:\/\/www.linkceramics.com\/fr\/product\/custom-casserole-dish\/","title":{"rendered":"Casserole personnalis\u00e9e en c\u00e9ramique avec couvercle Dimensions multiples"},"content":{"rendered":"<div class=\"wp-block-columns is-layout-flex wp-container-core-columns-is-layout-9d6595d7 wp-block-columns-is-layout-flex\">\n<div class=\"wp-block-column is-layout-flow wp-block-column-is-layout-flow\" style=\"flex-basis:50%\">\n<h3 class=\"wp-block-heading\">Casserole Caract\u00e9ristiques :<\/h3>\n\n\n\n<p><strong>Tailles multiples<\/strong><br>Propose des cocottes de diff\u00e9rentes tailles pour r\u00e9pondre \u00e0 tous les besoins culinaires, des portions individuelles aux d\u00eeners familiaux.<br><strong>Argile thermor\u00e9sistante<\/strong><br>Fabriqu\u00e9 \u00e0 partir de min\u00e9raux naturels de la terre et de litharge australienne, il r\u00e9pond \u00e0 toutes les normes de s\u00e9curit\u00e9 alimentaire, il est sain et s\u00fbr.<br><strong>Excellente r\u00e9sistance aux chocs thermiques<\/strong><br>R\u00e9siste aux changements rapides de temp\u00e9rature jusqu'\u00e0 600\u00b0C. Le mat\u00e9riau haute densit\u00e9 emp\u00eache l'absorption de l'humidit\u00e9 et pr\u00e9vient les fissures et les craquelures.<br><strong>L\u00e9ger et \u00e9conome en \u00e9nergie<\/strong><br>Epaisseur mod\u00e9r\u00e9e, l\u00e9g\u00e8ret\u00e9, conduction rapide de la chaleur, refroidissement lent et chauffage uniforme pour r\u00e9duire le temps de cuisson et la consommation d'\u00e9nergie.<br><strong>Couvercle en c\u00e9ramique<\/strong><br>La marmite en c\u00e9ramique munie d'un couvercle retient efficacement les ar\u00f4mes et l'humidit\u00e9 des aliments.<br><strong>Esth\u00e9tique<\/strong><br>Le style moderne et les couleurs \u00e9l\u00e9gantes et durables rendent la cuisine amusante !<\/p>\n<\/div>\n\n\n\n<div class=\"wp-block-column is-layout-flow wp-block-column-is-layout-flow\" style=\"flex-basis:50%\">\n<figure class=\"wp-block-image size-full\"><img decoding=\"async\" width=\"768\" height=\"768\" src=\"https:\/\/www.linkceramics.com\/wp-content\/uploads\/2024\/12\/Custom-Casserole-Dish-2-768x768-1.webp\" alt=\"Plat \u00e0 gratin sur mesure-2\" class=\"wp-image-770\" srcset=\"https:\/\/www.linkceramics.com\/wp-content\/uploads\/2024\/12\/Custom-Casserole-Dish-2-768x768-1.webp 768w, https:\/\/www.linkceramics.com\/wp-content\/uploads\/2024\/12\/Custom-Casserole-Dish-2-768x768-1-300x300.webp 300w, https:\/\/www.linkceramics.com\/wp-content\/uploads\/2024\/12\/Custom-Casserole-Dish-2-768x768-1-150x150.webp 150w, https:\/\/www.linkceramics.com\/wp-content\/uploads\/2024\/12\/Custom-Casserole-Dish-2-768x768-1-600x600.webp 600w, https:\/\/www.linkceramics.com\/wp-content\/uploads\/2024\/12\/Custom-Casserole-Dish-2-768x768-1-100x100.webp 100w\" sizes=\"(max-width: 768px) 100vw, 768px\" \/><\/figure>\n<\/div>\n<\/div>","protected":false},"excerpt":{"rendered":"<p>Cocotte personnalis\u00e9e, fabriqu\u00e9e en c\u00e9ramique r\u00e9sistante \u00e0 la chaleur, avec un couvercle \"jardin secret\", unique et polyvalente. Disponible dans une vari\u00e9t\u00e9 de tailles et de formes, y compris les couvercles et les poign\u00e9es, c'est le style de cocotte le plus populaire.<\/p>\n<h2>Param\u00e8tre de la cocotte<\/h2>\n<table border=\"0\" width=\"618\" cellspacing=\"0\" cellpadding=\"0\">\n<tbody>\n<tr>\n<td width=\"180\" height=\"26\">Fabricant<\/td>\n<td width=\"438\">Lianyuan<\/td>\n<\/tr>\n<tr>\n<td height=\"26\">Type de produit<\/td>\n<td>ustensiles de cuisine,Casserole<\/td>\n<\/tr>\n<tr>\n<td height=\"26\">Mod\u00e8le<\/td>\n<td>Jardin secret<\/td>\n<\/tr>\n<tr>\n<td height=\"26\">Couleur<\/td>\n<td>Noir et multicolore<\/td>\n<\/tr>\n<tr>\n<td height=\"26\">Mat\u00e9riau<\/td>\n<td>Argile thermor\u00e9sistante<\/td>\n<\/tr>\n<tr>\n<td height=\"26\">Artisanat<\/td>\n<td>D\u00e9calcomanie et peinture \u00e0 la main<\/td>\n<\/tr>\n<tr>\n<td height=\"26\">Application<\/td>\n<td>Passe au micro-ondes, au lave-vaisselle et au four<\/td>\n<\/tr>\n<tr>\n<td height=\"26\">Sur mesure<\/td>\n<td>Couleur\/Taille\/Logo\/Emballage<\/td>\n<\/tr>\n<\/tbody>\n<\/table>","protected":false},"featured_media":769,"comment_status":"open","ping_status":"closed","template":"","meta":{"_acf_changed":true},"certification":[66,58,65,61,60,62,57],"product_brand":[],"product_cat":[34,20],"product_tag":[],"class_list":{"0":"post-768","1":"product","2":"type-product","3":"status-publish","4":"has-post-thumbnail","6":"certification-cnas","7":"certification-fda","8":"certification-iaf","9":"certification-iso-14001","10":"certification-iso-45001","11":"certification-iso-9001","12":"certification-lfgb","13":"product_cat-custom-household-ceramics","14":"product_cat-ceramic-kitchenware-wholesale","16":"first","17":"instock","18":"shipping-taxable","19":"product-type-simple"},"acf":[],"_links":{"self":[{"href":"https:\/\/www.linkceramics.com\/fr\/wp-json\/wp\/v2\/product\/768","targetHints":{"allow":["GET"]}}],"collection":[{"href":"https:\/\/www.linkceramics.com\/fr\/wp-json\/wp\/v2\/product"}],"about":[{"href":"https:\/\/www.linkceramics.com\/fr\/wp-json\/wp\/v2\/types\/product"}],"replies":[{"embeddable":true,"href":"https:\/\/www.linkceramics.com\/fr\/wp-json\/wp\/v2\/comments?post=768"}],"wp:featuredmedia":[{"embeddable":true,"href":"https:\/\/www.linkceramics.com\/fr\/wp-json\/wp\/v2\/media\/769"}],"wp:attachment":[{"href":"https:\/\/www.linkceramics.com\/fr\/wp-json\/wp\/v2\/media?parent=768"}],"wp:term":[{"taxonomy":"certification","embeddable":true,"href":"https:\/\/www.linkceramics.com\/fr\/wp-json\/wp\/v2\/certification?post=768"},{"taxonomy":"product_brand","embeddable":true,"href":"https:\/\/www.linkceramics.com\/fr\/wp-json\/wp\/v2\/product_brand?post=768"},{"taxonomy":"product_cat","embeddable":true,"href":"https:\/\/www.linkceramics.com\/fr\/wp-json\/wp\/v2\/product_cat?post=768"},{"taxonomy":"product_tag","embeddable":true,"href":"https:\/\/www.linkceramics.com\/fr\/wp-json\/wp\/v2\/product_tag?post=768"}],"curies":[{"name":"wp","href":"https:\/\/api.w.org\/{rel}","templated":true}]}}