{"id":852,"date":"2024-12-10T03:23:43","date_gmt":"2024-12-10T03:23:43","guid":{"rendered":"https:\/\/www.linkceramics.com\/?post_type=product&#038;p=852"},"modified":"2024-12-10T03:23:45","modified_gmt":"2024-12-10T03:23:45","slug":"chocolate-fondue-wholesale","status":"publish","type":"product","link":"https:\/\/www.linkceramics.com\/fr\/product\/chocolate-fondue-wholesale\/","title":{"rendered":"Fondue au chocolat en c\u00e9ramique en gros pour faire fondre la cr\u00e8me et le fromage"},"content":{"rendered":"<div class=\"wp-block-columns is-layout-flex wp-container-core-columns-is-layout-9d6595d7 wp-block-columns-is-layout-flex\">\n<div class=\"wp-block-column is-layout-flow wp-block-column-is-layout-flow\" style=\"flex-basis:50%\">\n<h3 class=\"wp-block-heading\">Fondue au chocolat Caract\u00e9ristiques :<\/h3>\n\n\n\n<p><strong>Plusieurs options de couleurs<\/strong><br>Diverses options de couleurs peuvent r\u00e9pondre \u00e0 des besoins diff\u00e9rents et am\u00e9liorer l'attrait visuel du produit.<\/p>\n\n\n\n<p><strong>Polyvalent<\/strong><br>Fait fondre facilement le chocolat et le fromage pour tremper les fruits, les desserts, les l\u00e9gumes, le pain, les biscuits, les guimauves, les doigts de dame, etc.<\/p>\n\n\n\n<p><strong>Performance de r\u00e9tention de la chaleur<\/strong><br>Gr\u00e2ce \u00e0 l'utilisation de mat\u00e9riaux c\u00e9ramiques de haute qualit\u00e9, l'\u00e9paisseur peut am\u00e9liorer l'effet de r\u00e9tention de la chaleur, ce qui permet de maintenir la temp\u00e9rature des aliments pendant longtemps sans les br\u00fbler.<\/p>\n\n\n\n<p><strong>Pratique et rapide<\/strong><br>Petit et simple, l\u00e9ger et facile \u00e0 utiliser, parfait pour recevoir des invit\u00e9s !<\/p>\n\n\n\n<p><strong>Facile \u00e0 nettoyer<\/strong><br>La surface en c\u00e9ramique est lisse, facile \u00e0 nettoyer et peut \u00eatre lav\u00e9e au lave-vaisselle.<\/p>\n<\/div>\n\n\n\n<div class=\"wp-block-column is-layout-flow wp-block-column-is-layout-flow\" style=\"flex-basis:50%\">\n<figure class=\"wp-block-image size-full\"><img decoding=\"async\" width=\"626\" height=\"626\" src=\"https:\/\/www.linkceramics.com\/wp-content\/uploads\/2024\/12\/Chocolate-Fondue-Set-Wholesale.webp\" alt=\"Assortiment chocolat-fondue-vente en gros\" class=\"wp-image-853\" srcset=\"https:\/\/www.linkceramics.com\/wp-content\/uploads\/2024\/12\/Chocolate-Fondue-Set-Wholesale.webp 626w, https:\/\/www.linkceramics.com\/wp-content\/uploads\/2024\/12\/Chocolate-Fondue-Set-Wholesale-300x300.webp 300w, https:\/\/www.linkceramics.com\/wp-content\/uploads\/2024\/12\/Chocolate-Fondue-Set-Wholesale-150x150.webp 150w, https:\/\/www.linkceramics.com\/wp-content\/uploads\/2024\/12\/Chocolate-Fondue-Set-Wholesale-600x600.webp 600w, https:\/\/www.linkceramics.com\/wp-content\/uploads\/2024\/12\/Chocolate-Fondue-Set-Wholesale-100x100.webp 100w\" sizes=\"(max-width: 626px) 100vw, 626px\" \/><\/figure>\n<\/div>\n<\/div>\n\n\n\n<p><\/p>","protected":false},"excerpt":{"rendered":"<p>Vente directe d'usine de fondue au chocolat en c\u00e9ramique pour faire fondre la cr\u00e8me et le fromage. Qu'il s'agisse d'une r\u00e9union de famille ou d'un cadeau de vacances, c'est le meilleur pot \u00e0 chocolat l\u00e9ger et \u00e0 isolation thermique. Des options de personnalisation et une vari\u00e9t\u00e9 de couleurs sont disponibles.<\/p>\n<h2>Param\u00e8tres pour la fondue au chocolat<\/h2>\n<table border=\"0\" width=\"618\" cellspacing=\"0\" cellpadding=\"0\">\n<tbody>\n<tr>\n<td width=\"180\" height=\"26\">Fabricant<\/td>\n<td width=\"438\">Lianyuan<\/td>\n<\/tr>\n<tr>\n<td height=\"26\">Type de produit<\/td>\n<td>Fondue au chocolat,Fondue au fromage<\/td>\n<\/tr>\n<tr>\n<td height=\"26\">Mod\u00e8le<\/td>\n<td>Moderne<\/td>\n<\/tr>\n<tr>\n<td height=\"26\">Couleur<\/td>\n<td>Vert, gris, noir, etc.<\/td>\n<\/tr>\n<tr>\n<td height=\"26\">Mat\u00e9riau<\/td>\n<td>Porcelaine durable<\/td>\n<\/tr>\n<tr>\n<td height=\"26\">Artisanat<\/td>\n<td>Glacis de couleur<\/td>\n<\/tr>\n<tr>\n<td height=\"26\">Application<\/td>\n<td>Passe au micro-ondes, au lave-vaisselle et au four<\/td>\n<\/tr>\n<tr>\n<td height=\"26\">Sur mesure<\/td>\n<td>Couleur\/Taille\/Logo\/Emballage<\/td>\n<\/tr>\n<\/tbody>\n<\/table>\n<p>&nbsp;<\/p>","protected":false},"featured_media":853,"comment_status":"open","ping_status":"closed","template":"","meta":{"_acf_changed":true},"certification":[66,58,65,61,60,62,57],"product_brand":[],"product_cat":[34,20],"product_tag":[],"class_list":{"0":"post-852","1":"product","2":"type-product","3":"status-publish","4":"has-post-thumbnail","6":"certification-cnas","7":"certification-fda","8":"certification-iaf","9":"certification-iso-14001","10":"certification-iso-45001","11":"certification-iso-9001","12":"certification-lfgb","13":"product_cat-custom-household-ceramics","14":"product_cat-ceramic-kitchenware-wholesale","16":"first","17":"instock","18":"shipping-taxable","19":"product-type-simple"},"acf":[],"_links":{"self":[{"href":"https:\/\/www.linkceramics.com\/fr\/wp-json\/wp\/v2\/product\/852","targetHints":{"allow":["GET"]}}],"collection":[{"href":"https:\/\/www.linkceramics.com\/fr\/wp-json\/wp\/v2\/product"}],"about":[{"href":"https:\/\/www.linkceramics.com\/fr\/wp-json\/wp\/v2\/types\/product"}],"replies":[{"embeddable":true,"href":"https:\/\/www.linkceramics.com\/fr\/wp-json\/wp\/v2\/comments?post=852"}],"wp:featuredmedia":[{"embeddable":true,"href":"https:\/\/www.linkceramics.com\/fr\/wp-json\/wp\/v2\/media\/853"}],"wp:attachment":[{"href":"https:\/\/www.linkceramics.com\/fr\/wp-json\/wp\/v2\/media?parent=852"}],"wp:term":[{"taxonomy":"certification","embeddable":true,"href":"https:\/\/www.linkceramics.com\/fr\/wp-json\/wp\/v2\/certification?post=852"},{"taxonomy":"product_brand","embeddable":true,"href":"https:\/\/www.linkceramics.com\/fr\/wp-json\/wp\/v2\/product_brand?post=852"},{"taxonomy":"product_cat","embeddable":true,"href":"https:\/\/www.linkceramics.com\/fr\/wp-json\/wp\/v2\/product_cat?post=852"},{"taxonomy":"product_tag","embeddable":true,"href":"https:\/\/www.linkceramics.com\/fr\/wp-json\/wp\/v2\/product_tag?post=852"}],"curies":[{"name":"wp","href":"https:\/\/api.w.org\/{rel}","templated":true}]}}