{"id":862,"date":"2024-12-10T02:46:49","date_gmt":"2024-12-10T02:46:49","guid":{"rendered":"https:\/\/www.linkceramics.com\/?post_type=product&#038;p=862"},"modified":"2024-12-10T02:46:50","modified_gmt":"2024-12-10T02:46:50","slug":"above-counter-sinks-wholesale","status":"publish","type":"product","link":"https:\/\/www.linkceramics.com\/fr\/product\/above-counter-sinks-wholesale\/","title":{"rendered":"Lavabos de comptoir en gros, lavabos de luxe et durables"},"content":{"rendered":"<div class=\"wp-block-columns is-layout-flex wp-container-core-columns-is-layout-9d6595d7 wp-block-columns-is-layout-flex\">\n<div class=\"wp-block-column is-layout-flow wp-block-column-is-layout-flow\" style=\"flex-basis:50%\">\n<h3 class=\"wp-block-heading\">Premium Above Counter Sinks Wholesale Caract\u00e9ristiques :<\/h3>\n\n\n\n<ul class=\"wp-block-list\">\n<li><strong>Design de luxe haut de gamme :<\/strong>\u00a0Nos \u00e9viers au-dessus du comptoir ajoutent une touche de luxe \u00e0 l'espace cuisine gr\u00e2ce \u00e0 leur design unique et \u00e9l\u00e9gant. Chaque produit a \u00e9t\u00e9 soigneusement con\u00e7u avec des lignes douces et des mat\u00e9riaux exquis, qui s'int\u00e8grent parfaitement dans divers styles de d\u00e9coration haut de gamme.<\/li>\n\n\n\n<li><strong>Excellente durabilit\u00e9 :<\/strong>\u00a0Nous nous concentrons sur la cr\u00e9ation de produits extr\u00eamement durables pour les \u00e9viers \u00e0 poser en vrac, en utilisant des mat\u00e9riaux c\u00e9ramiques de haute qualit\u00e9 et un traitement sp\u00e9cial pour garantir que les produits pr\u00e9sentent une excellente r\u00e9sistance \u00e0 la corrosion, aux rayures et aux temp\u00e9ratures \u00e9lev\u00e9es.<\/li>\n\n\n\n<li><strong>Facile \u00e0 nettoyer et \u00e0 entretenir :\u00a0<\/strong>Nos \u00e9viers au-dessus du comptoir sont dot\u00e9s d'un rev\u00eatement antiadh\u00e9sif facile \u00e0 nettoyer. Nos produits n\u00e9cessitent un entretien minimal et r\u00e9sistent sans effort aux empreintes digitales, \u00e0 la salet\u00e9 et aux taches d'eau, garantissant ainsi un aspect impeccable au fil du temps.<\/li>\n\n\n\n<li><strong>Livraison rapide :\u00a0<\/strong>Avec une livraison rapide et des prix abordables, nos \u00e9viers au-dessus du comptoir sont le choix parfait pour les installations professionnelles et les projets de rajeunissement de la salle de bain, offrant un ajout \u00e9l\u00e9gant et fonctionnel \u00e0 n'importe quel espace.<\/li>\n<\/ul>\n<\/div>\n\n\n\n<div class=\"wp-block-column is-layout-flow wp-block-column-is-layout-flow\" style=\"flex-basis:50%\">\n<figure class=\"wp-block-image size-full\"><img decoding=\"async\" width=\"750\" height=\"750\" src=\"https:\/\/www.linkceramics.com\/wp-content\/uploads\/2024\/12\/Above-Counter-Sinks-Wholesale-Luxury-and-Durable-Sinks-1.webp\" alt=\"\u00c9viers au-dessus du comptoir - Vente en gros - \u00c9viers luxueux et durables - 1\" class=\"wp-image-863\" srcset=\"https:\/\/www.linkceramics.com\/wp-content\/uploads\/2024\/12\/Above-Counter-Sinks-Wholesale-Luxury-and-Durable-Sinks-1.webp 750w, https:\/\/www.linkceramics.com\/wp-content\/uploads\/2024\/12\/Above-Counter-Sinks-Wholesale-Luxury-and-Durable-Sinks-1-300x300.webp 300w, https:\/\/www.linkceramics.com\/wp-content\/uploads\/2024\/12\/Above-Counter-Sinks-Wholesale-Luxury-and-Durable-Sinks-1-150x150.webp 150w, https:\/\/www.linkceramics.com\/wp-content\/uploads\/2024\/12\/Above-Counter-Sinks-Wholesale-Luxury-and-Durable-Sinks-1-600x600.webp 600w, https:\/\/www.linkceramics.com\/wp-content\/uploads\/2024\/12\/Above-Counter-Sinks-Wholesale-Luxury-and-Durable-Sinks-1-100x100.webp 100w\" sizes=\"(max-width: 750px) 100vw, 750px\" \/><\/figure>\n<\/div>\n<\/div>","protected":false},"excerpt":{"rendered":"<div id=\"brxe-0ee1ca\" class=\"brxe-product-meta product_meta\">\n<div id=\"brxe-0ee1ca\" class=\"brxe-product-meta product_meta\">Nos \u00e9viers au-dessus du comptoir sont fabriqu\u00e9s en c\u00e9ramique de haute qualit\u00e9, durable et luxueuse, avec des surfaces lisses et d\u00e9licates, faciles \u00e0 installer et \u00e0 nettoyer. Le design moderne combine la beaut\u00e9 et la praticit\u00e9, ce qui peut parfaitement s'adapter \u00e0 diff\u00e9rents styles de salle de bain et am\u00e9liorer le luxe de l'espace. Nous proposons des remises pour les achats en gros afin de vous garantir des produits de haute qualit\u00e9 au meilleur prix pour r\u00e9pondre \u00e0 vos divers besoins.<\/div>\n<\/div>\n<div id=\"brxe-8c5ca9\" class=\"brxe-product-short-description\">\n<div class=\"woocommerce-product-details__short-description\">\n<h2>Premium Above Counter Sinks Sp\u00e9cifications :<\/h2>\n<table border=\"0\" width=\"311\" cellspacing=\"0\" cellpadding=\"0\">\n<tbody>\n<tr>\n<td width=\"108\" height=\"17\">Fabricant<\/td>\n<td width=\"202\">HanYu<\/td>\n<\/tr>\n<tr>\n<td height=\"17\">Num\u00e9ro de mod\u00e8le<\/td>\n<td>HY-8176<\/td>\n<\/tr>\n<tr>\n<td height=\"18\">Type<\/td>\n<td width=\"202\">Bassin de comptoir<\/td>\n<\/tr>\n<tr>\n<td height=\"17\">Forme<\/td>\n<td>Forme ronde<\/td>\n<\/tr>\n<tr>\n<td height=\"18\">Couleur<\/td>\n<td width=\"202\">Blanc<\/td>\n<\/tr>\n<tr>\n<td height=\"18\">Dimension<\/td>\n<td width=\"202\">41.5*41.5*14<\/td>\n<\/tr>\n<tr>\n<td height=\"17\">N.W \/SET<\/td>\n<td>11KGS\/PCS<\/td>\n<\/tr>\n<tr>\n<td height=\"17\">MOQ<\/td>\n<td>20pcs<\/td>\n<\/tr>\n<tr>\n<td height=\"17\">Option personnalis\u00e9e<\/td>\n<td>Couleur\/Pattenue\/Taille\/Logo\/Emballage<\/td>\n<\/tr>\n<\/tbody>\n<\/table>\n<p><\/div>\n<\/div>","protected":false},"featured_media":867,"comment_status":"open","ping_status":"closed","template":"","meta":{"_acf_changed":true},"certification":[59,61,60,62],"product_brand":[],"product_cat":[35,21],"product_tag":[],"class_list":{"0":"post-862","1":"product","2":"type-product","3":"status-publish","4":"has-post-thumbnail","6":"certification-ce","7":"certification-iso-14001","8":"certification-iso-45001","9":"certification-iso-9001","10":"product_cat-bathroom-ceramics-supply","11":"product_cat-wholesale-ceramic-basin","13":"first","14":"instock","15":"shipping-taxable","16":"product-type-simple"},"acf":[],"_links":{"self":[{"href":"https:\/\/www.linkceramics.com\/fr\/wp-json\/wp\/v2\/product\/862","targetHints":{"allow":["GET"]}}],"collection":[{"href":"https:\/\/www.linkceramics.com\/fr\/wp-json\/wp\/v2\/product"}],"about":[{"href":"https:\/\/www.linkceramics.com\/fr\/wp-json\/wp\/v2\/types\/product"}],"replies":[{"embeddable":true,"href":"https:\/\/www.linkceramics.com\/fr\/wp-json\/wp\/v2\/comments?post=862"}],"wp:featuredmedia":[{"embeddable":true,"href":"https:\/\/www.linkceramics.com\/fr\/wp-json\/wp\/v2\/media\/867"}],"wp:attachment":[{"href":"https:\/\/www.linkceramics.com\/fr\/wp-json\/wp\/v2\/media?parent=862"}],"wp:term":[{"taxonomy":"certification","embeddable":true,"href":"https:\/\/www.linkceramics.com\/fr\/wp-json\/wp\/v2\/certification?post=862"},{"taxonomy":"product_brand","embeddable":true,"href":"https:\/\/www.linkceramics.com\/fr\/wp-json\/wp\/v2\/product_brand?post=862"},{"taxonomy":"product_cat","embeddable":true,"href":"https:\/\/www.linkceramics.com\/fr\/wp-json\/wp\/v2\/product_cat?post=862"},{"taxonomy":"product_tag","embeddable":true,"href":"https:\/\/www.linkceramics.com\/fr\/wp-json\/wp\/v2\/product_tag?post=862"}],"curies":[{"name":"wp","href":"https:\/\/api.w.org\/{rel}","templated":true}]}}