{"id":868,"date":"2024-12-10T02:45:34","date_gmt":"2024-12-10T02:45:34","guid":{"rendered":"https:\/\/www.linkceramics.com\/?post_type=product&#038;p=868"},"modified":"2024-12-10T02:45:35","modified_gmt":"2024-12-10T02:45:35","slug":"bespoke-ceramic-sinks-wholesale","status":"publish","type":"product","link":"https:\/\/www.linkceramics.com\/fr\/product\/bespoke-ceramic-sinks-wholesale\/","title":{"rendered":"Vasques en c\u00e9ramique sur mesure, vasque de salle de bain \u00e0 poser Wholesale"},"content":{"rendered":"<div class=\"wp-block-columns is-layout-flex wp-container-core-columns-is-layout-9d6595d7 wp-block-columns-is-layout-flex\">\n<div class=\"wp-block-column is-layout-flow wp-block-column-is-layout-flow\">\n<h3 class=\"wp-block-heading\">Premium Bespoke Ceramic Sinks Caract\u00e9ristiques :<\/h3>\n\n\n\n<ul class=\"wp-block-list\">\n<li><strong>Design exquis :\u00a0<\/strong>Nos lavabos en c\u00e9ramique sur mesure adoptent un design moderne et exquis. Chaque pi\u00e8ce est un hommage \u00e0 l'esth\u00e9tique et vise \u00e0 ajouter de l'\u00e9l\u00e9gance et du go\u00fbt \u00e0 l'espace de la salle de bains.<\/li>\n\n\n\n<li><strong>Mat\u00e9riaux de haute qualit\u00e9 :<\/strong>\u00a0La s\u00e9lection de mat\u00e9riaux c\u00e9ramiques de haute qualit\u00e9 et le savoir-faire exquis garantissent que chacun de nos lavabos de salle de bains n'est pas seulement beau en apparence, mais qu'il a aussi une excellente durabilit\u00e9 et des caract\u00e9ristiques faciles \u00e0 nettoyer.<\/li>\n\n\n\n<li><strong>Assurance qualit\u00e9 :<\/strong>\u00a0Des \u00e9quipements de production avanc\u00e9s et un syst\u00e8me strict de contr\u00f4le de la qualit\u00e9 garantissent que chaque \u00e9vier en c\u00e9ramique sur mesure quittant l'usine b\u00e9n\u00e9ficie de la plus haute qualit\u00e9, que ce soit en termes de durabilit\u00e9 ou de beaut\u00e9, r\u00e9pondant ainsi aux exigences \u00e9lev\u00e9es des clients.<\/li>\n\n\n\n<li><strong>Conception personnalis\u00e9e :\u00a0<\/strong>Nos vasques de salle de bain en gros sont con\u00e7ues dans diff\u00e9rents styles et tailles pour \u00eatre personnalis\u00e9es, ce qui nous permet de r\u00e9pondre aux besoins des diff\u00e9rents clients. Cela permet d'ajuster la couleur, la forme et la texture en fonction de vos besoins sp\u00e9cifiques et de l'int\u00e9grer dans une vari\u00e9t\u00e9 de conceptions de salle de bains.<\/li>\n<\/ul>\n<\/div>\n\n\n\n<div class=\"wp-block-column is-layout-flow wp-block-column-is-layout-flow\">\n<figure class=\"wp-block-image size-full\"><img decoding=\"async\" width=\"757\" height=\"877\" src=\"https:\/\/www.linkceramics.com\/wp-content\/uploads\/2024\/12\/Bathroom-basin-supplier-drop-in-wash-basin-for-cabinet-7-1.webp\" alt=\"Salle de bain-fournisseur de lavabos-drop-in-wash-basin-for-cabinet-7-1\" class=\"wp-image-873\" srcset=\"https:\/\/www.linkceramics.com\/wp-content\/uploads\/2024\/12\/Bathroom-basin-supplier-drop-in-wash-basin-for-cabinet-7-1.webp 757w, https:\/\/www.linkceramics.com\/wp-content\/uploads\/2024\/12\/Bathroom-basin-supplier-drop-in-wash-basin-for-cabinet-7-1-259x300.webp 259w, https:\/\/www.linkceramics.com\/wp-content\/uploads\/2024\/12\/Bathroom-basin-supplier-drop-in-wash-basin-for-cabinet-7-1-600x695.webp 600w\" sizes=\"(max-width: 757px) 100vw, 757px\" \/><\/figure>\n<\/div>\n<\/div>","protected":false},"excerpt":{"rendered":"<p>Bienvenue aux lavabos en c\u00e9ramique sur mesure pour votre projet. Notre vasque de salle de bain en gros adopte un design moderne exquis, la vasque de salle de bain en gros est con\u00e7ue dans diff\u00e9rents types de styles et de tailles pour une personnalisation, ce qui nous permet de r\u00e9pondre aux diff\u00e9rents besoins des clients. Cela permet d'ajuster la couleur, la forme et la texture en fonction de vos besoins sp\u00e9cifiques et de l'int\u00e9grer dans une vari\u00e9t\u00e9 de conceptions de salle de bains.<\/p>\n<h2>\u00c9viers en c\u00e9ramique haut de gamme sur mesure Sp\u00e9cifications :<\/h2>\n<table border=\"0\" width=\"478\" cellspacing=\"0\" cellpadding=\"0\">\n<tbody>\n<tr>\n<td class=\"et3\" width=\"166\" height=\"23\">Fabricant<\/td>\n<td class=\"et3\" width=\"312\">HanYu<\/td>\n<\/tr>\n<tr>\n<td class=\"et3\" height=\"23\">Num\u00e9ro de mod\u00e8le<\/td>\n<td class=\"et4\">HY-5073A<\/td>\n<\/tr>\n<tr>\n<td class=\"et3\" height=\"23\">Type<\/td>\n<td class=\"et5\" width=\"312\">Eviers \u00e0 poser<\/td>\n<\/tr>\n<tr>\n<td class=\"et3\" height=\"24\">Forme<\/td>\n<td class=\"et3\">Forme ovale<\/td>\n<\/tr>\n<tr>\n<td class=\"et4\" height=\"46\">Couleur<\/td>\n<td class=\"et5\" width=\"312\">noir\/blanc\/bleu\/gris\/rose\/vert\/marron\/kaki<\/td>\n<\/tr>\n<tr>\n<td class=\"et3\" height=\"24\">Dimension<\/td>\n<td class=\"et5\" width=\"312\">55.5*36.5*17<\/td>\n<\/tr>\n<tr>\n<td class=\"et3\" height=\"23\">N.W \/SET<\/td>\n<td class=\"et3\">7KGS\/PCS<\/td>\n<\/tr>\n<tr>\n<td class=\"et3\" height=\"23\">MOQ<\/td>\n<td class=\"et3\">20pcs<\/td>\n<\/tr>\n<tr>\n<td class=\"et3\" height=\"23\">Option personnalis\u00e9e<\/td>\n<td class=\"et3\">Couleur\/Pattenue\/Taille\/Logo\/Emballage<\/td>\n<\/tr>\n<\/tbody>\n<\/table>","protected":false},"featured_media":872,"comment_status":"open","ping_status":"closed","template":"","meta":{"_acf_changed":true},"certification":[59,61,60,62],"product_brand":[],"product_cat":[35,21],"product_tag":[],"class_list":{"0":"post-868","1":"product","2":"type-product","3":"status-publish","4":"has-post-thumbnail","6":"certification-ce","7":"certification-iso-14001","8":"certification-iso-45001","9":"certification-iso-9001","10":"product_cat-bathroom-ceramics-supply","11":"product_cat-wholesale-ceramic-basin","13":"first","14":"instock","15":"shipping-taxable","16":"product-type-simple"},"acf":[],"_links":{"self":[{"href":"https:\/\/www.linkceramics.com\/fr\/wp-json\/wp\/v2\/product\/868","targetHints":{"allow":["GET"]}}],"collection":[{"href":"https:\/\/www.linkceramics.com\/fr\/wp-json\/wp\/v2\/product"}],"about":[{"href":"https:\/\/www.linkceramics.com\/fr\/wp-json\/wp\/v2\/types\/product"}],"replies":[{"embeddable":true,"href":"https:\/\/www.linkceramics.com\/fr\/wp-json\/wp\/v2\/comments?post=868"}],"wp:featuredmedia":[{"embeddable":true,"href":"https:\/\/www.linkceramics.com\/fr\/wp-json\/wp\/v2\/media\/872"}],"wp:attachment":[{"href":"https:\/\/www.linkceramics.com\/fr\/wp-json\/wp\/v2\/media?parent=868"}],"wp:term":[{"taxonomy":"certification","embeddable":true,"href":"https:\/\/www.linkceramics.com\/fr\/wp-json\/wp\/v2\/certification?post=868"},{"taxonomy":"product_brand","embeddable":true,"href":"https:\/\/www.linkceramics.com\/fr\/wp-json\/wp\/v2\/product_brand?post=868"},{"taxonomy":"product_cat","embeddable":true,"href":"https:\/\/www.linkceramics.com\/fr\/wp-json\/wp\/v2\/product_cat?post=868"},{"taxonomy":"product_tag","embeddable":true,"href":"https:\/\/www.linkceramics.com\/fr\/wp-json\/wp\/v2\/product_tag?post=868"}],"curies":[{"name":"wp","href":"https:\/\/api.w.org\/{rel}","templated":true}]}}