{"id":877,"date":"2024-12-21T06:58:43","date_gmt":"2024-12-21T06:58:43","guid":{"rendered":"https:\/\/www.linkceramics.com\/?post_type=product&#038;p=877"},"modified":"2024-12-21T06:58:44","modified_gmt":"2024-12-21T06:58:44","slug":"in-counter-wash-basin-wholesale","status":"publish","type":"product","link":"https:\/\/www.linkceramics.com\/fr\/product\/in-counter-wash-basin-wholesale\/","title":{"rendered":"Square In Counter Wash Basin Wholesale, Ceramic Vessel Sinks (lavabos en c\u00e9ramique)"},"content":{"rendered":"<div class=\"wp-block-columns is-layout-flex wp-container-core-columns-is-layout-9d6595d7 wp-block-columns-is-layout-flex\">\n<div class=\"wp-block-column is-layout-flow wp-block-column-is-layout-flow\" style=\"flex-basis:50%\">\n<h3 class=\"wp-block-heading\">Premium In Counter Wash Basin Wholesale Caract\u00e9ristiques :<\/h3>\n\n\n\n<ul class=\"wp-block-list\">\n<li><strong>Porcelaine de haute qualit\u00e9 :<\/strong>\u00a0Les mat\u00e9riaux utilis\u00e9s dans nos lavabos de comptoir en gros sont de haute qualit\u00e9, robustes, durables et excellents en termes de r\u00e9sistance aux rayures et \u00e0 l'usure. Nos lavabos en gros peuvent garantir une utilisation \u00e0 long terme sans endommager facilement l'apparence.<\/li>\n\n\n\n<li><strong>Cr\u00e9ation de mode :\u00a0<\/strong>Le design moderne et simple, avec des lignes douces, convient \u00e0 diff\u00e9rents types de salles de bains. Si vous souhaitez ajouter de l'\u00e9l\u00e9gance et de la mode \u00e0 votre salle de bains, nos \u00e9viers en c\u00e9ramique seront parfaits.<\/li>\n\n\n\n<li><strong>Installation facile :\u00a0<\/strong>Gr\u00e2ce \u00e0 cette conception int\u00e9gr\u00e9e, le processus d'installation de ce lavabo de comptoir est beaucoup plus facile et rapide, sans qu'il soit n\u00e9cessaire d'utiliser des outils ou des comp\u00e9tences compliqu\u00e9s. Par cons\u00e9quent, il permet d'\u00e9conomiser le temps et le co\u00fbt de l'installation.<\/li>\n\n\n\n<li><strong>Prix avantageux :\u00a0<\/strong>En tant que fabricant d'\u00e9viers de salle de bain en gros, HanYu propose des prix d'achat en gros tr\u00e8s comp\u00e9titifs, ce qui vous permet de profiter d'\u00e9viers en c\u00e9ramique de haute qualit\u00e9 en gros tout en contr\u00f4lant les co\u00fbts.<\/li>\n<\/ul>\n<\/div>\n\n\n\n<div class=\"wp-block-column is-layout-flow wp-block-column-is-layout-flow\" style=\"flex-basis:50%\">\n<figure class=\"wp-block-image size-full\"><img decoding=\"async\" width=\"914\" height=\"913\" src=\"https:\/\/www.linkceramics.com\/wp-content\/uploads\/2024\/12\/Luxury-Wholesale-Bathroom-Vessel-Sinks-Ceramic-Square-Shape-Drop-In-Sink-5.webp\" alt=\"Luxury-Wholesale-Bathroom-Vessel-Sinks-Ceramic-Square-Shape-Drop-In-Sink-5\" class=\"wp-image-883\" srcset=\"https:\/\/www.linkceramics.com\/wp-content\/uploads\/2024\/12\/Luxury-Wholesale-Bathroom-Vessel-Sinks-Ceramic-Square-Shape-Drop-In-Sink-5.webp 914w, https:\/\/www.linkceramics.com\/wp-content\/uploads\/2024\/12\/Luxury-Wholesale-Bathroom-Vessel-Sinks-Ceramic-Square-Shape-Drop-In-Sink-5-300x300.webp 300w, https:\/\/www.linkceramics.com\/wp-content\/uploads\/2024\/12\/Luxury-Wholesale-Bathroom-Vessel-Sinks-Ceramic-Square-Shape-Drop-In-Sink-5-150x150.webp 150w, https:\/\/www.linkceramics.com\/wp-content\/uploads\/2024\/12\/Luxury-Wholesale-Bathroom-Vessel-Sinks-Ceramic-Square-Shape-Drop-In-Sink-5-768x767.webp 768w, https:\/\/www.linkceramics.com\/wp-content\/uploads\/2024\/12\/Luxury-Wholesale-Bathroom-Vessel-Sinks-Ceramic-Square-Shape-Drop-In-Sink-5-600x599.webp 600w, https:\/\/www.linkceramics.com\/wp-content\/uploads\/2024\/12\/Luxury-Wholesale-Bathroom-Vessel-Sinks-Ceramic-Square-Shape-Drop-In-Sink-5-100x100.webp 100w\" sizes=\"(max-width: 914px) 100vw, 914px\" \/><\/figure>\n<\/div>\n<\/div>","protected":false},"excerpt":{"rendered":"<div id=\"brxe-0ee1ca\" class=\"brxe-product-meta product_meta\">\n<div id=\"brxe-0ee1ca\" class=\"brxe-product-meta product_meta\">Bienvenue sur le site d'achat en gros de lavabos en c\u00e9ramique. Ce lavabo de comptoir en gros est directement fourni par notre usine, ce qui r\u00e9duit consid\u00e9rablement vos co\u00fbts d'achat. Nos vasques en c\u00e9ramique en gros. Nous offrons des rabais de gros sur ce design populaire pour r\u00e9pondre aux besoins des projets commerciaux ou des grandes r\u00e9novations r\u00e9sidentielles.<\/div>\n<\/div>\n<div id=\"brxe-8c5ca9\" class=\"brxe-product-short-description\">\n<div class=\"woocommerce-product-details__short-description\">\n<h2>Lavabo de comptoir Premium Sp\u00e9cifications :<\/h2>\n<table border=\"0\" width=\"311\" cellspacing=\"0\" cellpadding=\"0\">\n<tbody>\n<tr>\n<td width=\"108\" height=\"17\">Fabricant<\/td>\n<td width=\"202\">HanYu<\/td>\n<\/tr>\n<tr>\n<td height=\"17\">Num\u00e9ro de mod\u00e8le<\/td>\n<td>HY-6040<\/td>\n<\/tr>\n<tr>\n<td height=\"18\">Type<\/td>\n<td width=\"202\">Bassin d'abaissement<\/td>\n<\/tr>\n<tr>\n<td height=\"17\">Forme<\/td>\n<td>Forme rectangulaire<\/td>\n<\/tr>\n<tr>\n<td height=\"18\">Couleur<\/td>\n<td width=\"202\">Blanc<\/td>\n<\/tr>\n<tr>\n<td height=\"18\">Dimension<\/td>\n<td width=\"202\">41.5*42*17<\/td>\n<\/tr>\n<tr>\n<td height=\"17\">N.W \/SET<\/td>\n<td>11.5KGS\/PCS<\/td>\n<\/tr>\n<tr>\n<td height=\"17\">MOQ<\/td>\n<td>20pcs<\/td>\n<\/tr>\n<tr>\n<td height=\"17\">Option personnalis\u00e9e<\/td>\n<td>Couleur\/Pattenue\/Taille\/Logo\/Emballage<\/td>\n<\/tr>\n<\/tbody>\n<\/table>\n<\/div>\n<\/div>","protected":false},"featured_media":879,"comment_status":"open","ping_status":"closed","template":"","meta":{"_acf_changed":true},"certification":[59,61,60,62],"product_brand":[],"product_cat":[35,21],"product_tag":[],"class_list":{"0":"post-877","1":"product","2":"type-product","3":"status-publish","4":"has-post-thumbnail","6":"certification-ce","7":"certification-iso-14001","8":"certification-iso-45001","9":"certification-iso-9001","10":"product_cat-bathroom-ceramics-supply","11":"product_cat-wholesale-ceramic-basin","13":"first","14":"instock","15":"shipping-taxable","16":"product-type-simple"},"acf":[],"_links":{"self":[{"href":"https:\/\/www.linkceramics.com\/fr\/wp-json\/wp\/v2\/product\/877","targetHints":{"allow":["GET"]}}],"collection":[{"href":"https:\/\/www.linkceramics.com\/fr\/wp-json\/wp\/v2\/product"}],"about":[{"href":"https:\/\/www.linkceramics.com\/fr\/wp-json\/wp\/v2\/types\/product"}],"replies":[{"embeddable":true,"href":"https:\/\/www.linkceramics.com\/fr\/wp-json\/wp\/v2\/comments?post=877"}],"wp:featuredmedia":[{"embeddable":true,"href":"https:\/\/www.linkceramics.com\/fr\/wp-json\/wp\/v2\/media\/879"}],"wp:attachment":[{"href":"https:\/\/www.linkceramics.com\/fr\/wp-json\/wp\/v2\/media?parent=877"}],"wp:term":[{"taxonomy":"certification","embeddable":true,"href":"https:\/\/www.linkceramics.com\/fr\/wp-json\/wp\/v2\/certification?post=877"},{"taxonomy":"product_brand","embeddable":true,"href":"https:\/\/www.linkceramics.com\/fr\/wp-json\/wp\/v2\/product_brand?post=877"},{"taxonomy":"product_cat","embeddable":true,"href":"https:\/\/www.linkceramics.com\/fr\/wp-json\/wp\/v2\/product_cat?post=877"},{"taxonomy":"product_tag","embeddable":true,"href":"https:\/\/www.linkceramics.com\/fr\/wp-json\/wp\/v2\/product_tag?post=877"}],"curies":[{"name":"wp","href":"https:\/\/api.w.org\/{rel}","templated":true}]}}