{"id":884,"date":"2024-12-10T03:34:06","date_gmt":"2024-12-10T03:34:06","guid":{"rendered":"https:\/\/www.linkceramics.com\/?post_type=product&#038;p=884"},"modified":"2024-12-10T03:34:07","modified_gmt":"2024-12-10T03:34:07","slug":"undermount-sinks-wholesale","status":"publish","type":"product","link":"https:\/\/www.linkceramics.com\/fr\/product\/undermount-sinks-wholesale\/","title":{"rendered":"Buy Porcelain Undermount Sinks Wholesale From Top Ceramic Sink Supplier"},"content":{"rendered":"<div class=\"wp-block-columns is-layout-flex wp-container-core-columns-is-layout-9d6595d7 wp-block-columns-is-layout-flex\">\n<div class=\"wp-block-column is-layout-flow wp-block-column-is-layout-flow\" style=\"flex-basis:50%\">\n<h3 class=\"wp-block-heading\">Premium Undermount Sinks Wholesale Features :<\/h3>\n\n\n\n<ul class=\"wp-block-list\">\n<li><strong>Durable :\u00a0<\/strong>Nos \u00e9viers sous plan en gros sont fabriqu\u00e9s \u00e0 partir de mati\u00e8res premi\u00e8res c\u00e9ramiques de haute qualit\u00e9 et cuits \u00e0 haute temp\u00e9rature pour garantir que les produits ont une duret\u00e9 et une r\u00e9sistance \u00e0 la corrosion extr\u00eamement \u00e9lev\u00e9es, qu'ils sont durables et faciles \u00e0 nettoyer.<\/li>\n\n\n\n<li><strong>Services personnalis\u00e9s :\u00a0<\/strong>Nous fournissons une gamme compl\u00e8te de services personnalis\u00e9s pour les \u00e9viers commerciaux \u00e0 encastrer en gros, y compris la taille, la forme, la couleur et la m\u00e9thode d'installation, pour s'assurer que chaque bassin \u00e0 encastrer s'adapte parfaitement aux besoins de votre espace commercial.<\/li>\n\n\n\n<li><strong>Avantage de prix :<\/strong>\u00a0En tant que fabricant professionnel d'\u00e9vier de salle de bain, nous fournissons des \u00e9viers sous plan en gros \u00e0 des prix tr\u00e8s comp\u00e9titifs pour les grands projets tels que les h\u00f4tels, les restaurants, les immeubles de bureaux, etc. et b\u00e9n\u00e9ficions de plus de remises pour les commandes importantes.<\/li>\n\n\n\n<li><strong>Livraison rapide :<\/strong>\u00a0Nous promettons une logistique et une distribution efficaces afin d'assurer que nos \u00e9viers en gros soient livr\u00e9s rapidement, acc\u00e9l\u00e9rant ainsi l'avancement de votre projet et r\u00e9pondant aux besoins urgents de la construction.<\/li>\n<\/ul>\n<\/div>\n\n\n\n<div class=\"wp-block-column is-layout-flow wp-block-column-is-layout-flow\" style=\"flex-basis:50%\">\n<figure class=\"wp-block-image size-full\"><img decoding=\"async\" width=\"629\" height=\"828\" src=\"https:\/\/www.linkceramics.com\/wp-content\/uploads\/2024\/12\/bathroom-basin-suppliers-under-counter-sinks-5.webp\" alt=\"salle-de-bain-fournisseurs-de-vasques-sous-comptoir-5\" class=\"wp-image-889\" srcset=\"https:\/\/www.linkceramics.com\/wp-content\/uploads\/2024\/12\/bathroom-basin-suppliers-under-counter-sinks-5.webp 629w, https:\/\/www.linkceramics.com\/wp-content\/uploads\/2024\/12\/bathroom-basin-suppliers-under-counter-sinks-5-228x300.webp 228w, https:\/\/www.linkceramics.com\/wp-content\/uploads\/2024\/12\/bathroom-basin-suppliers-under-counter-sinks-5-600x790.webp 600w\" sizes=\"(max-width: 629px) 100vw, 629px\" \/><\/figure>\n<\/div>\n<\/div>","protected":false},"excerpt":{"rendered":"<div id=\"brxe-0ee1ca\" class=\"brxe-product-meta product_meta\">\n<div id=\"brxe-0ee1ca\" class=\"brxe-product-meta product_meta\">Acheter des \u00e9viers en porcelaine aupr\u00e8s de fournisseurs. Nos \u00e9viers sous plan en gros sont fabriqu\u00e9s \u00e0 partir de mati\u00e8res premi\u00e8res c\u00e9ramiques de haute qualit\u00e9 et cuites \u00e0 haute temp\u00e9rature. Nous fournissons une gamme compl\u00e8te de services personnalis\u00e9s pour les \u00e9viers commerciaux \u00e0 encastrer, y compris la taille, la forme, la couleur et la m\u00e9thode d'installation, afin de garantir que chaque \u00e9vier \u00e0 encastrer s'adapte parfaitement \u00e0 vos besoins en mati\u00e8re d'espace commercial.<\/div>\n<\/div>\n<div id=\"brxe-8c5ca9\" class=\"brxe-product-short-description\">\n<div class=\"woocommerce-product-details__short-description\">\n<h2>Sp\u00e9cifications des \u00e9viers Premium Undermount :<\/h2>\n<table border=\"0\" width=\"478\" cellspacing=\"0\" cellpadding=\"0\">\n<tbody>\n<tr>\n<td class=\"et3\" width=\"166\" height=\"23\">Fabricant<\/td>\n<td class=\"et3\" width=\"312\">HanYu<\/td>\n<\/tr>\n<tr>\n<td class=\"et3\" height=\"23\">Num\u00e9ro de mod\u00e8le<\/td>\n<td class=\"et4\">HY-1602<\/td>\n<\/tr>\n<tr>\n<td class=\"et3\" height=\"23\">Type<\/td>\n<td class=\"et5\" width=\"312\">Eviers sous plan<\/td>\n<\/tr>\n<tr>\n<td class=\"et3\" height=\"24\">Forme<\/td>\n<td class=\"et3\">Forme ovale<\/td>\n<\/tr>\n<tr>\n<td class=\"et4\" height=\"46\">Couleur<\/td>\n<td class=\"et5\" width=\"312\">noir\/blanc\/bleu\/gris\/rose\/vert\/marron\/kaki<\/td>\n<\/tr>\n<tr>\n<td class=\"et3\" height=\"24\">Dimension<\/td>\n<td class=\"et5\" width=\"312\">41*36*17.5<\/td>\n<\/tr>\n<tr>\n<td class=\"et3\" height=\"23\">N.W \/SET<\/td>\n<td class=\"et3\">4.5KGS\/PCS<\/td>\n<\/tr>\n<tr>\n<td class=\"et3\" height=\"23\">MOQ<\/td>\n<td class=\"et3\">20pcs<\/td>\n<\/tr>\n<tr>\n<td class=\"et3\" height=\"23\">Option personnalis\u00e9e<\/td>\n<td class=\"et3\">Couleur\/Pattenue\/Taille\/Logo\/Emballage<\/td>\n<\/tr>\n<\/tbody>\n<\/table>\n<p><\/div>\n<\/div>","protected":false},"featured_media":885,"comment_status":"open","ping_status":"closed","template":"","meta":{"_acf_changed":true},"certification":[59,61,60,62],"product_brand":[],"product_cat":[35,21],"product_tag":[],"class_list":{"0":"post-884","1":"product","2":"type-product","3":"status-publish","4":"has-post-thumbnail","6":"certification-ce","7":"certification-iso-14001","8":"certification-iso-45001","9":"certification-iso-9001","10":"product_cat-bathroom-ceramics-supply","11":"product_cat-wholesale-ceramic-basin","13":"first","14":"instock","15":"shipping-taxable","16":"product-type-simple"},"acf":[],"_links":{"self":[{"href":"https:\/\/www.linkceramics.com\/fr\/wp-json\/wp\/v2\/product\/884","targetHints":{"allow":["GET"]}}],"collection":[{"href":"https:\/\/www.linkceramics.com\/fr\/wp-json\/wp\/v2\/product"}],"about":[{"href":"https:\/\/www.linkceramics.com\/fr\/wp-json\/wp\/v2\/types\/product"}],"replies":[{"embeddable":true,"href":"https:\/\/www.linkceramics.com\/fr\/wp-json\/wp\/v2\/comments?post=884"}],"wp:featuredmedia":[{"embeddable":true,"href":"https:\/\/www.linkceramics.com\/fr\/wp-json\/wp\/v2\/media\/885"}],"wp:attachment":[{"href":"https:\/\/www.linkceramics.com\/fr\/wp-json\/wp\/v2\/media?parent=884"}],"wp:term":[{"taxonomy":"certification","embeddable":true,"href":"https:\/\/www.linkceramics.com\/fr\/wp-json\/wp\/v2\/certification?post=884"},{"taxonomy":"product_brand","embeddable":true,"href":"https:\/\/www.linkceramics.com\/fr\/wp-json\/wp\/v2\/product_brand?post=884"},{"taxonomy":"product_cat","embeddable":true,"href":"https:\/\/www.linkceramics.com\/fr\/wp-json\/wp\/v2\/product_cat?post=884"},{"taxonomy":"product_tag","embeddable":true,"href":"https:\/\/www.linkceramics.com\/fr\/wp-json\/wp\/v2\/product_tag?post=884"}],"curies":[{"name":"wp","href":"https:\/\/api.w.org\/{rel}","templated":true}]}}