{"id":890,"date":"2024-12-10T03:30:50","date_gmt":"2024-12-10T03:30:50","guid":{"rendered":"https:\/\/www.linkceramics.com\/?post_type=product&#038;p=890"},"modified":"2024-12-10T03:30:51","modified_gmt":"2024-12-10T03:30:51","slug":"custom-commercial-under-mount-basins","status":"publish","type":"product","link":"https:\/\/www.linkceramics.com\/fr\/product\/custom-commercial-under-mount-basins\/","title":{"rendered":"Bassins \u00e0 encastrer commerciaux sur mesure et en vrac"},"content":{"rendered":"<div class=\"wp-block-columns is-layout-flex wp-container-core-columns-is-layout-9d6595d7 wp-block-columns-is-layout-flex\">\n<div class=\"wp-block-column is-layout-flow wp-block-column-is-layout-flow\" style=\"flex-basis:50%\">\n<h3 class=\"wp-block-heading\">Premium Commercial Under Mount Basins Caract\u00e9ristiques :<\/h3>\n\n\n\n<ul class=\"wp-block-list\">\n<li><strong>Mat\u00e9riaux de haute qualit\u00e9 :\u00a0<\/strong>Nos vasques \u00e0 encastrer commerciales en gros sont fabriqu\u00e9es \u00e0 partir de mat\u00e9riaux c\u00e9ramiques de haute qualit\u00e9, ce qui garantit une duret\u00e9 et une r\u00e9sistance \u00e0 la corrosion extr\u00eamement \u00e9lev\u00e9es, une durabilit\u00e9 \u00e0 long terme et un nettoyage facile.<\/li>\n\n\n\n<li><strong>Services personnalis\u00e9s :\u00a0<\/strong>Nous proposons une gamme compl\u00e8te de services personnalis\u00e9s pour les bassins commerciaux \u00e0 encastrer, y compris la taille, la forme, la couleur et la m\u00e9thode d'installation, afin de garantir que chaque bassin \u00e0 encastrer s'adapte parfaitement \u00e0 vos besoins en mati\u00e8re d'espace commercial.<\/li>\n\n\n\n<li><strong>Avantage de prix :<\/strong>\u00a0En tant que fabricant professionnel d'\u00e9viers de salle de bain, nous fournissons des prix tr\u00e8s comp\u00e9titifs pour les grands projets tels que les h\u00f4tels, les restaurants, les immeubles de bureaux, etc. et b\u00e9n\u00e9ficions de remises suppl\u00e9mentaires pour les commandes importantes.<\/li>\n\n\n\n<li><strong>Livraison rapide :\u00a0<\/strong>Nous pouvons faire en sorte que vos commandes de gros volumes soient produites et livr\u00e9es rapidement, ce qui acc\u00e9l\u00e8re l'avancement de votre projet et r\u00e9pond aux besoins urgents en mati\u00e8re de construction.<\/li>\n<\/ul>\n<\/div>\n\n\n\n<div class=\"wp-block-column is-layout-flow wp-block-column-is-layout-flow\" style=\"flex-basis:50%\">\n<figure class=\"wp-block-image size-full\"><img decoding=\"async\" width=\"629\" height=\"869\" src=\"https:\/\/www.linkceramics.com\/wp-content\/uploads\/2024\/12\/custom-and-bulk-order-commercial-under-mount-basins-1.webp\" alt=\"custom-and-bulk-order-commercial-under-mount-basins-1\" class=\"wp-image-892\" srcset=\"https:\/\/www.linkceramics.com\/wp-content\/uploads\/2024\/12\/custom-and-bulk-order-commercial-under-mount-basins-1.webp 629w, https:\/\/www.linkceramics.com\/wp-content\/uploads\/2024\/12\/custom-and-bulk-order-commercial-under-mount-basins-1-217x300.webp 217w, https:\/\/www.linkceramics.com\/wp-content\/uploads\/2024\/12\/custom-and-bulk-order-commercial-under-mount-basins-1-600x829.webp 600w\" sizes=\"(max-width: 629px) 100vw, 629px\" \/><\/figure>\n<\/div>\n<\/div>","protected":false},"excerpt":{"rendered":"<div id=\"brxe-0ee1ca\" class=\"brxe-product-meta product_meta\">\n<div id=\"brxe-0ee1ca\" class=\"brxe-product-meta product_meta\">Personnalisez et commandez en vrac des lavabos commerciaux \u00e0 encastrer aupr\u00e8s de fabricants professionnels d'\u00e9viers de salle de bains. Nos \u00e9viers de salle de bain sont fabriqu\u00e9s en mat\u00e9riaux c\u00e9ramiques de haute qualit\u00e9 pour garantir la durabilit\u00e9, la facilit\u00e9 de nettoyage et d'entretien, et s'adaptent parfaitement aux besoins de votre espace commercial.<\/div>\n<\/div>\n<div id=\"brxe-8c5ca9\" class=\"brxe-product-short-description\">\n<div class=\"woocommerce-product-details__short-description\">\n<h2>Cuvettes commerciales \u00e0 encastrer Sp\u00e9cifications :<\/h2>\n<table border=\"0\" width=\"311\" cellspacing=\"0\" cellpadding=\"0\">\n<tbody>\n<tr>\n<td width=\"108\" height=\"17\">Fabricant<\/td>\n<td width=\"202\">HanYu<\/td>\n<\/tr>\n<tr>\n<td height=\"17\">Num\u00e9ro de mod\u00e8le<\/td>\n<td>HY-3028<\/td>\n<\/tr>\n<tr>\n<td height=\"18\">Type<\/td>\n<td width=\"202\">Bassins \u00e0 encastrer<\/td>\n<\/tr>\n<tr>\n<td height=\"17\">Forme<\/td>\n<td>Forme rectangulaire<\/td>\n<\/tr>\n<tr>\n<td height=\"18\">Couleur<\/td>\n<td width=\"202\">Blanc<\/td>\n<\/tr>\n<tr>\n<td height=\"18\">Dimension<\/td>\n<td width=\"202\">52.5*34*17.5<\/td>\n<\/tr>\n<tr>\n<td height=\"17\">N.W \/SET<\/td>\n<td>8KGS\/PCS<\/td>\n<\/tr>\n<tr>\n<td height=\"17\">MOQ<\/td>\n<td>20pcs<\/td>\n<\/tr>\n<tr>\n<td height=\"17\">Option personnalis\u00e9e<\/td>\n<td>Couleur\/Pattenue\/Taille\/Logo\/Emballage<\/td>\n<\/tr>\n<\/tbody>\n<\/table>\n<p><\/div>\n<\/div>","protected":false},"featured_media":895,"comment_status":"open","ping_status":"closed","template":"","meta":{"_acf_changed":true},"certification":[59,61,60,62],"product_brand":[],"product_cat":[35,21],"product_tag":[],"class_list":{"0":"post-890","1":"product","2":"type-product","3":"status-publish","4":"has-post-thumbnail","6":"certification-ce","7":"certification-iso-14001","8":"certification-iso-45001","9":"certification-iso-9001","10":"product_cat-bathroom-ceramics-supply","11":"product_cat-wholesale-ceramic-basin","13":"first","14":"instock","15":"shipping-taxable","16":"product-type-simple"},"acf":[],"_links":{"self":[{"href":"https:\/\/www.linkceramics.com\/fr\/wp-json\/wp\/v2\/product\/890","targetHints":{"allow":["GET"]}}],"collection":[{"href":"https:\/\/www.linkceramics.com\/fr\/wp-json\/wp\/v2\/product"}],"about":[{"href":"https:\/\/www.linkceramics.com\/fr\/wp-json\/wp\/v2\/types\/product"}],"replies":[{"embeddable":true,"href":"https:\/\/www.linkceramics.com\/fr\/wp-json\/wp\/v2\/comments?post=890"}],"wp:featuredmedia":[{"embeddable":true,"href":"https:\/\/www.linkceramics.com\/fr\/wp-json\/wp\/v2\/media\/895"}],"wp:attachment":[{"href":"https:\/\/www.linkceramics.com\/fr\/wp-json\/wp\/v2\/media?parent=890"}],"wp:term":[{"taxonomy":"certification","embeddable":true,"href":"https:\/\/www.linkceramics.com\/fr\/wp-json\/wp\/v2\/certification?post=890"},{"taxonomy":"product_brand","embeddable":true,"href":"https:\/\/www.linkceramics.com\/fr\/wp-json\/wp\/v2\/product_brand?post=890"},{"taxonomy":"product_cat","embeddable":true,"href":"https:\/\/www.linkceramics.com\/fr\/wp-json\/wp\/v2\/product_cat?post=890"},{"taxonomy":"product_tag","embeddable":true,"href":"https:\/\/www.linkceramics.com\/fr\/wp-json\/wp\/v2\/product_tag?post=890"}],"curies":[{"name":"wp","href":"https:\/\/api.w.org\/{rel}","templated":true}]}}