{"id":904,"date":"2024-12-10T03:29:19","date_gmt":"2024-12-10T03:29:19","guid":{"rendered":"https:\/\/www.linkceramics.com\/?post_type=product&#038;p=904"},"modified":"2024-12-10T03:29:20","modified_gmt":"2024-12-10T03:29:20","slug":"semi-recessed-basins-wholesale","status":"publish","type":"product","link":"https:\/\/www.linkceramics.com\/fr\/product\/semi-recessed-basins-wholesale\/","title":{"rendered":"Vasques semi-encastr\u00e9es de forme ronde Wholesale For Bathroom"},"content":{"rendered":"<div class=\"wp-block-columns is-layout-flex wp-container-core-columns-is-layout-9d6595d7 wp-block-columns-is-layout-flex\">\n<div class=\"wp-block-column is-layout-flow wp-block-column-is-layout-flow\" style=\"flex-basis:50%\">\n<h3 class=\"wp-block-heading\">Premium Semi-Recessed Basins Wholesale Features :<\/h3>\n\n\n\n<ul class=\"wp-block-list\">\n<li><strong>Design moderne :\u00a0<\/strong>Ces lavabos semi-encastr\u00e9s en gros adoptent un design moderne et simple. Le design rond et lisse s'int\u00e8gre parfaitement \u00e0 diff\u00e9rents styles de salles de bains, ajoutant une touche moderne et haut de gamme \u00e0 l'espace de la salle de bains.<\/li>\n\n\n\n<li><strong>Mat\u00e9riaux de haute qualit\u00e9 :\u00a0<\/strong>Les mat\u00e9riaux c\u00e9ramiques de haute qualit\u00e9 s\u00e9lectionn\u00e9s, cuits \u00e0 haute temp\u00e9rature, garantissent que notre \u00e9vier de salle de bains en gros est durable, r\u00e9sistant aux taches et aux rayures. La surface lisse de notre \u00e9vier de salle de bain semi-encastr\u00e9 n'est pas seulement facile \u00e0 nettoyer, mais elle reste belle et brillante pendant longtemps.<\/li>\n\n\n\n<li><strong>Prix avantageux :\u00a0<\/strong>En tant que produit de gros, HanYu propose des prix d'achat en gros tr\u00e8s comp\u00e9titifs pour les lavabos semi-encastr\u00e9s, ce qui vous permet de b\u00e9n\u00e9ficier de lavabos en c\u00e9ramique de haute qualit\u00e9 tout en contr\u00f4lant les co\u00fbts.<\/li>\n\n\n\n<li><strong>Capacit\u00e9 de livraison rapide :\u00a0<\/strong>Avec un inventaire solide et un r\u00e9seau logistique, nous promettons de r\u00e9pondre rapidement \u00e0 l'achat en gros d'\u00e9vier en gros pour les salles de bains, d'assurer une livraison dans les d\u00e9lais et d'aider votre projet \u00e0 progresser.<\/li>\n<\/ul>\n<\/div>\n\n\n\n<div class=\"wp-block-column is-layout-flow wp-block-column-is-layout-flow\" style=\"flex-basis:50%\">\n<figure class=\"wp-block-image size-full\"><img decoding=\"async\" width=\"679\" height=\"931\" src=\"https:\/\/www.linkceramics.com\/wp-content\/uploads\/2024\/12\/Bathroom-wash-basin-manufacturer-round-shape-semi-counter-sink-1.webp\" alt=\"Salle de bains-lavabo-fabricant-\u00e9vier rond-hape-semi-counter-sink-1\" class=\"wp-image-905\" srcset=\"https:\/\/www.linkceramics.com\/wp-content\/uploads\/2024\/12\/Bathroom-wash-basin-manufacturer-round-shape-semi-counter-sink-1.webp 679w, https:\/\/www.linkceramics.com\/wp-content\/uploads\/2024\/12\/Bathroom-wash-basin-manufacturer-round-shape-semi-counter-sink-1-219x300.webp 219w, https:\/\/www.linkceramics.com\/wp-content\/uploads\/2024\/12\/Bathroom-wash-basin-manufacturer-round-shape-semi-counter-sink-1-600x823.webp 600w\" sizes=\"(max-width: 679px) 100vw, 679px\" \/><\/figure>\n<\/div>\n<\/div>","protected":false},"excerpt":{"rendered":"<div id=\"brxe-0ee1ca\" class=\"brxe-product-meta product_meta\">\n<div id=\"brxe-0ee1ca\" class=\"brxe-product-meta product_meta\">Nous vous invitons \u00e0 acheter en gros des lavabos pour la salle de bains. Ces lavabos semi-encastr\u00e9s adoptent des designs modernes et simples, avec des apparences \u00e9l\u00e9gantes, convenant \u00e0 diff\u00e9rents styles de salles de bains. Le mat\u00e9riau c\u00e9ramique de haute qualit\u00e9 est durable et facile \u00e0 nettoyer, ce qui en fait un choix id\u00e9al pour les projets h\u00f4teliers, r\u00e9sidentiels et commerciaux. Support des lavabos de salle de bains personnalis\u00e9s.<\/div>\n<\/div>\n<div id=\"brxe-8c5ca9\" class=\"brxe-product-short-description\">\n<div class=\"woocommerce-product-details__short-description\">\n<h2>Cuvettes semi-encastr\u00e9es Premium Sp\u00e9cifications :<\/h2>\n<table border=\"0\" width=\"478\" cellspacing=\"0\" cellpadding=\"0\">\n<tbody>\n<tr>\n<td width=\"166\" height=\"23\">Fabricant<\/td>\n<td width=\"312\">HanYu<\/td>\n<\/tr>\n<tr>\n<td height=\"23\">Num\u00e9ro de mod\u00e8le<\/td>\n<td>HY-496<\/td>\n<\/tr>\n<tr>\n<td height=\"23\">Type<\/td>\n<td width=\"312\">Eviers semi-encastr\u00e9s<\/td>\n<\/tr>\n<tr>\n<td height=\"24\">Forme<\/td>\n<td>Forme ronde<\/td>\n<\/tr>\n<tr>\n<td height=\"46\">Couleur<\/td>\n<td width=\"312\">noir\/blanc\/bleu\/gris\/rose\/vert\/marron\/kaki<\/td>\n<\/tr>\n<tr>\n<td height=\"24\">Dimension<\/td>\n<td width=\"312\">43*43*18<\/td>\n<\/tr>\n<tr>\n<td height=\"23\">N.W \/SET<\/td>\n<td>9KGS\/PCS<\/td>\n<\/tr>\n<tr>\n<td height=\"23\">MOQ<\/td>\n<td>20pcs<\/td>\n<\/tr>\n<tr>\n<td height=\"23\">Option personnalis\u00e9e<\/td>\n<td>Couleur\/Pattenue\/Taille\/Logo\/Emballage<\/td>\n<\/tr>\n<\/tbody>\n<\/table>\n<p><\/div>\n<\/div>","protected":false},"featured_media":906,"comment_status":"open","ping_status":"closed","template":"","meta":{"_acf_changed":true},"certification":[59,61,60,62],"product_brand":[],"product_cat":[35,21],"product_tag":[],"class_list":{"0":"post-904","1":"product","2":"type-product","3":"status-publish","4":"has-post-thumbnail","6":"certification-ce","7":"certification-iso-14001","8":"certification-iso-45001","9":"certification-iso-9001","10":"product_cat-bathroom-ceramics-supply","11":"product_cat-wholesale-ceramic-basin","13":"first","14":"instock","15":"shipping-taxable","16":"product-type-simple"},"acf":[],"_links":{"self":[{"href":"https:\/\/www.linkceramics.com\/fr\/wp-json\/wp\/v2\/product\/904","targetHints":{"allow":["GET"]}}],"collection":[{"href":"https:\/\/www.linkceramics.com\/fr\/wp-json\/wp\/v2\/product"}],"about":[{"href":"https:\/\/www.linkceramics.com\/fr\/wp-json\/wp\/v2\/types\/product"}],"replies":[{"embeddable":true,"href":"https:\/\/www.linkceramics.com\/fr\/wp-json\/wp\/v2\/comments?post=904"}],"wp:featuredmedia":[{"embeddable":true,"href":"https:\/\/www.linkceramics.com\/fr\/wp-json\/wp\/v2\/media\/906"}],"wp:attachment":[{"href":"https:\/\/www.linkceramics.com\/fr\/wp-json\/wp\/v2\/media?parent=904"}],"wp:term":[{"taxonomy":"certification","embeddable":true,"href":"https:\/\/www.linkceramics.com\/fr\/wp-json\/wp\/v2\/certification?post=904"},{"taxonomy":"product_brand","embeddable":true,"href":"https:\/\/www.linkceramics.com\/fr\/wp-json\/wp\/v2\/product_brand?post=904"},{"taxonomy":"product_cat","embeddable":true,"href":"https:\/\/www.linkceramics.com\/fr\/wp-json\/wp\/v2\/product_cat?post=904"},{"taxonomy":"product_tag","embeddable":true,"href":"https:\/\/www.linkceramics.com\/fr\/wp-json\/wp\/v2\/product_tag?post=904"}],"curies":[{"name":"wp","href":"https:\/\/api.w.org\/{rel}","templated":true}]}}