{"id":910,"date":"2024-12-10T03:27:24","date_gmt":"2024-12-10T03:27:24","guid":{"rendered":"https:\/\/www.linkceramics.com\/?post_type=product&#038;p=910"},"modified":"2024-12-10T03:27:26","modified_gmt":"2024-12-10T03:27:26","slug":"bespoke-bathroom-sinks-wholesale","status":"publish","type":"product","link":"https:\/\/www.linkceramics.com\/fr\/product\/bespoke-bathroom-sinks-wholesale\/","title":{"rendered":"Vasques de salle de bains sur mesure, vasques murales en porcelaine Wholesale"},"content":{"rendered":"<div class=\"wp-block-columns is-layout-flex wp-container-core-columns-is-layout-9d6595d7 wp-block-columns-is-layout-flex\">\n<div class=\"wp-block-column is-layout-flow wp-block-column-is-layout-flow\" style=\"flex-basis:50%\">\n<h3 class=\"wp-block-heading\">Premium Bespoke Bathroom Sinks Caract\u00e9ristiques :<\/h3>\n\n\n\n<ul class=\"wp-block-list\">\n<li>Nouveau design : Ces lavabos muraux de salle de bains sur mesure sont des lavabos en c\u00e9ramique personnalis\u00e9s. Ce lavabo personnalis\u00e9 en vrac a un aspect \u00e9pur\u00e9 qui s'int\u00e8gre parfaitement au style moderne de la salle de bains.<\/li>\n\n\n\n<li>Fabriqu\u00e9es en porcelaine de haute qualit\u00e9 : Nos vasques murales s\u00e9lectionnent en gros de la porcelaine de haute qualit\u00e9 et sont cuites \u00e0 haute temp\u00e9rature pour garantir une texture solide, une surface lisse, un nettoyage facile et une brillance durable.<\/li>\n\n\n\n<li>Installation murale : La conception murale de nos \u00e9viers de salle de bains sur mesure permet non seulement d'\u00e9conomiser de l'espace, mais aussi de faciliter le nettoyage du sol en dessous, ce qui permet de garder la salle de bains propre et de cr\u00e9er un environnement d'utilisation rafra\u00eechissant.<\/li>\n\n\n\n<li>R\u00e9duction des co\u00fbts d'achat en gros : En tant que fabricant de lavabos en c\u00e9ramique, HanYu peut vous fournir des prix comp\u00e9titifs pour l'achat de lavabos de salle de bain, afin de vous aider \u00e0 contr\u00f4ler efficacement les co\u00fbts de d\u00e9coration sans sacrifier la qualit\u00e9.<\/li>\n<\/ul>\n<\/div>\n\n\n\n<div class=\"wp-block-column is-layout-flow wp-block-column-is-layout-flow\" style=\"flex-basis:50%\">\n<figure class=\"wp-block-image size-full\"><img decoding=\"async\" width=\"800\" height=\"800\" src=\"https:\/\/www.linkceramics.com\/wp-content\/uploads\/2024\/12\/Customize-OEM-ODM-Ceramic-Wash-Hand-Basin-Sink-Lavabo-Porcelain-Rectangular-Wall-Hung-Mounted-Bathroom-Sinks-6.jpg\" alt=\"Customize-OEM-ODM-Ceramic-Wash-Hand-Basin-Sink-Lavabo-Porcelain-Rectangular-Wall-Hung-Mounted-Bathroom-Sinks-6\" class=\"wp-image-915\" srcset=\"https:\/\/www.linkceramics.com\/wp-content\/uploads\/2024\/12\/Customize-OEM-ODM-Ceramic-Wash-Hand-Basin-Sink-Lavabo-Porcelain-Rectangular-Wall-Hung-Mounted-Bathroom-Sinks-6.jpg 800w, https:\/\/www.linkceramics.com\/wp-content\/uploads\/2024\/12\/Customize-OEM-ODM-Ceramic-Wash-Hand-Basin-Sink-Lavabo-Porcelain-Rectangular-Wall-Hung-Mounted-Bathroom-Sinks-6-300x300.jpg 300w, https:\/\/www.linkceramics.com\/wp-content\/uploads\/2024\/12\/Customize-OEM-ODM-Ceramic-Wash-Hand-Basin-Sink-Lavabo-Porcelain-Rectangular-Wall-Hung-Mounted-Bathroom-Sinks-6-150x150.jpg 150w, https:\/\/www.linkceramics.com\/wp-content\/uploads\/2024\/12\/Customize-OEM-ODM-Ceramic-Wash-Hand-Basin-Sink-Lavabo-Porcelain-Rectangular-Wall-Hung-Mounted-Bathroom-Sinks-6-768x768.jpg 768w, https:\/\/www.linkceramics.com\/wp-content\/uploads\/2024\/12\/Customize-OEM-ODM-Ceramic-Wash-Hand-Basin-Sink-Lavabo-Porcelain-Rectangular-Wall-Hung-Mounted-Bathroom-Sinks-6-600x600.jpg 600w, https:\/\/www.linkceramics.com\/wp-content\/uploads\/2024\/12\/Customize-OEM-ODM-Ceramic-Wash-Hand-Basin-Sink-Lavabo-Porcelain-Rectangular-Wall-Hung-Mounted-Bathroom-Sinks-6-100x100.jpg 100w\" sizes=\"(max-width: 800px) 100vw, 800px\" \/><\/figure>\n<\/div>\n<\/div>","protected":false},"excerpt":{"rendered":"<div id=\"brxe-0ee1ca\" class=\"brxe-product-meta product_meta\">\n<div id=\"brxe-0ee1ca\" class=\"brxe-product-meta product_meta\">Nos \u00e9viers de salle de bain muraux sur mesure en vrac sont soigneusement fabriqu\u00e9s pour garantir leur beaut\u00e9 et leur durabilit\u00e9. Nous proposons \u00e9galement des services personnalis\u00e9s, afin que vous puissiez ajuster les d\u00e9tails du produit en fonction des besoins de votre projet et obtenir un design parfaitement adapt\u00e9.<\/div>\n<\/div>\n<div id=\"brxe-8c5ca9\" class=\"brxe-product-short-description\">\n<div class=\"woocommerce-product-details__short-description\">\n<h2>\u00c9viers de salle de bain sur mesure de premi\u00e8re qualit\u00e9 Sp\u00e9cifications :<\/h2>\n<table border=\"0\" width=\"311\" cellspacing=\"0\" cellpadding=\"0\">\n<tbody>\n<tr>\n<td width=\"108\" height=\"17\">Fabricant<\/td>\n<td width=\"202\">HanYu<\/td>\n<\/tr>\n<tr>\n<td height=\"17\">Num\u00e9ro de mod\u00e8le<\/td>\n<td>HY3116A<\/td>\n<\/tr>\n<tr>\n<td height=\"17\">Type<\/td>\n<td>Cuvette murale<\/td>\n<\/tr>\n<tr>\n<td height=\"17\">Forme<\/td>\n<td>Forme rectangulaire<\/td>\n<\/tr>\n<tr>\n<td height=\"17\">Couleur<\/td>\n<td>Blanc<\/td>\n<\/tr>\n<tr>\n<td height=\"18\">Dimension<\/td>\n<td width=\"202\">55*40*15<\/td>\n<\/tr>\n<tr>\n<td height=\"17\">N.W \/SET<\/td>\n<td>13KGS\/PCS<\/td>\n<\/tr>\n<tr>\n<td height=\"17\">MOQ<\/td>\n<td>20pcs<\/td>\n<\/tr>\n<tr>\n<td height=\"17\">Option personnalis\u00e9e<\/td>\n<td>Couleur\/Pattenue\/Taille\/Logo\/Emballage<\/td>\n<\/tr>\n<\/tbody>\n<\/table>\n<\/div>\n<\/div>","protected":false},"featured_media":914,"comment_status":"open","ping_status":"closed","template":"","meta":{"_acf_changed":true},"certification":[59,61,60,62],"product_brand":[],"product_cat":[35,21],"product_tag":[],"class_list":{"0":"post-910","1":"product","2":"type-product","3":"status-publish","4":"has-post-thumbnail","6":"certification-ce","7":"certification-iso-14001","8":"certification-iso-45001","9":"certification-iso-9001","10":"product_cat-bathroom-ceramics-supply","11":"product_cat-wholesale-ceramic-basin","13":"first","14":"instock","15":"shipping-taxable","16":"product-type-simple"},"acf":[],"_links":{"self":[{"href":"https:\/\/www.linkceramics.com\/fr\/wp-json\/wp\/v2\/product\/910","targetHints":{"allow":["GET"]}}],"collection":[{"href":"https:\/\/www.linkceramics.com\/fr\/wp-json\/wp\/v2\/product"}],"about":[{"href":"https:\/\/www.linkceramics.com\/fr\/wp-json\/wp\/v2\/types\/product"}],"replies":[{"embeddable":true,"href":"https:\/\/www.linkceramics.com\/fr\/wp-json\/wp\/v2\/comments?post=910"}],"wp:featuredmedia":[{"embeddable":true,"href":"https:\/\/www.linkceramics.com\/fr\/wp-json\/wp\/v2\/media\/914"}],"wp:attachment":[{"href":"https:\/\/www.linkceramics.com\/fr\/wp-json\/wp\/v2\/media?parent=910"}],"wp:term":[{"taxonomy":"certification","embeddable":true,"href":"https:\/\/www.linkceramics.com\/fr\/wp-json\/wp\/v2\/certification?post=910"},{"taxonomy":"product_brand","embeddable":true,"href":"https:\/\/www.linkceramics.com\/fr\/wp-json\/wp\/v2\/product_brand?post=910"},{"taxonomy":"product_cat","embeddable":true,"href":"https:\/\/www.linkceramics.com\/fr\/wp-json\/wp\/v2\/product_cat?post=910"},{"taxonomy":"product_tag","embeddable":true,"href":"https:\/\/www.linkceramics.com\/fr\/wp-json\/wp\/v2\/product_tag?post=910"}],"curies":[{"name":"wp","href":"https:\/\/api.w.org\/{rel}","templated":true}]}}