{"id":942,"date":"2024-12-10T02:50:03","date_gmt":"2024-12-10T02:50:03","guid":{"rendered":"https:\/\/www.linkceramics.com\/?post_type=product&#038;p=942"},"modified":"2024-12-10T02:50:04","modified_gmt":"2024-12-10T02:50:04","slug":"wholesale-dinner-plates","status":"publish","type":"product","link":"https:\/\/www.linkceramics.com\/fr\/product\/wholesale-dinner-plates\/","title":{"rendered":"9 Inch Wholesale Dinner Plates, Round Porcelain Plates Bulk"},"content":{"rendered":"<div class=\"wp-block-columns is-layout-flex wp-container-core-columns-is-layout-9d6595d7 wp-block-columns-is-layout-flex\">\n<div class=\"wp-block-column is-layout-flow wp-block-column-is-layout-flow\">\n<h3 class=\"wp-block-heading\">Premium Wholesale Dinner Plates Features :<\/h3>\n\n\n\n<ul class=\"wp-block-list\">\n<li><strong>Design ovale \u00e9l\u00e9gant :<\/strong>\u00a0Nos assiettes en gros pour la restauration adoptent un design ovale \u00e9l\u00e9gant, qui offre un espace de pr\u00e9sentation plus spacieux pour divers plats. Il s'agit d'un choix id\u00e9al pour les lieux haut de gamme tels que les restaurants, les banquets et les h\u00f4tels.<\/li>\n\n\n\n<li><strong>Poign\u00e9es pratiques :\u00a0<\/strong>Nos assiettes \u00e0 d\u00eener en porcelaine en vrac sont con\u00e7ues avec des poign\u00e9es, faciles \u00e0 prendre et \u00e0 d\u00e9placer, ce qui am\u00e9liore non seulement l'efficacit\u00e9 du service des plats, mais aussi la beaut\u00e9 de la pr\u00e9sentation des plats. C'est un choix judicieux pour les services de restauration.<\/li>\n\n\n\n<li><strong>Classique en noir et blanc :\u00a0<\/strong>Ces assiettes de gros pour la restauration sont disponibles en noir et en blanc, ce qui permet de r\u00e9pondre aux besoins des tables modernes et minimalistes et des atmosph\u00e8res classiques et \u00e9l\u00e9gantes. Elles peuvent \u00eatre facilement assorties \u00e0 une vari\u00e9t\u00e9 d'occasions et de styles de d\u00e9coration.<\/li>\n\n\n\n<li><strong>De grande taille et polyvalent :\u00a0<\/strong>Nos assiettes \u00e0 d\u00eener en porcelaine en vrac ont une grande taille de 13,5 pouces, ce qui convient pour servir une vari\u00e9t\u00e9 de plats tels que des plats principaux, des plateaux et des hors-d'\u0153uvre. Il s'agit d'un choix d'assiettes polyvalent pour les services de restauration.<\/li>\n<\/ul>\n<\/div>\n\n\n\n<div class=\"wp-block-column is-layout-flow wp-block-column-is-layout-flow\">\n<figure class=\"wp-block-image size-full\"><img decoding=\"async\" width=\"740\" height=\"740\" src=\"https:\/\/www.linkceramics.com\/wp-content\/uploads\/2024\/12\/9-Inch-Wholesale-Dinner-Plates-Round-Porcelain-Plates-Bulk-1-1.webp\" alt=\"9-Inch-Wholesale-Dinner-Plates-Round-Porcelain-Plates-Bulk-1 (1)\" class=\"wp-image-943\" srcset=\"https:\/\/www.linkceramics.com\/wp-content\/uploads\/2024\/12\/9-Inch-Wholesale-Dinner-Plates-Round-Porcelain-Plates-Bulk-1-1.webp 740w, https:\/\/www.linkceramics.com\/wp-content\/uploads\/2024\/12\/9-Inch-Wholesale-Dinner-Plates-Round-Porcelain-Plates-Bulk-1-1-300x300.webp 300w, https:\/\/www.linkceramics.com\/wp-content\/uploads\/2024\/12\/9-Inch-Wholesale-Dinner-Plates-Round-Porcelain-Plates-Bulk-1-1-150x150.webp 150w, https:\/\/www.linkceramics.com\/wp-content\/uploads\/2024\/12\/9-Inch-Wholesale-Dinner-Plates-Round-Porcelain-Plates-Bulk-1-1-600x600.webp 600w, https:\/\/www.linkceramics.com\/wp-content\/uploads\/2024\/12\/9-Inch-Wholesale-Dinner-Plates-Round-Porcelain-Plates-Bulk-1-1-100x100.webp 100w\" sizes=\"(max-width: 740px) 100vw, 740px\" \/><\/figure>\n<\/div>\n<\/div>","protected":false},"excerpt":{"rendered":"<p>Nous vous invitons \u00e0 acheter des assiettes \u00e0 d\u00eener en porcelaine en gros. Nos assiettes ovales de 13,5 pouces pour la restauration sont dot\u00e9es d'une poign\u00e9e pratique et sont disponibles en deux couleurs classiques, noir et blanc. Elles conviennent \u00e0 une grande vari\u00e9t\u00e9 d'occasions. Leur grande taille offre plus d'espace de pr\u00e9sentation pour les plats, ce qui en fait un choix haut de gamme pour am\u00e9liorer l'exp\u00e9rience du service de restauration.<\/p>\n<h2>Assiettes \u00e0 d\u00eener Param\u00e8tre<\/h2>\n<table border=\"0\" width=\"309\" cellspacing=\"0\" cellpadding=\"0\">\n<tbody>\n<tr>\n<td width=\"120\" height=\"17\">Fabricant<\/td>\n<td width=\"189\">Yongjian<\/td>\n<\/tr>\n<tr>\n<td height=\"18\">Num\u00e9ro de mod\u00e8le<\/td>\n<td width=\"189\">YJ-078<\/td>\n<\/tr>\n<tr>\n<td height=\"17\">Type de produit<\/td>\n<td>Plat de service, assiette \u00e0 d\u00eener<\/td>\n<\/tr>\n<tr>\n<td height=\"17\">Mat\u00e9riau<\/td>\n<td>Porcelaine<\/td>\n<\/tr>\n<tr>\n<td height=\"17\">Couleur<\/td>\n<td>Blanc\/ Noir<\/td>\n<\/tr>\n<tr>\n<td height=\"18\">Dimension<\/td>\n<td width=\"189\">20.4*23.8*3.4<\/td>\n<\/tr>\n<tr>\n<td height=\"17\">MOQ<\/td>\n<td>500pcs<\/td>\n<\/tr>\n<tr>\n<td height=\"17\">Sur mesure<\/td>\n<td>Couleur\/Taille\/Logo\/Emballage<\/td>\n<\/tr>\n<\/tbody>\n<\/table>","protected":false},"featured_media":945,"comment_status":"open","ping_status":"closed","template":"","meta":{"_acf_changed":true},"certification":[63,64,66,58,65,61,60,62,57],"product_brand":[],"product_cat":[34,18],"product_tag":[],"class_list":{"0":"post-942","1":"product","2":"type-product","3":"status-publish","4":"has-post-thumbnail","6":"certification-amfori","7":"certification-bsci","8":"certification-cnas","9":"certification-fda","10":"certification-iaf","11":"certification-iso-14001","12":"certification-iso-45001","13":"certification-iso-9001","14":"certification-lfgb","15":"product_cat-custom-household-ceramics","16":"product_cat-ceramic-tableware-wholesale","18":"first","19":"instock","20":"shipping-taxable","21":"product-type-simple"},"acf":[],"_links":{"self":[{"href":"https:\/\/www.linkceramics.com\/fr\/wp-json\/wp\/v2\/product\/942","targetHints":{"allow":["GET"]}}],"collection":[{"href":"https:\/\/www.linkceramics.com\/fr\/wp-json\/wp\/v2\/product"}],"about":[{"href":"https:\/\/www.linkceramics.com\/fr\/wp-json\/wp\/v2\/types\/product"}],"replies":[{"embeddable":true,"href":"https:\/\/www.linkceramics.com\/fr\/wp-json\/wp\/v2\/comments?post=942"}],"wp:featuredmedia":[{"embeddable":true,"href":"https:\/\/www.linkceramics.com\/fr\/wp-json\/wp\/v2\/media\/945"}],"wp:attachment":[{"href":"https:\/\/www.linkceramics.com\/fr\/wp-json\/wp\/v2\/media?parent=942"}],"wp:term":[{"taxonomy":"certification","embeddable":true,"href":"https:\/\/www.linkceramics.com\/fr\/wp-json\/wp\/v2\/certification?post=942"},{"taxonomy":"product_brand","embeddable":true,"href":"https:\/\/www.linkceramics.com\/fr\/wp-json\/wp\/v2\/product_brand?post=942"},{"taxonomy":"product_cat","embeddable":true,"href":"https:\/\/www.linkceramics.com\/fr\/wp-json\/wp\/v2\/product_cat?post=942"},{"taxonomy":"product_tag","embeddable":true,"href":"https:\/\/www.linkceramics.com\/fr\/wp-json\/wp\/v2\/product_tag?post=942"}],"curies":[{"name":"wp","href":"https:\/\/api.w.org\/{rel}","templated":true}]}}