{"id":948,"date":"2024-12-10T02:50:42","date_gmt":"2024-12-10T02:50:42","guid":{"rendered":"https:\/\/www.linkceramics.com\/?post_type=product&#038;p=948"},"modified":"2024-12-10T02:59:34","modified_gmt":"2024-12-10T02:59:34","slug":"bulk-catering-plates","status":"publish","type":"product","link":"https:\/\/www.linkceramics.com\/fr\/product\/bulk-catering-plates\/","title":{"rendered":"Assiettes de traiteur en vrac \u00e0 gla\u00e7ure brillante, Assiettes \u00e0 d\u00eener blanches en gros"},"content":{"rendered":"<div class=\"wp-block-columns is-layout-flex wp-container-core-columns-is-layout-9d6595d7 wp-block-columns-is-layout-flex\">\n<div class=\"wp-block-column is-layout-flow wp-block-column-is-layout-flow\">\n<h3 class=\"wp-block-heading\">Assiettes de traiteur en vrac Premium Caract\u00e9ristiques :<\/h3>\n\n\n\n<ul class=\"wp-block-list\">\n<li><strong>Gla\u00e7ure tr\u00e8s brillante :\u00a0<\/strong>La surface de nos assiettes de restauration en vrac est trait\u00e9e avec une gla\u00e7ure tr\u00e8s brillante, lisse et d\u00e9licate au toucher, exsudant un \u00e9clat \u00e9blouissant, rendant les plats plus exquis sur le fond blanc pur, am\u00e9liorant l'exp\u00e9rience gastronomique et ajoutant un effet visuel luxueux \u00e0 la table.<\/li>\n\n\n\n<li><strong>Design blanc simple :\u00a0<\/strong>L'aspect blanc pur classique de cette assiette \u00e0 d\u00eener en gros convient \u00e0 diff\u00e9rents styles de d\u00e9coration de table, aux restaurants, aux h\u00f4tels, aux banquets et \u00e0 d'autres occasions, cr\u00e9ant une atmosph\u00e8re de repas \u00e9l\u00e9gante et professionnelle, montrant le style unique et le temp\u00e9rament \u00e9l\u00e9gant de la marque.<\/li>\n\n\n\n<li><strong>Diverses options de taille :\u00a0<\/strong>Nos assiettes de restauration en vrac sont disponibles en deux tailles, 8 pouces et 10 pouces, qui sont flexibles pour r\u00e9pondre aux besoins des entr\u00e9es, des plats principaux et des desserts, ce qui rend les services de restauration plus diversifi\u00e9s et r\u00e9pond mieux aux besoins uniques des diff\u00e9rents plats.<\/li>\n\n\n\n<li><strong>Facile \u00e0 nettoyer et durable :<\/strong>\u00a0La surface brillante de cette assiette n'est pas seulement r\u00e9sistante aux rayures, elle est aussi plus durable, pratique pour le nettoyage quotidien et peut \u00eatre lav\u00e9e au lave-vaisselle, ce qui r\u00e9duit efficacement le temps et le co\u00fbt du nettoyage et de l'entretien, et convient particuli\u00e8rement \u00e0 une utilisation fr\u00e9quente dans les lieux de restauration tr\u00e8s fr\u00e9quent\u00e9s.<\/li>\n<\/ul>\n<\/div>\n\n\n\n<div class=\"wp-block-column is-layout-flow wp-block-column-is-layout-flow\">\n<figure class=\"wp-block-image size-full\"><img decoding=\"async\" width=\"750\" height=\"750\" src=\"https:\/\/www.linkceramics.com\/wp-content\/uploads\/2024\/12\/Bright-Glaze-Bulk-Catering-plates-White-Dinner-Plate-Wholesale-4.webp\" alt=\"Bright-Glaze-Plats de restauration en vrac-Blanc-Plats de salle \u00e0 manger-Wholesale-4\" class=\"wp-image-951\" srcset=\"https:\/\/www.linkceramics.com\/wp-content\/uploads\/2024\/12\/Bright-Glaze-Bulk-Catering-plates-White-Dinner-Plate-Wholesale-4.webp 750w, https:\/\/www.linkceramics.com\/wp-content\/uploads\/2024\/12\/Bright-Glaze-Bulk-Catering-plates-White-Dinner-Plate-Wholesale-4-300x300.webp 300w, https:\/\/www.linkceramics.com\/wp-content\/uploads\/2024\/12\/Bright-Glaze-Bulk-Catering-plates-White-Dinner-Plate-Wholesale-4-150x150.webp 150w, https:\/\/www.linkceramics.com\/wp-content\/uploads\/2024\/12\/Bright-Glaze-Bulk-Catering-plates-White-Dinner-Plate-Wholesale-4-600x600.webp 600w, https:\/\/www.linkceramics.com\/wp-content\/uploads\/2024\/12\/Bright-Glaze-Bulk-Catering-plates-White-Dinner-Plate-Wholesale-4-100x100.webp 100w\" sizes=\"(max-width: 750px) 100vw, 750px\" \/><\/figure>\n<\/div>\n<\/div>","protected":false},"excerpt":{"rendered":"<p>Bienvenue sur le site d'achat d'assiettes \u00e0 d\u00eener en gros. Nos assiettes de restauration en vrac blanc brillant sont disponibles en deux tailles : 8 pouces et 10 pouces. Le blanc pur classique avec un design de gla\u00e7age tr\u00e8s brillant peut rendre les plats plus exquis et attrayants. Son \u00e9l\u00e9gance simple, sa durabilit\u00e9 et sa facilit\u00e9 de nettoyage en font un choix id\u00e9al pour les services de restauration.<\/p>\n<h2>Assiettes de restauration Param\u00e8tre<\/h2>\n<table border=\"0\" width=\"309\" cellspacing=\"0\" cellpadding=\"0\">\n<tbody>\n<tr>\n<td class=\"et3\" width=\"120\" height=\"17\">Fabricant<\/td>\n<td class=\"et3\" width=\"189\">Yongjian<\/td>\n<\/tr>\n<tr>\n<td class=\"et3\" height=\"36\">Num\u00e9ro de mod\u00e8le<\/td>\n<td class=\"et4\" width=\"189\">YJ-069\/YJ-070<\/td>\n<\/tr>\n<tr>\n<td class=\"et3\" height=\"17\">Type de produit<\/td>\n<td class=\"et3\">Plat de service, assiette \u00e0 d\u00eener<\/td>\n<\/tr>\n<tr>\n<td class=\"et3\" height=\"17\">Mat\u00e9riau<\/td>\n<td class=\"et3\">Porcelaine<\/td>\n<\/tr>\n<tr>\n<td class=\"et5\" height=\"17\">Couleur<\/td>\n<td class=\"et3\">Blanc<\/td>\n<\/tr>\n<tr>\n<td class=\"et3\" height=\"36\">Dimension<\/td>\n<td class=\"et6\" width=\"189\">8'inch : 18*20*2.2<br \/>10'inch : 24*25.5*5.5<\/td>\n<\/tr>\n<tr>\n<td class=\"et3\" height=\"17\">MOQ<\/td>\n<td class=\"et3\">500pcs<\/td>\n<\/tr>\n<tr>\n<td class=\"et3\" height=\"17\">Sur mesure<\/td>\n<td class=\"et3\">Couleur\/Taille\/Logo\/Emballage<\/td>\n<\/tr>\n<\/tbody>\n<\/table>","protected":false},"featured_media":949,"comment_status":"open","ping_status":"closed","template":"","meta":{"_acf_changed":true},"certification":[63,64,66,58,65,61,60,62,57],"product_brand":[],"product_cat":[34,18],"product_tag":[],"class_list":{"0":"post-948","1":"product","2":"type-product","3":"status-publish","4":"has-post-thumbnail","6":"certification-amfori","7":"certification-bsci","8":"certification-cnas","9":"certification-fda","10":"certification-iaf","11":"certification-iso-14001","12":"certification-iso-45001","13":"certification-iso-9001","14":"certification-lfgb","15":"product_cat-custom-household-ceramics","16":"product_cat-ceramic-tableware-wholesale","18":"first","19":"instock","20":"shipping-taxable","21":"product-type-simple"},"acf":[],"_links":{"self":[{"href":"https:\/\/www.linkceramics.com\/fr\/wp-json\/wp\/v2\/product\/948","targetHints":{"allow":["GET"]}}],"collection":[{"href":"https:\/\/www.linkceramics.com\/fr\/wp-json\/wp\/v2\/product"}],"about":[{"href":"https:\/\/www.linkceramics.com\/fr\/wp-json\/wp\/v2\/types\/product"}],"replies":[{"embeddable":true,"href":"https:\/\/www.linkceramics.com\/fr\/wp-json\/wp\/v2\/comments?post=948"}],"wp:featuredmedia":[{"embeddable":true,"href":"https:\/\/www.linkceramics.com\/fr\/wp-json\/wp\/v2\/media\/949"}],"wp:attachment":[{"href":"https:\/\/www.linkceramics.com\/fr\/wp-json\/wp\/v2\/media?parent=948"}],"wp:term":[{"taxonomy":"certification","embeddable":true,"href":"https:\/\/www.linkceramics.com\/fr\/wp-json\/wp\/v2\/certification?post=948"},{"taxonomy":"product_brand","embeddable":true,"href":"https:\/\/www.linkceramics.com\/fr\/wp-json\/wp\/v2\/product_brand?post=948"},{"taxonomy":"product_cat","embeddable":true,"href":"https:\/\/www.linkceramics.com\/fr\/wp-json\/wp\/v2\/product_cat?post=948"},{"taxonomy":"product_tag","embeddable":true,"href":"https:\/\/www.linkceramics.com\/fr\/wp-json\/wp\/v2\/product_tag?post=948"}],"curies":[{"name":"wp","href":"https:\/\/api.w.org\/{rel}","templated":true}]}}