{"id":960,"date":"2024-12-10T03:01:18","date_gmt":"2024-12-10T03:01:18","guid":{"rendered":"https:\/\/www.linkceramics.com\/?post_type=product&#038;p=960"},"modified":"2024-12-10T03:01:19","modified_gmt":"2024-12-10T03:01:19","slug":"charger-plates-bulk","status":"publish","type":"product","link":"https:\/\/www.linkceramics.com\/fr\/product\/charger-plates-bulk\/","title":{"rendered":"Assiettes de pr\u00e9sentation noires en vrac, Assiettes de service blanches en gros"},"content":{"rendered":"<div class=\"wp-block-columns is-layout-flex wp-container-core-columns-is-layout-9d6595d7 wp-block-columns-is-layout-flex\">\n<div class=\"wp-block-column is-layout-flow wp-block-column-is-layout-flow\">\n<h3 class=\"wp-block-heading\">Plaques de chargeur de qualit\u00e9 sup\u00e9rieure Caract\u00e9ristiques en vrac :<\/h3>\n\n\n\n<ul class=\"wp-block-list\">\n<li><strong>Un design unique, une arme qui attire l'attention :\u00a0<\/strong>Nos assiettes de service noires en vrac et nos assiettes de service blanches en gros adoptent un design unique de chapeau de paille, avec une apparence nouvelle et unique qui peut imm\u00e9diatement attirer l'attention des clients. Qu'il s'agisse d'une r\u00e9union de famille ou d'un banquet d'affaires, un tel design peut ajouter de l'amusement et de l'actualit\u00e9 \u00e0 la table \u00e0 manger, rendant l'exp\u00e9rience plus m\u00e9morable.<\/li>\n\n\n\n<li><strong>Texture givr\u00e9e, texture rocheuse :<\/strong>\u00a0Le mat\u00e9riau c\u00e9ramique givr\u00e9 utilis\u00e9 pour les plats de service en gros est sp\u00e9cialement s\u00e9lectionn\u00e9, et la surface pr\u00e9sente une texture rocheuse naturelle, ce qui conf\u00e8re \u00e0 l'assiette une touche \u00e0 la fois rugueuse et d\u00e9licate. La texture givr\u00e9e augmente non seulement la beaut\u00e9 de ces assiettes en gros, mais les rend \u00e9galement plus artistiques visuellement, donnant aux gens une impression de haut de gamme et de naturel.<\/li>\n\n\n\n<li><strong>Utilisation polyvalente, pratique et rapide :\u00a0<\/strong>Nos assiettes de pr\u00e9sentation noires en vrac et nos plats de service blancs en gros ne sont pas seulement utilis\u00e9s pour l'assiette quotidienne, mais aussi pour une vari\u00e9t\u00e9 de m\u00e9thodes de cuisson telles que la cuisson \u00e0 la vapeur, la cuisson au four et la cuisson au four \u00e0 micro-ondes.<\/li>\n\n\n\n<li><strong>Le noir et le blanc, polyvalents et \u00e0 la mode :\u00a0<\/strong>Il existe deux options de couleurs classiques, le blanc et le noir, pour nos plateaux de service en vrac. Le blanc est pur et \u00e9l\u00e9gant, et le noir est calme et atmosph\u00e9rique. Ces deux couleurs sont tr\u00e8s faciles \u00e0 assortir \u00e0 d'autres styles de vaisselle ou de d\u00e9coration et s'int\u00e8grent facilement \u00e0 tous les styles de restaurants.<\/li>\n<\/ul>\n<\/div>\n\n\n\n<div class=\"wp-block-column is-layout-flow wp-block-column-is-layout-flow\">\n<figure class=\"wp-block-image size-full\"><img decoding=\"async\" width=\"750\" height=\"750\" src=\"https:\/\/www.linkceramics.com\/wp-content\/uploads\/2024\/12\/Black-Charger-Plates-Bulk-White-Wholesale-Serving-Platters-2.webp\" alt=\"Plaques de chargeur noir - Plaques de service noir-blanc - Plaques de service en gros - 2\" class=\"wp-image-962\" srcset=\"https:\/\/www.linkceramics.com\/wp-content\/uploads\/2024\/12\/Black-Charger-Plates-Bulk-White-Wholesale-Serving-Platters-2.webp 750w, https:\/\/www.linkceramics.com\/wp-content\/uploads\/2024\/12\/Black-Charger-Plates-Bulk-White-Wholesale-Serving-Platters-2-300x300.webp 300w, https:\/\/www.linkceramics.com\/wp-content\/uploads\/2024\/12\/Black-Charger-Plates-Bulk-White-Wholesale-Serving-Platters-2-150x150.webp 150w, https:\/\/www.linkceramics.com\/wp-content\/uploads\/2024\/12\/Black-Charger-Plates-Bulk-White-Wholesale-Serving-Platters-2-600x600.webp 600w, https:\/\/www.linkceramics.com\/wp-content\/uploads\/2024\/12\/Black-Charger-Plates-Bulk-White-Wholesale-Serving-Platters-2-100x100.webp 100w\" sizes=\"(max-width: 750px) 100vw, 750px\" \/><\/figure>\n<\/div>\n<\/div>","protected":false},"excerpt":{"rendered":"<p>Bienvenue dans l'achat de plateaux de service en vrac. Nos assiettes de service noires en vrac et nos assiettes de service blanches en gros pr\u00e9sentent un design unique de chapeau de paille. Les textures mates et rocheuses apportent une exp\u00e9rience visuelle et tactile extraordinaire. Les assiettes peuvent \u00eatre cuites \u00e0 la vapeur, au four et au micro-ondes, et conviennent donc \u00e0 une grande vari\u00e9t\u00e9 de m\u00e9thodes de cuisson. Le mat\u00e9riau c\u00e9ramique de haute qualit\u00e9 garantit la durabilit\u00e9 du produit.\u00a0<\/p>\n<h2>Plaques de chargement Param\u00e8tre<\/h2>\n<table border=\"0\" width=\"325\" cellspacing=\"0\" cellpadding=\"0\">\n<tbody>\n<tr>\n<td class=\"et3\" width=\"120\" height=\"17\">Fabricant<\/td>\n<td class=\"et3\" width=\"204\">Yongjian<\/td>\n<\/tr>\n<tr>\n<td class=\"et3\" height=\"36\">Num\u00e9ro de mod\u00e8le<\/td>\n<td class=\"et4\" width=\"204\">YJ-045, 8 pouces<br \/>YJ-046, 10 pouces<\/td>\n<\/tr>\n<tr>\n<td class=\"et3\" height=\"17\">Type de produit<\/td>\n<td class=\"et3\">Assiette creuse, plateau de service<\/td>\n<\/tr>\n<tr>\n<td class=\"et3\" height=\"17\">Mat\u00e9riau<\/td>\n<td class=\"et3\">Porcelaine<\/td>\n<\/tr>\n<tr>\n<td class=\"et5\" height=\"17\">Couleur<\/td>\n<td class=\"et3\">Blanc\/ Noir<\/td>\n<\/tr>\n<tr>\n<td class=\"et3\" height=\"36\">Dimension<\/td>\n<td class=\"et6\" width=\"204\">20*20*4<br \/>24.5*24.5*4.5<\/td>\n<\/tr>\n<tr>\n<td class=\"et3\" height=\"17\">MOQ<\/td>\n<td class=\"et3\">500pcs<\/td>\n<\/tr>\n<tr>\n<td class=\"et3\" height=\"17\">Sur mesure<\/td>\n<td class=\"et3\">Couleur\/Taille\/Logo\/Emballage<\/td>\n<\/tr>\n<\/tbody>\n<\/table>","protected":false},"featured_media":961,"comment_status":"open","ping_status":"closed","template":"","meta":{"_acf_changed":true},"certification":[63,64,66,58,65,61,60,62,57],"product_brand":[],"product_cat":[34,18],"product_tag":[],"class_list":{"0":"post-960","1":"product","2":"type-product","3":"status-publish","4":"has-post-thumbnail","6":"certification-amfori","7":"certification-bsci","8":"certification-cnas","9":"certification-fda","10":"certification-iaf","11":"certification-iso-14001","12":"certification-iso-45001","13":"certification-iso-9001","14":"certification-lfgb","15":"product_cat-custom-household-ceramics","16":"product_cat-ceramic-tableware-wholesale","18":"first","19":"instock","20":"shipping-taxable","21":"product-type-simple"},"acf":[],"_links":{"self":[{"href":"https:\/\/www.linkceramics.com\/fr\/wp-json\/wp\/v2\/product\/960","targetHints":{"allow":["GET"]}}],"collection":[{"href":"https:\/\/www.linkceramics.com\/fr\/wp-json\/wp\/v2\/product"}],"about":[{"href":"https:\/\/www.linkceramics.com\/fr\/wp-json\/wp\/v2\/types\/product"}],"replies":[{"embeddable":true,"href":"https:\/\/www.linkceramics.com\/fr\/wp-json\/wp\/v2\/comments?post=960"}],"wp:featuredmedia":[{"embeddable":true,"href":"https:\/\/www.linkceramics.com\/fr\/wp-json\/wp\/v2\/media\/961"}],"wp:attachment":[{"href":"https:\/\/www.linkceramics.com\/fr\/wp-json\/wp\/v2\/media?parent=960"}],"wp:term":[{"taxonomy":"certification","embeddable":true,"href":"https:\/\/www.linkceramics.com\/fr\/wp-json\/wp\/v2\/certification?post=960"},{"taxonomy":"product_brand","embeddable":true,"href":"https:\/\/www.linkceramics.com\/fr\/wp-json\/wp\/v2\/product_brand?post=960"},{"taxonomy":"product_cat","embeddable":true,"href":"https:\/\/www.linkceramics.com\/fr\/wp-json\/wp\/v2\/product_cat?post=960"},{"taxonomy":"product_tag","embeddable":true,"href":"https:\/\/www.linkceramics.com\/fr\/wp-json\/wp\/v2\/product_tag?post=960"}],"curies":[{"name":"wp","href":"https:\/\/api.w.org\/{rel}","templated":true}]}}