{"id":973,"date":"2024-12-10T03:03:47","date_gmt":"2024-12-10T03:03:47","guid":{"rendered":"https:\/\/www.linkceramics.com\/?post_type=product&#038;p=973"},"modified":"2024-12-10T03:03:48","modified_gmt":"2024-12-10T03:03:48","slug":"ceramic-dip-bowls-wholesale","status":"publish","type":"product","link":"https:\/\/www.linkceramics.com\/fr\/product\/ceramic-dip-bowls-wholesale\/","title":{"rendered":"Bols \u00e0 tremper en c\u00e9ramique Wholesale, Petits plats en vrac pour sauces"},"content":{"rendered":"<div class=\"wp-block-columns is-layout-flex wp-container-core-columns-is-layout-9d6595d7 wp-block-columns-is-layout-flex\">\n<div class=\"wp-block-column is-layout-flow wp-block-column-is-layout-flow\">\n<h3 class=\"wp-block-heading\">Bols \u00e0 tremper en c\u00e9ramique de premi\u00e8re qualit\u00e9 Caract\u00e9ristiques en gros :<\/h3>\n\n\n\n<ul class=\"wp-block-list\">\n<li><strong>Design unique de la surface ondul\u00e9e :\u00a0<\/strong>Ces bols \u00e0 tremper en c\u00e9ramique ont une surface ondul\u00e9e, ce qui donne au produit une texture et un effet visuel uniques, et rehausse le sens de la mode de la table \u00e0 manger.<\/li>\n\n\n\n<li><strong>Choix classique de deux couleurs :<\/strong>\u00a0Notre vaisselle en vrac offre deux couleurs classiques, le noir et le blanc, avec un design simple et moderne, adapt\u00e9 \u00e0 une vari\u00e9t\u00e9 de styles de table et d'occasions, qui peut non seulement mettre en valeur le temp\u00e9rament \u00e9l\u00e9gant, mais aussi \u00eatre polyvalent avec une vari\u00e9t\u00e9 de combinaisons d'articles de table.<\/li>\n\n\n\n<li><strong>Convient \u00e0 une utilisation polyvalente :\u00a0<\/strong>Nos petits bols \u00e0 tremper en c\u00e9ramique conviennent parfaitement pour contenir des sauces, des assaisonnements, des trempettes ou de petites portions d'aliments. Ils conviennent \u00e0 une vari\u00e9t\u00e9 d'occasions telles que la maison, les restaurants et les banquets, et sont pratiques et commodes.<\/li>\n\n\n\n<li><strong>Mat\u00e9riau c\u00e9ramique de haute qualit\u00e9 :\u00a0<\/strong>Ces petits plats en vrac sont fabriqu\u00e9s en c\u00e9ramique durable de haute qualit\u00e9, avec une surface lisse et facile \u00e0 nettoyer, une forte r\u00e9sistance \u00e0 la chaleur, une utilisation au micro-ondes et au lave-vaisselle, et s'adaptent aux besoins de la vie quotidienne.<\/li>\n<\/ul>\n<\/div>\n\n\n\n<div class=\"wp-block-column is-layout-flow wp-block-column-is-layout-flow\">\n<figure class=\"wp-block-image size-full\"><img decoding=\"async\" width=\"800\" height=\"800\" src=\"https:\/\/www.linkceramics.com\/wp-content\/uploads\/2024\/12\/Ceramic-Dip-Bowls-Wholesale-Small-Dishes-Bulk-For-Sauces-1.webp\" alt=\"Ceramic-Dip-Bowls-Wholesale-Small-Dishes-Bulk-For-Sauces-1\" class=\"wp-image-974\" srcset=\"https:\/\/www.linkceramics.com\/wp-content\/uploads\/2024\/12\/Ceramic-Dip-Bowls-Wholesale-Small-Dishes-Bulk-For-Sauces-1.webp 800w, https:\/\/www.linkceramics.com\/wp-content\/uploads\/2024\/12\/Ceramic-Dip-Bowls-Wholesale-Small-Dishes-Bulk-For-Sauces-1-300x300.webp 300w, https:\/\/www.linkceramics.com\/wp-content\/uploads\/2024\/12\/Ceramic-Dip-Bowls-Wholesale-Small-Dishes-Bulk-For-Sauces-1-150x150.webp 150w, https:\/\/www.linkceramics.com\/wp-content\/uploads\/2024\/12\/Ceramic-Dip-Bowls-Wholesale-Small-Dishes-Bulk-For-Sauces-1-768x768.webp 768w, https:\/\/www.linkceramics.com\/wp-content\/uploads\/2024\/12\/Ceramic-Dip-Bowls-Wholesale-Small-Dishes-Bulk-For-Sauces-1-600x600.webp 600w, https:\/\/www.linkceramics.com\/wp-content\/uploads\/2024\/12\/Ceramic-Dip-Bowls-Wholesale-Small-Dishes-Bulk-For-Sauces-1-100x100.webp 100w\" sizes=\"(max-width: 800px) 100vw, 800px\" \/><\/figure>\n<\/div>\n<\/div>","protected":false},"excerpt":{"rendered":"<p>Nous vous invitons \u00e0 acheter des petits plats en c\u00e9ramique en gros. Nos bols \u00e0 tremper en c\u00e9ramique adoptent un design de surface ondul\u00e9 et offrent deux options de couleurs classiques, noir et blanc, qui sont \u00e0 la fois \u00e9l\u00e9gantes et pratiques. Ils conviennent \u00e0 une vari\u00e9t\u00e9 d'assaisonnements et de sauces, sont durables et faciles \u00e0 nettoyer, et constituent un choix id\u00e9al pour les lieux de restauration et les cuisines domestiques.<\/p>\n<h2>Bols \u00e0 tremper en c\u00e9ramique Param\u00e8tres<\/h2>\n<table border=\"0\" width=\"309\" cellspacing=\"0\" cellpadding=\"0\">\n<tbody>\n<tr>\n<td width=\"120\" height=\"17\">Fabricant<\/td>\n<td width=\"189\">Yongjian<\/td>\n<\/tr>\n<tr>\n<td height=\"18\">Num\u00e9ro de mod\u00e8le<\/td>\n<td width=\"189\">YJ-027<\/td>\n<\/tr>\n<tr>\n<td height=\"17\">Type de produit<\/td>\n<td>Petit plat<\/td>\n<\/tr>\n<tr>\n<td height=\"17\">Mat\u00e9riau<\/td>\n<td>Porcelaine<\/td>\n<\/tr>\n<tr>\n<td height=\"17\">Couleur<\/td>\n<td>Blanc\/ Noir<\/td>\n<\/tr>\n<tr>\n<td height=\"17\">Dimension<\/td>\n<td>9.5*9.5*3<\/td>\n<\/tr>\n<tr>\n<td height=\"17\">MOQ<\/td>\n<td>500pcs<\/td>\n<\/tr>\n<tr>\n<td height=\"17\">Sur mesure<\/td>\n<td>Couleur\/Taille\/Logo\/Emballage<\/td>\n<\/tr>\n<\/tbody>\n<\/table>","protected":false},"featured_media":975,"comment_status":"open","ping_status":"closed","template":"","meta":{"_acf_changed":true},"certification":[63,64,66,58,65,61,60,62,57],"product_brand":[],"product_cat":[34,18],"product_tag":[],"class_list":{"0":"post-973","1":"product","2":"type-product","3":"status-publish","4":"has-post-thumbnail","6":"certification-amfori","7":"certification-bsci","8":"certification-cnas","9":"certification-fda","10":"certification-iaf","11":"certification-iso-14001","12":"certification-iso-45001","13":"certification-iso-9001","14":"certification-lfgb","15":"product_cat-custom-household-ceramics","16":"product_cat-ceramic-tableware-wholesale","18":"first","19":"instock","20":"shipping-taxable","21":"product-type-simple"},"acf":[],"_links":{"self":[{"href":"https:\/\/www.linkceramics.com\/fr\/wp-json\/wp\/v2\/product\/973","targetHints":{"allow":["GET"]}}],"collection":[{"href":"https:\/\/www.linkceramics.com\/fr\/wp-json\/wp\/v2\/product"}],"about":[{"href":"https:\/\/www.linkceramics.com\/fr\/wp-json\/wp\/v2\/types\/product"}],"replies":[{"embeddable":true,"href":"https:\/\/www.linkceramics.com\/fr\/wp-json\/wp\/v2\/comments?post=973"}],"wp:featuredmedia":[{"embeddable":true,"href":"https:\/\/www.linkceramics.com\/fr\/wp-json\/wp\/v2\/media\/975"}],"wp:attachment":[{"href":"https:\/\/www.linkceramics.com\/fr\/wp-json\/wp\/v2\/media?parent=973"}],"wp:term":[{"taxonomy":"certification","embeddable":true,"href":"https:\/\/www.linkceramics.com\/fr\/wp-json\/wp\/v2\/certification?post=973"},{"taxonomy":"product_brand","embeddable":true,"href":"https:\/\/www.linkceramics.com\/fr\/wp-json\/wp\/v2\/product_brand?post=973"},{"taxonomy":"product_cat","embeddable":true,"href":"https:\/\/www.linkceramics.com\/fr\/wp-json\/wp\/v2\/product_cat?post=973"},{"taxonomy":"product_tag","embeddable":true,"href":"https:\/\/www.linkceramics.com\/fr\/wp-json\/wp\/v2\/product_tag?post=973"}],"curies":[{"name":"wp","href":"https:\/\/api.w.org\/{rel}","templated":true}]}}