{"id":984,"date":"2024-12-10T03:11:11","date_gmt":"2024-12-10T03:11:11","guid":{"rendered":"https:\/\/www.linkceramics.com\/?post_type=product&#038;p=984"},"modified":"2024-12-10T03:11:12","modified_gmt":"2024-12-10T03:11:12","slug":"wholesale-small-bowls","status":"publish","type":"product","link":"https:\/\/www.linkceramics.com\/fr\/product\/wholesale-small-bowls\/","title":{"rendered":"4.5-Inch Wholesale Small Bowls, Rock Texture Design Round Bowls"},"content":{"rendered":"<div class=\"wp-block-columns is-layout-flex wp-container-core-columns-is-layout-9d6595d7 wp-block-columns-is-layout-flex\">\n<div class=\"wp-block-column is-layout-flow wp-block-column-is-layout-flow\">\n<h3 class=\"wp-block-heading\">Petits bols en gros de premi\u00e8re qualit\u00e9 Caract\u00e9ristiques :<\/h3>\n\n\n\n<ul class=\"wp-block-list\">\n<li><strong>Simple et \u00e9l\u00e9gant :\u00a0<\/strong>Ces petits bols en gros sont con\u00e7us avec une texture rocheuse unique, donnant aux gens une texture naturelle et moderne, tr\u00e8s d\u00e9corative et adapt\u00e9e pour am\u00e9liorer le style g\u00e9n\u00e9ral de la table \u00e0 manger.<\/li>\n\n\n\n<li><strong>Petit mod\u00e8le rond :\u00a0<\/strong>Le design de ces bols \u00e0 riz ronds en vrac convient pour contenir des sauces, des desserts, des amuse-gueules et d'autres en-cas. Ils sont \u00e9galement faciles \u00e0 placer et \u00e0 ranger et conviennent \u00e0 une vari\u00e9t\u00e9 de sc\u00e8nes \u00e0 la maison ou au restaurant.<\/li>\n\n\n\n<li><strong>Robuste et durable :<\/strong>\u00a0S\u00e9lectionn\u00e9s dans des mat\u00e9riaux c\u00e9ramiques de haute qualit\u00e9, nos petits bols en gros sont cuits \u00e0 haute temp\u00e9rature, ont une forte r\u00e9sistance \u00e0 l'usure et \u00e0 la chaleur, garantissent l'utilisation \u00e0 long terme des bols, sont faciles \u00e0 nettoyer et n'absorbent pas facilement les odeurs.<\/li>\n\n\n\n<li><strong>Approvisionnement en vrac :\u00a0<\/strong>Fournir des services d'achat en vrac de bols de riz pour l'industrie de la restauration et les d\u00e9taillants, avec des prix de gros raisonnables pour aider \u00e0 r\u00e9duire les co\u00fbts et \u00e0 r\u00e9pondre aux divers besoins de la restauration.<\/li>\n<\/ul>\n<\/div>\n\n\n\n<div class=\"wp-block-column is-layout-flow wp-block-column-is-layout-flow\">\n<figure class=\"wp-block-image size-full\"><img decoding=\"async\" width=\"800\" height=\"800\" src=\"https:\/\/www.linkceramics.com\/wp-content\/uploads\/2024\/12\/Wholesale-Small-Bowls-Rock-Texture-Design-Round-Bowls-6.webp\" alt=\"Grossiste-Petits-Bols-Rock-Texture-Design-Bouleaux-Ronds-6\" class=\"wp-image-989\" srcset=\"https:\/\/www.linkceramics.com\/wp-content\/uploads\/2024\/12\/Wholesale-Small-Bowls-Rock-Texture-Design-Round-Bowls-6.webp 800w, https:\/\/www.linkceramics.com\/wp-content\/uploads\/2024\/12\/Wholesale-Small-Bowls-Rock-Texture-Design-Round-Bowls-6-300x300.webp 300w, https:\/\/www.linkceramics.com\/wp-content\/uploads\/2024\/12\/Wholesale-Small-Bowls-Rock-Texture-Design-Round-Bowls-6-150x150.webp 150w, https:\/\/www.linkceramics.com\/wp-content\/uploads\/2024\/12\/Wholesale-Small-Bowls-Rock-Texture-Design-Round-Bowls-6-768x768.webp 768w, https:\/\/www.linkceramics.com\/wp-content\/uploads\/2024\/12\/Wholesale-Small-Bowls-Rock-Texture-Design-Round-Bowls-6-600x600.webp 600w, https:\/\/www.linkceramics.com\/wp-content\/uploads\/2024\/12\/Wholesale-Small-Bowls-Rock-Texture-Design-Round-Bowls-6-100x100.webp 100w\" sizes=\"(max-width: 800px) 100vw, 800px\" \/><\/figure>\n<\/div>\n<\/div>","protected":false},"excerpt":{"rendered":"<p>Nous vous invitons \u00e0 acheter des petits bols en c\u00e9ramique en gros. Ces petits bols en gros avec un design de texture rocheuse sont \u00e9l\u00e9gants, beaux et pratiques. Ils conviennent \u00e0 une vari\u00e9t\u00e9 d'objectifs de restauration et sont un choix rentable pour les achats en vrac.\u00a0<\/p>\n<h2>Param\u00e8tres des petits bols<\/h2>\n<table border=\"0\" width=\"309\" cellspacing=\"0\" cellpadding=\"0\">\n<tbody>\n<tr>\n<td class=\"et3\" width=\"120\" height=\"17\">Fabricant<\/td>\n<td class=\"et3\" width=\"189\">Yongjian<\/td>\n<\/tr>\n<tr>\n<td class=\"et3\" height=\"18\">Num\u00e9ro de mod\u00e8le<\/td>\n<td class=\"et4\" width=\"189\">YJ-029<\/td>\n<\/tr>\n<tr>\n<td class=\"et3\" height=\"17\">Type de produit<\/td>\n<td class=\"et3\">Bol de riz<\/td>\n<\/tr>\n<tr>\n<td class=\"et3\" height=\"17\">Mat\u00e9riau<\/td>\n<td class=\"et3\">Porcelaine<\/td>\n<\/tr>\n<tr>\n<td class=\"et5\" height=\"17\">Couleur<\/td>\n<td class=\"et3\">Blanc\/ Noir<\/td>\n<\/tr>\n<tr>\n<td class=\"et3\" height=\"18\">Dimension<\/td>\n<td class=\"et6\" width=\"189\">11.2*11.2*5.7\uff0c320ml<\/td>\n<\/tr>\n<tr>\n<td class=\"et3\" height=\"17\">MOQ<\/td>\n<td class=\"et3\">500pcs<\/td>\n<\/tr>\n<tr>\n<td class=\"et3\" height=\"17\">Sur mesure<\/td>\n<td class=\"et3\">Couleur\/Taille\/Logo\/Emballage<\/td>\n<\/tr>\n<\/tbody>\n<\/table>\n<p>&nbsp;<\/p>","protected":false},"featured_media":988,"comment_status":"open","ping_status":"closed","template":"","meta":{"_acf_changed":true},"certification":[63,64,66,58,65,61,60,62,57],"product_brand":[],"product_cat":[34,18],"product_tag":[],"class_list":{"0":"post-984","1":"product","2":"type-product","3":"status-publish","4":"has-post-thumbnail","6":"certification-amfori","7":"certification-bsci","8":"certification-cnas","9":"certification-fda","10":"certification-iaf","11":"certification-iso-14001","12":"certification-iso-45001","13":"certification-iso-9001","14":"certification-lfgb","15":"product_cat-custom-household-ceramics","16":"product_cat-ceramic-tableware-wholesale","18":"first","19":"instock","20":"shipping-taxable","21":"product-type-simple"},"acf":[],"_links":{"self":[{"href":"https:\/\/www.linkceramics.com\/fr\/wp-json\/wp\/v2\/product\/984","targetHints":{"allow":["GET"]}}],"collection":[{"href":"https:\/\/www.linkceramics.com\/fr\/wp-json\/wp\/v2\/product"}],"about":[{"href":"https:\/\/www.linkceramics.com\/fr\/wp-json\/wp\/v2\/types\/product"}],"replies":[{"embeddable":true,"href":"https:\/\/www.linkceramics.com\/fr\/wp-json\/wp\/v2\/comments?post=984"}],"wp:featuredmedia":[{"embeddable":true,"href":"https:\/\/www.linkceramics.com\/fr\/wp-json\/wp\/v2\/media\/988"}],"wp:attachment":[{"href":"https:\/\/www.linkceramics.com\/fr\/wp-json\/wp\/v2\/media?parent=984"}],"wp:term":[{"taxonomy":"certification","embeddable":true,"href":"https:\/\/www.linkceramics.com\/fr\/wp-json\/wp\/v2\/certification?post=984"},{"taxonomy":"product_brand","embeddable":true,"href":"https:\/\/www.linkceramics.com\/fr\/wp-json\/wp\/v2\/product_brand?post=984"},{"taxonomy":"product_cat","embeddable":true,"href":"https:\/\/www.linkceramics.com\/fr\/wp-json\/wp\/v2\/product_cat?post=984"},{"taxonomy":"product_tag","embeddable":true,"href":"https:\/\/www.linkceramics.com\/fr\/wp-json\/wp\/v2\/product_tag?post=984"}],"curies":[{"name":"wp","href":"https:\/\/api.w.org\/{rel}","templated":true}]}}